{"id":10098,"date":"2021-09-14T12:11:57","date_gmt":"2021-09-14T10:11:57","guid":{"rendered":"https:\/\/gestaltcatalunya.com\/girona\/?page_id=10098"},"modified":"2025-11-04T13:55:13","modified_gmt":"2025-11-04T12:55:13","slug":"entrevistes","status":"publish","type":"page","link":"https:\/\/www.gestaltkairos.com\/es\/entrevistes\/","title":{"rendered":"Entrevistes"},"content":{"rendered":"<div data-elementor-type=\"wp-page\" data-elementor-id=\"10098\" class=\"elementor elementor-10098\" data-elementor-post-type=\"page\">\n\t\t\t\t\t\t<section class=\"elementor-section elementor-top-section elementor-element elementor-element-99a1011 elementor-section-content-middle elementor-reverse-mobile elementor-section-height-min-height elementor-section-items-stretch elementor-section-boxed elementor-section-height-default\" data-id=\"99a1011\" data-element_type=\"section\" data-e-type=\"section\" data-settings=\"{&quot;background_background&quot;:&quot;gradient&quot;,&quot;shape_divider_bottom&quot;:&quot;mountains&quot;}\">\n\t\t\t\t\t\t\t<div class=\"elementor-background-overlay\"><\/div>\n\t\t\t\t\t\t<div class=\"elementor-shape elementor-shape-bottom\" aria-hidden=\"true\" data-negative=\"false\">\n\t\t\t<svg xmlns=\"http:\/\/www.w3.org\/2000\/svg\" viewbox=\"0 0 1000 100\" preserveaspectratio=\"none\">\n\t<path class=\"elementor-shape-fill\" opacity=\"0.33\" d=\"M473,67.3c-203.9,88.3-263.1-34-320.3,0C66,119.1,0,59.7,0,59.7V0h1000v59.7 c0,0-62.1,26.1-94.9,29.3c-32.8,3.3-62.8-12.3-75.8-22.1C806,49.6,745.3,8.7,694.9,4.7S492.4,59,473,67.3z\"\/>\n\t<path class=\"elementor-shape-fill\" opacity=\"0.66\" d=\"M734,67.3c-45.5,0-77.2-23.2-129.1-39.1c-28.6-8.7-150.3-10.1-254,39.1 s-91.7-34.4-149.2,0C115.7,118.3,0,39.8,0,39.8V0h1000v36.5c0,0-28.2-18.5-92.1-18.5C810.2,18.1,775.7,67.3,734,67.3z\"\/>\n\t<path class=\"elementor-shape-fill\" d=\"M766.1,28.9c-200-57.5-266,65.5-395.1,19.5C242,1.8,242,5.4,184.8,20.6C128,35.8,132.3,44.9,89.9,52.5C28.6,63.7,0,0,0,0 h1000c0,0-9.9,40.9-83.6,48.1S829.6,47,766.1,28.9z\"\/>\n<\/svg>\t\t<\/div>\n\t\t\t\t\t<div class=\"elementor-container elementor-column-gap-no\">\n\t\t\t\t\t<div class=\"elementor-column elementor-col-100 elementor-top-column elementor-element elementor-element-abac20a ot-column-items-center ot-flex-column-vertical\" data-id=\"abac20a\" data-element_type=\"column\" data-e-type=\"column\">\n\t\t\t<div class=\"elementor-widget-wrap elementor-element-populated\">\n\t\t\t\t\t\t<div class=\"elementor-element elementor-element-bfab311 elementor-widget elementor-widget-iheading\" data-id=\"bfab311\" data-element_type=\"widget\" data-e-type=\"widget\" data-widget_type=\"iheading.default\">\n\t\t\t\t<div class=\"elementor-widget-container\">\n\t\t\t\t\t\t\t<div class=\"ot-heading center-align\">\n\t\t\t\n\t\t\t\t\n\n\t        \t            <h5 class=\"sub-heading\"><span>gestalt kairos<\/span><\/h5>\n\t         \n\n\t        \t        \t<h1 class=\"main-heading\">Entrevistes sobre gestalt<\/h1>\n\t        \t    <\/div>\n\t    \t\t\t\t<\/div>\n\t\t\t\t<\/div>\n\t\t\t\t\t<\/div>\n\t\t<\/div>\n\t\t\t\t\t<\/div>\n\t\t<\/section>\n\t\t\t\t<section class=\"elementor-section elementor-top-section elementor-element elementor-element-bc748b7 elementor-section-boxed elementor-section-height-default elementor-section-height-default\" data-id=\"bc748b7\" data-element_type=\"section\" data-e-type=\"section\">\n\t\t\t\t\t\t<div class=\"elementor-container elementor-column-gap-default\">\n\t\t\t\t\t<div class=\"elementor-column elementor-col-50 elementor-top-column elementor-element elementor-element-6ac09ba ot-flex-column-vertical\" data-id=\"6ac09ba\" data-element_type=\"column\" data-e-type=\"column\">\n\t\t\t<div class=\"elementor-widget-wrap elementor-element-populated\">\n\t\t\t\t\t\t<div class=\"elementor-element elementor-element-330f2a0 elementor-widget elementor-widget-iservice_box2\" data-id=\"330f2a0\" data-element_type=\"widget\" data-e-type=\"widget\" data-widget_type=\"iservice_box2.default\">\n\t\t\t\t<div class=\"elementor-widget-container\">\n\t\t\t\t\t\n\t\t\n\t\t<div class=\"service-box-2 elementor-animation-\">\n\t        <div class=\"content-box\">\n\t            <h5 class=\"service-box-title\">Nadal i Gestalt: \"El contrast entre la fantasia i la realitat\"<\/h5>\n\t            <p><\/p>\n\t        <\/div>\n\t\t\t<a href=\"https:\/\/www.gestaltkairos.com\/es\/gestalt-i-nadal\/\" class=\"octf-btn octf-btn-secondary octf-btn-icon\">VEURE <i class=\"flaticon-right-arrow-1\"><\/i><\/a>\n\t    <\/div>\n\n\t    \t\t\t\t<\/div>\n\t\t\t\t<\/div>\n\t\t\t\t<div class=\"elementor-element elementor-element-e86f8c5 elementor-widget elementor-widget-iservice_box2\" data-id=\"e86f8c5\" data-element_type=\"widget\" data-e-type=\"widget\" data-widget_type=\"iservice_box2.default\">\n\t\t\t\t<div class=\"elementor-widget-container\">\n\t\t\t\t\t\n\t\t\n\t\t<div class=\"service-box-2 elementor-animation-\">\n\t        <div class=\"content-box\">\n\t            <h5 class=\"service-box-title\">Entrevista a Helena Bellod, <br>Directora de l'Escola Gestalt Kairos<\/h5>\n\t            <p><\/p>\n\t        <\/div>\n\t\t\t<a href=\"https:\/\/www.gestaltkairos.com\/es\/entrevista-a-helena-bellod\/\" class=\"octf-btn octf-btn-secondary octf-btn-icon\">VEURE <i class=\"flaticon-right-arrow-1\"><\/i><\/a>\n\t    <\/div>\n\n\t    \t\t\t\t<\/div>\n\t\t\t\t<\/div>\n\t\t\t\t<div class=\"elementor-element elementor-element-708ebf1 elementor-widget elementor-widget-iservice_box2\" data-id=\"708ebf1\" data-element_type=\"widget\" data-e-type=\"widget\" data-widget_type=\"iservice_box2.default\">\n\t\t\t\t<div class=\"elementor-widget-container\">\n\t\t\t\t\t\n\t\t\n\t\t<div class=\"service-box-2 elementor-animation-\">\n\t        <div class=\"content-box\">\n\t            <h5 class=\"service-box-title\">Conceptes gest\u00e0ltics.  Entrevista a Helena Bellod.<\/h5>\n\t            <p> <\/p>\n\t        <\/div>\n\t\t\t<a href=\"https:\/\/www.gestaltkairos.com\/es\/conceptes-gestaltics-entrevista-a-helena-bellod\/\" class=\"octf-btn octf-btn-secondary octf-btn-icon\">VEURE <i class=\"flaticon-right-arrow-1\"><\/i><\/a>\n\t    <\/div>\n\n\t    \t\t\t\t<\/div>\n\t\t\t\t<\/div>\n\t\t\t\t\t<\/div>\n\t\t<\/div>\n\t\t\t\t<div class=\"elementor-column elementor-col-50 elementor-top-column elementor-element elementor-element-7051e79 ot-flex-column-vertical\" data-id=\"7051e79\" data-element_type=\"column\" data-e-type=\"column\">\n\t\t\t<div class=\"elementor-widget-wrap elementor-element-populated\">\n\t\t\t\t\t\t<div class=\"elementor-element elementor-element-fb52072 elementor-widget elementor-widget-iservice_box2\" data-id=\"fb52072\" data-element_type=\"widget\" data-e-type=\"widget\" data-widget_type=\"iservice_box2.default\">\n\t\t\t\t<div class=\"elementor-widget-container\">\n\t\t\t\t\t\n\t\t\n\t\t<div class=\"service-box-2 elementor-animation-\">\n\t        <div class=\"content-box\">\n\t            <h5 class=\"service-box-title\">Formaci\u00f3 en Ter\u00e0pia Gestalt. Entrevista a Helena Bellod<\/h5>\n\t            <p><\/p>\n\t        <\/div>\n\t\t\t<a href=\"https:\/\/www.gestaltkairos.com\/es\/formacio-en-terapia-gestalt-entrevista-a-helena-bellod\/\" class=\"octf-btn octf-btn-secondary octf-btn-icon\">VEURE <i class=\"flaticon-right-arrow-1\"><\/i><\/a>\n\t    <\/div>\n\n\t    \t\t\t\t<\/div>\n\t\t\t\t<\/div>\n\t\t\t\t<div class=\"elementor-element elementor-element-8982e71 elementor-widget elementor-widget-iservice_box2\" data-id=\"8982e71\" data-element_type=\"widget\" data-e-type=\"widget\" data-widget_type=\"iservice_box2.default\">\n\t\t\t\t<div class=\"elementor-widget-container\">\n\t\t\t\t\t\n\t\t\n\t\t<div class=\"service-box-2 elementor-animation-\">\n\t        <div class=\"content-box\">\n\t            <h5 class=\"service-box-title\">Confinament i Gestalt: \"Hi ha una part de nosaltres que no tornar\u00e0 a ser igual\".<\/h5>\n\t            <p><\/p>\n\t        <\/div>\n\t\t\t<a href=\"https:\/\/www.gestaltkairos.com\/es\/confinament-i-gestalt\/\" class=\"octf-btn octf-btn-secondary octf-btn-icon\">VEURE <i class=\"flaticon-right-arrow-1\"><\/i><\/a>\n\t    <\/div>\n\n\t    \t\t\t\t<\/div>\n\t\t\t\t<\/div>\n\t\t\t\t<div class=\"elementor-element elementor-element-878f801 elementor-hidden-desktop elementor-hidden-tablet elementor-hidden-mobile elementor-widget elementor-widget-iservice_box2\" data-id=\"878f801\" data-element_type=\"widget\" data-e-type=\"widget\" data-widget_type=\"iservice_box2.default\">\n\t\t\t\t<div class=\"elementor-widget-container\">\n\t\t\t\t\t\n\t\t\n\t\t<div class=\"service-box-2 elementor-animation-\">\n\t        <div class=\"content-box\">\n\t            <h5 class=\"service-box-title\">El perqu\u00e8 de Gestalt Kairos<\/h5>\n\t            <p><\/p>\n\t        <\/div>\n\t\t\t<a href=\"https:\/\/www.gestaltkairos.com\/es\/confinament-i-gestalt\/\" class=\"octf-btn octf-btn-secondary octf-btn-icon\">VEURE <i class=\"flaticon-right-arrow-1\"><\/i><\/a>\n\t    <\/div>\n\n\t    \t\t\t\t<\/div>\n\t\t\t\t<\/div>\n\t\t\t\t\t<\/div>\n\t\t<\/div>\n\t\t\t\t\t<\/div>\n\t\t<\/section>\n\t\t\t\t<\/div>","protected":false},"excerpt":{"rendered":"<p>gestalt kairos Entrevistes sobre gestalt Nadal i Gestalt: &#8220;El contrast entre la fantasia i la realitat&#8221; VEURE Entrevista a Helena Bellod, Directora de l&#8217;Escola Gestalt Kairos VEURE Conceptes gest\u00e0ltics. Entrevista a Helena Bellod. VEURE Formaci\u00f3 en Ter\u00e0pia Gestalt. Entrevista a Helena Bellod VEURE Confinament i Gestalt: &#8220;Hi ha una part de nosaltres que no tornar\u00e0 [&hellip;]<\/p>\n","protected":false},"author":1,"featured_media":0,"parent":0,"menu_order":0,"comment_status":"closed","ping_status":"closed","template":"","meta":{"footnotes":""},"class_list":["post-10098","page","type-page","status-publish","hentry"],"_links":{"self":[{"href":"https:\/\/www.gestaltkairos.com\/es\/wp-json\/wp\/v2\/pages\/10098","targetHints":{"allow":["GET"]}}],"collection":[{"href":"https:\/\/www.gestaltkairos.com\/es\/wp-json\/wp\/v2\/pages"}],"about":[{"href":"https:\/\/www.gestaltkairos.com\/es\/wp-json\/wp\/v2\/types\/page"}],"author":[{"embeddable":true,"href":"https:\/\/www.gestaltkairos.com\/es\/wp-json\/wp\/v2\/users\/1"}],"replies":[{"embeddable":true,"href":"https:\/\/www.gestaltkairos.com\/es\/wp-json\/wp\/v2\/comments?post=10098"}],"version-history":[{"count":52,"href":"https:\/\/www.gestaltkairos.com\/es\/wp-json\/wp\/v2\/pages\/10098\/revisions"}],"predecessor-version":[{"id":30542,"href":"https:\/\/www.gestaltkairos.com\/es\/wp-json\/wp\/v2\/pages\/10098\/revisions\/30542"}],"wp:attachment":[{"href":"https:\/\/www.gestaltkairos.com\/es\/wp-json\/wp\/v2\/media?parent=10098"}],"curies":[{"name":"wp","href":"https:\/\/api.w.org\/{rel}","templated":true}]}}