{"id":10114,"date":"2021-09-14T12:29:02","date_gmt":"2021-09-14T10:29:02","guid":{"rendered":"https:\/\/gestaltcatalunya.com\/girona\/?page_id=10114"},"modified":"2026-04-08T14:07:16","modified_gmt":"2026-04-08T12:07:16","slug":"formacio-en-terapia-gestalt-entrevista-a-helena-bellod","status":"publish","type":"page","link":"https:\/\/www.gestaltkairos.com\/es\/formacio-en-terapia-gestalt-entrevista-a-helena-bellod\/","title":{"rendered":"Formaci\u00f3 en ter\u00e0pia Gestalt. Entrevista a Helena Bellod"},"content":{"rendered":"<div data-elementor-type=\"wp-page\" data-elementor-id=\"10114\" class=\"elementor elementor-10114\" data-elementor-post-type=\"page\">\n\t\t\t\t\t\t<section class=\"elementor-section elementor-top-section elementor-element elementor-element-949d4cc elementor-section-content-middle elementor-reverse-mobile elementor-section-height-min-height elementor-section-items-stretch elementor-section-boxed elementor-section-height-default\" data-id=\"949d4cc\" data-element_type=\"section\" data-e-type=\"section\" data-settings=\"{&quot;background_background&quot;:&quot;gradient&quot;,&quot;shape_divider_bottom&quot;:&quot;mountains&quot;}\">\n\t\t\t\t\t\t\t<div class=\"elementor-background-overlay\"><\/div>\n\t\t\t\t\t\t<div class=\"elementor-shape elementor-shape-bottom\" aria-hidden=\"true\" data-negative=\"false\">\n\t\t\t<svg xmlns=\"http:\/\/www.w3.org\/2000\/svg\" viewbox=\"0 0 1000 100\" preserveaspectratio=\"none\">\n\t<path class=\"elementor-shape-fill\" opacity=\"0.33\" d=\"M473,67.3c-203.9,88.3-263.1-34-320.3,0C66,119.1,0,59.7,0,59.7V0h1000v59.7 c0,0-62.1,26.1-94.9,29.3c-32.8,3.3-62.8-12.3-75.8-22.1C806,49.6,745.3,8.7,694.9,4.7S492.4,59,473,67.3z\"\/>\n\t<path class=\"elementor-shape-fill\" opacity=\"0.66\" d=\"M734,67.3c-45.5,0-77.2-23.2-129.1-39.1c-28.6-8.7-150.3-10.1-254,39.1 s-91.7-34.4-149.2,0C115.7,118.3,0,39.8,0,39.8V0h1000v36.5c0,0-28.2-18.5-92.1-18.5C810.2,18.1,775.7,67.3,734,67.3z\"\/>\n\t<path class=\"elementor-shape-fill\" d=\"M766.1,28.9c-200-57.5-266,65.5-395.1,19.5C242,1.8,242,5.4,184.8,20.6C128,35.8,132.3,44.9,89.9,52.5C28.6,63.7,0,0,0,0 h1000c0,0-9.9,40.9-83.6,48.1S829.6,47,766.1,28.9z\"\/>\n<\/svg>\t\t<\/div>\n\t\t\t\t\t<div class=\"elementor-container elementor-column-gap-no\">\n\t\t\t\t\t<div class=\"elementor-column elementor-col-100 elementor-top-column elementor-element elementor-element-838fa42 ot-flex-column-vertical\" data-id=\"838fa42\" data-element_type=\"column\" data-e-type=\"column\">\n\t\t\t<div class=\"elementor-widget-wrap elementor-element-populated\">\n\t\t\t\t\t\t<div class=\"elementor-element elementor-element-38285e5 elementor-widget elementor-widget-iheading\" data-id=\"38285e5\" data-element_type=\"widget\" data-e-type=\"widget\" data-widget_type=\"iheading.default\">\n\t\t\t\t<div class=\"elementor-widget-container\">\n\t\t\t\t\t\t\t<div class=\"ot-heading center-align\">\n\t\t\t\n\t\t\t\t\n\n\t        \t            <h5 class=\"sub-heading\"><span>Entrevistes a l'equip<\/span><\/h5>\n\t         \n\n\t        \t        \t<h1 class=\"main-heading\">Entrevistes<\/h1>\n\t        \t    <\/div>\n\t    \t\t\t\t<\/div>\n\t\t\t\t<\/div>\n\t\t\t\t\t<\/div>\n\t\t<\/div>\n\t\t\t\t\t<\/div>\n\t\t<\/section>\n\t\t\t\t<section class=\"elementor-section elementor-top-section elementor-element elementor-element-6a43d4c elementor-section-boxed elementor-section-height-default elementor-section-height-default\" data-id=\"6a43d4c\" data-element_type=\"section\" data-e-type=\"section\">\n\t\t\t\t\t\t<div class=\"elementor-container elementor-column-gap-default\">\n\t\t\t\t\t<div class=\"elementor-column elementor-col-100 elementor-top-column elementor-element elementor-element-53f69a9 ot-flex-column-vertical\" data-id=\"53f69a9\" data-element_type=\"column\" data-e-type=\"column\">\n\t\t\t<div class=\"elementor-widget-wrap elementor-element-populated\">\n\t\t\t\t\t\t<div class=\"elementor-element elementor-element-acd268d elementor-widget elementor-widget-iheading\" data-id=\"acd268d\" data-element_type=\"widget\" data-e-type=\"widget\" data-widget_type=\"iheading.default\">\n\t\t\t\t<div class=\"elementor-widget-container\">\n\t\t\t\t\t\t\t<div class=\"ot-heading left-align\">\n\t\t\t\n\t\t\t\t\n\n\t        \t            <h6 class=\"sub-heading\"><span>entrevistes<\/span><\/h6>\n\t         \n\n\t        \t        \t<h2 class=\"main-heading\">Entrevistes sobre la formaci\u00f3 en ter\u00e0pia Gestalt. Entrevista a Helena Bellod<\/h2>\n\t        \t    <\/div>\n\t    \t\t\t\t<\/div>\n\t\t\t\t<\/div>\n\t\t\t\t<div class=\"elementor-element elementor-element-90dbd95 elementor-widget elementor-widget-text-editor\" data-id=\"90dbd95\" data-element_type=\"widget\" data-e-type=\"widget\" data-widget_type=\"text-editor.default\">\n\t\t\t\t<div class=\"elementor-widget-container\">\n\t\t\t\t\t\t\t\t\t<p>Entrevista a Helena Bellod, Psic\u00f2loga Sanit\u00e0ria i Terapeuta Gestalt. Membre titular, supervisor i didacta de la AETG. Directora de Gestalt Kairos i de Psicoter\u00e0pia i Formaci\u00f3 Girona.<\/p>\t\t\t\t\t\t\t\t<\/div>\n\t\t\t\t<\/div>\n\t\t\t\t\t<\/div>\n\t\t<\/div>\n\t\t\t\t\t<\/div>\n\t\t<\/section>\n\t\t\t\t<section class=\"elementor-section elementor-top-section elementor-element elementor-element-09878a5 elementor-section-boxed elementor-section-height-default elementor-section-height-default\" data-id=\"09878a5\" data-element_type=\"section\" data-e-type=\"section\">\n\t\t\t\t\t\t<div class=\"elementor-container elementor-column-gap-default\">\n\t\t\t\t\t<div class=\"elementor-column elementor-col-100 elementor-top-column elementor-element elementor-element-d4c508a ot-flex-column-vertical\" data-id=\"d4c508a\" data-element_type=\"column\" data-e-type=\"column\">\n\t\t\t<div class=\"elementor-widget-wrap elementor-element-populated\">\n\t\t\t\t\t\t<div class=\"elementor-element elementor-element-95c0669 elementor-widget elementor-widget-iheading\" data-id=\"95c0669\" data-element_type=\"widget\" data-e-type=\"widget\" data-widget_type=\"iheading.default\">\n\t\t\t\t<div class=\"elementor-widget-container\">\n\t\t\t\t\t\t\t<div class=\"ot-heading left-align\">\n\t\t\t\n\t\t\t\t\n\n\t         \n\n\t        \t        \t<h4 class=\"main-heading\">Entrevista<\/h4>\n\t        \t    <\/div>\n\t    \t\t\t\t<\/div>\n\t\t\t\t<\/div>\n\t\t\t\t<div class=\"elementor-element elementor-element-3aaca6f elementor-widget elementor-widget-text-editor\" data-id=\"3aaca6f\" data-element_type=\"widget\" data-e-type=\"widget\" data-widget_type=\"text-editor.default\">\n\t\t\t\t<div class=\"elementor-widget-container\">\n\t\t\t\t\t\t\t\t\t<p><strong>1.- La ter\u00e0pia Gestalt se situa en la cru\u00eflla entre la psicoan\u00e0lisi, les ter\u00e0pies psicocorporals, el psicodrama i els enfocaments fenomenol\u00f2gics existencials, ens ho pots explicar aix\u00f2?<\/strong><\/p><p>La Gestalt va n\u00e9ixer de la m\u00e0 de Fritz i Laura Perls. Fritz va ser deixeble de Freud i va reformular la seva teoria dels mecanismes de defensa i la interpretaci\u00f3 dels somnis.<\/p><p>Aquest tamb\u00e9 es va formar amb en Martin Buber que era un te\u00f2ric existencialista amb el que es va centrar amb la relaci\u00f3 Jo-Tu a la que la Gestalt posa \u00e8mfasi. Tamb\u00e9 va rescatar la confian\u00e7a en les potencialitats inherents a l\u2019individu.<\/p><p>Un dels pilars b\u00e0sics de la Gestalt, \u00e9s l\u2019aqu\u00ed i l\u2019ara el qual agafa de la fenomenologia; fent refer\u00e8ncia a lo obvi, a la experi\u00e8ncia immediata i a la consci\u00e8ncia.<\/p><p>Una altre font va ser el psicodrama de Moreno de la qual adopta la idea de dramatitzar les experi\u00e8ncies i els somnis.<\/p><p><strong>2.- Qu\u00e8 \u00e9s la Ter\u00e0pia Gestalt?<\/strong><\/p><p>La Gestalt \u00e9s una ter\u00e0pia humanista i hol\u00edstica. Aquesta s\u2019enfoca principalment en els processos i no en els continguts, la atenci\u00f3 recau al \u201caqu\u00ed i ara\u201d; en el que s\u2019est\u00e0 pensant i sentint, no en el que podria \u201chaver estat\u201d o \u201chauria de ser\u201d. Viure i sentir la realitat. D\u00f3na m\u00e9s import\u00e0ncia al com i al per a qu\u00e8 que al perqu\u00e8.<\/p><p>Aix\u00f2 ho desenvolupa a trav\u00e9s del &#8220;adonar-se&#8221; (awareness), la persona va adquirint m\u00e9s consci\u00e8ncia de les seves accions, \u00e9s ella mateixa la que ha de adonar-se de qu\u00e8 li passa (consciousness). D&#8217;aquesta manera, va desenvolupant la seva habilitat per acceptar-se i poder actuar d&#8217;una manera m\u00e9s lliure, sense respostes que estiguin fixades del passat per bloquejos. De la mateixa manera, la persona va adquirint m\u00e9s autosuport, coneix quins s\u00f3n els seus recursos i eines per viure d&#8217;una manera m\u00e9s sana, i paral\u00b7lelament, adquireix m\u00e9s auto-responsabilitat de com se sent, com pensa i com actua.<\/p><p>La Gestalt creu en l&#8217;auto-regulaci\u00f3 organ\u00edsmica del cos i confia que tot el que desenvolupa la persona \u00e9s per facilitar la seva superviv\u00e8ncia i benestar.<\/p><p>Aquesta no est\u00e0 feta nom\u00e9s per tractar malalties sin\u00f3 tamb\u00e9 per desenvolupar el potencial hum\u00e0.<\/p><p>De la mateixa manera que el cos necessita aliments per nodrir-se i sobreviure, l&#8217;\u00e0nima, les emocions; la persona necessita relacions de qualitat per nodrir-se.<\/p><p><strong>3.- Quin \u00e9s l\u2019objectiu de la Formaci\u00f3 en Ter\u00e0pia Gestalt?<\/strong><\/p><p>Els tres anys de formaci\u00f3 permeten un desenvolupament personal tal que, encara que la vida consti de les mateixes \u201cparts\u201d, la forma de viure es converteix en un tot molt m\u00e9s harm\u00f2nic, responsable i tolerant. L\u2019objectiu de la ter\u00e0pia \u00e9s la satisfacci\u00f3 \u00f2ptima, l&#8217;auto-realitzaci\u00f3 i el creixement de la persona ampliant aix\u00ed la seva consci\u00e8ncia.<\/p><p>Est\u00e0 enfocada a desenvolupar les capacitats com a terapeuta i, aix\u00ed, adquirir la capacitat d\u2019entendre i atendre als altres.<\/p><p><strong>4.- Quina \u00e9s la metodologia de la formaci\u00f3?<\/strong><\/p><p>Els tallers s\u00f3n experiencials i es realitzen treballs en els camps:<\/p><p>\u2022 Te\u00f2rics sobre els principis b\u00e0sics de la Gestalt.<br \/>\u2022 Vivencials, de desenvolupament amb din\u00e0miques grupals.<br \/>\u2022 D\u2019elaboraci\u00f3 de les diferents experi\u00e8ncies.<\/p><p><strong>5.- Quant dura la formaci\u00f3?<\/strong><\/p><p>La formaci\u00f3 en Ter\u00e0pia Gestalt dura tres anys i est\u00e0 avalada per la AETG. En aquest temps, a m\u00e9s de fer un proc\u00e9s de creixement personal profund, desenvolupes t\u00e8cniques i eines per a poder treballar com a terapeuta.<\/p><p><strong>6.- A qui va dirigida aquesta formaci\u00f3?<\/strong><\/p><p>A totes les persones interessades en aprofundir en el seu autoconeixement personal; a professionals de la salut (psic\u00f2legs, psiquiatres&#8230;), a estudiants, a persones relacionades amb la comunicaci\u00f3, el treball social, de recursos humans, d&#8217;empreses&#8230;, a terapeutes; i, en general, a persones de qualsevol \u00e0mbit interessades en ajudar i en desenvolupar un ampli coneixement de si mateixes i dels altres.<\/p>\t\t\t\t\t\t\t\t<\/div>\n\t\t\t\t<\/div>\n\t\t\t\t\t<\/div>\n\t\t<\/div>\n\t\t\t\t\t<\/div>\n\t\t<\/section>\n\t\t\t\t<section class=\"elementor-section elementor-top-section elementor-element elementor-element-047ffb8 elementor-section-boxed elementor-section-height-default elementor-section-height-default\" data-id=\"047ffb8\" data-element_type=\"section\" data-e-type=\"section\">\n\t\t\t\t\t\t<div class=\"elementor-container elementor-column-gap-default\">\n\t\t\t\t\t<div class=\"elementor-column elementor-col-50 elementor-top-column elementor-element elementor-element-d16049f ot-flex-column-vertical\" data-id=\"d16049f\" data-element_type=\"column\" data-e-type=\"column\">\n\t\t\t<div class=\"elementor-widget-wrap\">\n\t\t\t\t\t\t\t<\/div>\n\t\t<\/div>\n\t\t\t\t<div class=\"elementor-column elementor-col-50 elementor-top-column elementor-element elementor-element-df81ce1 ot-flex-column-vertical\" data-id=\"df81ce1\" data-element_type=\"column\" data-e-type=\"column\">\n\t\t\t<div class=\"elementor-widget-wrap elementor-element-populated\">\n\t\t\t\t\t\t<div class=\"elementor-element elementor-element-71c306f elementor-widget elementor-widget-text-editor\" data-id=\"71c306f\" data-element_type=\"widget\" data-e-type=\"widget\" data-widget_type=\"text-editor.default\">\n\t\t\t\t<div class=\"elementor-widget-container\">\n\t\t\t\t\t\t\t\t\t<p>Entrevista a Helena Bellod, Psic\u00f2loga Sanit\u00e0ria i Terapeuta Gestalt. Membre titular, supervisor i didacta de la AETG. Directora de Gestalt Kairos i de Psicoter\u00e0pia i Formaci\u00f3 Girona.<\/p>\t\t\t\t\t\t\t\t<\/div>\n\t\t\t\t<\/div>\n\t\t\t\t<div class=\"elementor-element elementor-element-a632f9b e-grid-align-right elementor-shape-rounded elementor-grid-0 elementor-widget elementor-widget-social-icons\" data-id=\"a632f9b\" data-element_type=\"widget\" data-e-type=\"widget\" data-widget_type=\"social-icons.default\">\n\t\t\t\t<div class=\"elementor-widget-container\">\n\t\t\t\t\t\t\t<div class=\"elementor-social-icons-wrapper elementor-grid\" role=\"list\">\n\t\t\t\t\t\t\t<span class=\"elementor-grid-item\" role=\"listitem\">\n\t\t\t\t\t<a class=\"elementor-icon elementor-social-icon elementor-social-icon-instagram elementor-repeater-item-13c8ff1\" href=\"https:\/\/www.instagram.com\/escolagestaltcatalunyagirona\/\" target=\"_blank\" rel=\"noopener\">\n\t\t\t\t\t\t<span class=\"elementor-screen-only\">Instagram<\/span>\n\t\t\t\t\t\t<i aria-hidden=\"true\" class=\"fab fa-instagram\"><\/i>\t\t\t\t\t<\/a>\n\t\t\t\t<\/span>\n\t\t\t\t\t\t\t<span class=\"elementor-grid-item\" role=\"listitem\">\n\t\t\t\t\t<a class=\"elementor-icon elementor-social-icon elementor-social-icon-facebook elementor-repeater-item-14587e2\" href=\"https:\/\/www.facebook.com\/escolagestaltcatalunyagirona\/\" target=\"_blank\" rel=\"noopener\">\n\t\t\t\t\t\t<span class=\"elementor-screen-only\">Facebook<\/span>\n\t\t\t\t\t\t<i aria-hidden=\"true\" class=\"fab fa-facebook\"><\/i>\t\t\t\t\t<\/a>\n\t\t\t\t<\/span>\n\t\t\t\t\t\t\t<span class=\"elementor-grid-item\" role=\"listitem\">\n\t\t\t\t\t<a class=\"elementor-icon elementor-social-icon elementor-social-icon-youtube elementor-repeater-item-3c9e1d1\" href=\"https:\/\/www.youtube.com\/channel\/UCyIRHky2VDIRIn1S0Cc7sew\" target=\"_blank\" rel=\"noopener\">\n\t\t\t\t\t\t<span class=\"elementor-screen-only\">Youtube<\/span>\n\t\t\t\t\t\t<i aria-hidden=\"true\" class=\"fab fa-youtube\"><\/i>\t\t\t\t\t<\/a>\n\t\t\t\t<\/span>\n\t\t\t\t\t\t\t<span class=\"elementor-grid-item\" role=\"listitem\">\n\t\t\t\t\t<a class=\"elementor-icon elementor-social-icon elementor-social-icon-linkedin elementor-repeater-item-a6787c2\" href=\"https:\/\/www.linkedin.com\/in\/escola-gestalt-catalunya-girona-4938559a\/?originalSubdomain=es\" target=\"_blank\" rel=\"noopener\">\n\t\t\t\t\t\t<span class=\"elementor-screen-only\">Linkedin<\/span>\n\t\t\t\t\t\t<i aria-hidden=\"true\" class=\"fab fa-linkedin\"><\/i>\t\t\t\t\t<\/a>\n\t\t\t\t<\/span>\n\t\t\t\t\t<\/div>\n\t\t\t\t\t\t<\/div>\n\t\t\t\t<\/div>\n\t\t\t\t\t<\/div>\n\t\t<\/div>\n\t\t\t\t\t<\/div>\n\t\t<\/section>\n\t\t\t\t<\/div>","protected":false},"excerpt":{"rendered":"<p>Entrevistes a l&#8217;equip Entrevistes entrevistes Entrevistes sobre la formaci\u00f3 en ter\u00e0pia Gestalt. Entrevista a Helena Bellod Entrevista a Helena Bellod, Psic\u00f2loga Sanit\u00e0ria i Terapeuta Gestalt. Membre titular, supervisor i didacta de la AETG. Directora de Gestalt Kairos i de Psicoter\u00e0pia i Formaci\u00f3 Girona. Entrevista 1.- La ter\u00e0pia Gestalt se situa en la cru\u00eflla entre la [&hellip;]<\/p>\n","protected":false},"author":1,"featured_media":0,"parent":0,"menu_order":0,"comment_status":"closed","ping_status":"closed","template":"","meta":{"footnotes":""},"class_list":["post-10114","page","type-page","status-publish","hentry"],"_links":{"self":[{"href":"https:\/\/www.gestaltkairos.com\/es\/wp-json\/wp\/v2\/pages\/10114","targetHints":{"allow":["GET"]}}],"collection":[{"href":"https:\/\/www.gestaltkairos.com\/es\/wp-json\/wp\/v2\/pages"}],"about":[{"href":"https:\/\/www.gestaltkairos.com\/es\/wp-json\/wp\/v2\/types\/page"}],"author":[{"embeddable":true,"href":"https:\/\/www.gestaltkairos.com\/es\/wp-json\/wp\/v2\/users\/1"}],"replies":[{"embeddable":true,"href":"https:\/\/www.gestaltkairos.com\/es\/wp-json\/wp\/v2\/comments?post=10114"}],"version-history":[{"count":28,"href":"https:\/\/www.gestaltkairos.com\/es\/wp-json\/wp\/v2\/pages\/10114\/revisions"}],"predecessor-version":[{"id":31144,"href":"https:\/\/www.gestaltkairos.com\/es\/wp-json\/wp\/v2\/pages\/10114\/revisions\/31144"}],"wp:attachment":[{"href":"https:\/\/www.gestaltkairos.com\/es\/wp-json\/wp\/v2\/media?parent=10114"}],"curies":[{"name":"wp","href":"https:\/\/api.w.org\/{rel}","templated":true}]}}