{"id":10156,"date":"2021-09-14T12:48:33","date_gmt":"2021-09-14T10:48:33","guid":{"rendered":"https:\/\/gestaltcatalunya.com\/girona\/?page_id=10156"},"modified":"2026-04-08T12:20:06","modified_gmt":"2026-04-08T10:20:06","slug":"entrevista-a-helena-bellod","status":"publish","type":"page","link":"https:\/\/www.gestaltkairos.com\/es\/entrevista-a-helena-bellod\/","title":{"rendered":"Entrevista a Helena Bellod"},"content":{"rendered":"<div data-elementor-type=\"wp-page\" data-elementor-id=\"10156\" class=\"elementor elementor-10156\" data-elementor-post-type=\"page\">\n\t\t\t\t\t\t<section class=\"elementor-section elementor-top-section elementor-element elementor-element-a7cd2ac elementor-section-content-middle elementor-reverse-mobile elementor-section-height-min-height elementor-section-items-stretch elementor-section-boxed elementor-section-height-default\" data-id=\"a7cd2ac\" data-element_type=\"section\" data-e-type=\"section\" data-settings=\"{&quot;background_background&quot;:&quot;gradient&quot;,&quot;shape_divider_bottom&quot;:&quot;mountains&quot;}\">\n\t\t\t\t\t\t\t<div class=\"elementor-background-overlay\"><\/div>\n\t\t\t\t\t\t<div class=\"elementor-shape elementor-shape-bottom\" aria-hidden=\"true\" data-negative=\"false\">\n\t\t\t<svg xmlns=\"http:\/\/www.w3.org\/2000\/svg\" viewbox=\"0 0 1000 100\" preserveaspectratio=\"none\">\n\t<path class=\"elementor-shape-fill\" opacity=\"0.33\" d=\"M473,67.3c-203.9,88.3-263.1-34-320.3,0C66,119.1,0,59.7,0,59.7V0h1000v59.7 c0,0-62.1,26.1-94.9,29.3c-32.8,3.3-62.8-12.3-75.8-22.1C806,49.6,745.3,8.7,694.9,4.7S492.4,59,473,67.3z\"\/>\n\t<path class=\"elementor-shape-fill\" opacity=\"0.66\" d=\"M734,67.3c-45.5,0-77.2-23.2-129.1-39.1c-28.6-8.7-150.3-10.1-254,39.1 s-91.7-34.4-149.2,0C115.7,118.3,0,39.8,0,39.8V0h1000v36.5c0,0-28.2-18.5-92.1-18.5C810.2,18.1,775.7,67.3,734,67.3z\"\/>\n\t<path class=\"elementor-shape-fill\" d=\"M766.1,28.9c-200-57.5-266,65.5-395.1,19.5C242,1.8,242,5.4,184.8,20.6C128,35.8,132.3,44.9,89.9,52.5C28.6,63.7,0,0,0,0 h1000c0,0-9.9,40.9-83.6,48.1S829.6,47,766.1,28.9z\"\/>\n<\/svg>\t\t<\/div>\n\t\t\t\t\t<div class=\"elementor-container elementor-column-gap-no\">\n\t\t\t\t\t<div class=\"elementor-column elementor-col-100 elementor-top-column elementor-element elementor-element-1bb0375 ot-column-items-top ot-flex-column-vertical\" data-id=\"1bb0375\" data-element_type=\"column\" data-e-type=\"column\">\n\t\t\t<div class=\"elementor-widget-wrap elementor-element-populated\">\n\t\t\t\t\t\t<div class=\"elementor-element elementor-element-68ae53a elementor-widget elementor-widget-iheading\" data-id=\"68ae53a\" data-element_type=\"widget\" data-e-type=\"widget\" data-widget_type=\"iheading.default\">\n\t\t\t\t<div class=\"elementor-widget-container\">\n\t\t\t\t\t\t\t<div class=\"ot-heading center-align\">\n\t\t\t\n\t\t\t\t\n\n\t        \t            <h5 class=\"sub-heading\"><span>Entrevista a l'equip de Gestalt Kairos<\/span><\/h5>\n\t         \n\n\t        \t        \t<h1 class=\"main-heading\">Entrevista a Helena Bellod<\/h1>\n\t        \t    <\/div>\n\t    \t\t\t\t<\/div>\n\t\t\t\t<\/div>\n\t\t\t\t\t<\/div>\n\t\t<\/div>\n\t\t\t\t\t<\/div>\n\t\t<\/section>\n\t\t\t\t<section class=\"elementor-section elementor-top-section elementor-element elementor-element-99e81a2 elementor-section-boxed elementor-section-height-default elementor-section-height-default\" data-id=\"99e81a2\" data-element_type=\"section\" data-e-type=\"section\">\n\t\t\t\t\t\t<div class=\"elementor-container elementor-column-gap-default\">\n\t\t\t\t\t<div class=\"elementor-column elementor-col-100 elementor-top-column elementor-element elementor-element-37ebafb ot-flex-column-vertical\" data-id=\"37ebafb\" data-element_type=\"column\" data-e-type=\"column\">\n\t\t\t<div class=\"elementor-widget-wrap elementor-element-populated\">\n\t\t\t\t\t\t<div class=\"elementor-element elementor-element-6901818 elementor-widget elementor-widget-iheading\" data-id=\"6901818\" data-element_type=\"widget\" data-e-type=\"widget\" data-widget_type=\"iheading.default\">\n\t\t\t\t<div class=\"elementor-widget-container\">\n\t\t\t\t\t\t\t<div class=\"ot-heading left-align\">\n\t\t\t\n\t\t\t\t\n\n\t        \t            <h6 class=\"sub-heading\"><span>ENTREVISTA<\/span><\/h6>\n\t         \n\n\t        \t        \t<h2 class=\"main-heading\">Entrevista a Helena Bellod, Directora de Gestalt Kairos i de Psicoter\u00e0pia i Formaci\u00f3 Girona<\/h2>\n\t        \t    <\/div>\n\t    \t\t\t\t<\/div>\n\t\t\t\t<\/div>\n\t\t\t\t<div class=\"elementor-element elementor-element-0ff0cea elementor-widget elementor-widget-text-editor\" data-id=\"0ff0cea\" data-element_type=\"widget\" data-e-type=\"widget\" data-widget_type=\"text-editor.default\">\n\t\t\t\t<div class=\"elementor-widget-container\">\n\t\t\t\t\t\t\t\t\t<p>Entrevista a Helena Bellod, Psic\u00f2loga Sanit\u00e0ria i Terapeuta Gestalt. Membre titular, supervisor i didacta de la AETG. Directora de Gestalt Kairos i de Psicoter\u00e0pia i Formaci\u00f3 Girona.<\/p><p>Este mes te dejo con una entrevista muy deseada por m\u00ed de Helena Bellod.<\/p><p>Helena es directora de Gestalt Kairos i Psicoter\u00e0pia i Formaci\u00f3 Girona, lugar donde me form\u00e9 como terapeuta. El centro es un espacio para ser, experimentar, aprender y amar, definitivamente. Espero que conozcas un poquito m\u00e1s este lugar que seguro que te cambiar\u00e1 la vida, como lo hizo conmigo. No s\u00f3lo por el espacio en s\u00ed, sino por las personas que lo componen.<\/p><p>Helena es una gran profesional y una persona muy humana. Fue mi compa\u00f1era de formaci\u00f3n y le tengo un especial cari\u00f1o.<\/p><p>Gracias Helena por dedicarme este tiempo para la entrevista.<\/p>\t\t\t\t\t\t\t\t<\/div>\n\t\t\t\t<\/div>\n\t\t\t\t<div class=\"elementor-element elementor-element-3d215cb elementor-widget elementor-widget-iheading\" data-id=\"3d215cb\" data-element_type=\"widget\" data-e-type=\"widget\" data-widget_type=\"iheading.default\">\n\t\t\t\t<div class=\"elementor-widget-container\">\n\t\t\t\t\t\t\t<div class=\"ot-heading left-align\">\n\t\t\t\n\t\t\t\t\n\n\t         \n\n\t        \t        \t<h4 class=\"main-heading\">Entrevista<\/h4>\n\t        \t    <\/div>\n\t    \t\t\t\t<\/div>\n\t\t\t\t<\/div>\n\t\t\t\t<div class=\"elementor-element elementor-element-8a6c537 elementor-widget elementor-widget-text-editor\" data-id=\"8a6c537\" data-element_type=\"widget\" data-e-type=\"widget\" data-widget_type=\"text-editor.default\">\n\t\t\t\t<div class=\"elementor-widget-container\">\n\t\t\t\t\t\t\t\t\t<p><strong>Sandra: \u00bfPor qu\u00e9 montaste el centro Gestalt Kairos? \u00bfCu\u00e1l fue tu inspiraci\u00f3n?<\/strong><\/p><p><strong>Helena:<\/strong> Despu\u00e9s de terminar la carrera de psicolog\u00eda, empec\u00e9 terapia Gestalt pues sent\u00ed que la carrera no me hab\u00eda dado suficientes herramientas pr\u00e1cticas para ejercer como psicoterapeuta.<\/p><p>Vivimos en una sociedad donde le ofrecemos un espacio demasiado importante a la mente en todo lo que hacemos. Hacer la formaci\u00f3n en Terapia Gestalt me aport\u00f3 una nueva filosof\u00eda de vida con la cual sigo aprendiendo cada d\u00eda; me cambi\u00f3 la manera de ver el mundo y la vida.<\/p><p>La Gestalt me proporcion\u00f3 herramientas que me ayudaron en un momento muy dif\u00edcil para m\u00ed. Me ayud\u00f3 a despertar y a conocer mi cuerpo, y a gestionar mis emociones, no s\u00f3lo desde una perspectiva mental.<\/p><p>Al terminar la formaci\u00f3n me sent\u00eda muy plena, de alguna manera quer\u00eda que la gente tuviera la oportunidad de conocer y experimentar la Gestalt en profundidad.<\/p><p><strong>\u00bfRecomendar\u00edas la Terapia Gestalt? \u00bfPara qu\u00e9? \u00bfA qui\u00e9n?<\/strong><\/p><p>Personalmente recomendar\u00eda la Terapia Gestalt a cualquier persona. Creo que es un tipo de terapia \u00fatil y eficaz en cualquier \u00e1mbito (social, laboral, personal\u2026.).<\/p><p>El objetivo es poder conocerse a uno mismo y tomar conciencia de las relaciones que establezco conmigo y con el entorno. El hecho de poder conocerse es, para m\u00ed, un pilar b\u00e1sico en la vida de cada uno, para luego poder seguir trabaj\u00e1ndose otros aspectos, como dec\u00eda Fritz Perls.<\/p><p><strong>\u00bfQu\u00e9 aprendiste de la Terapia Gestalt en tu propio proceso personal?<\/strong><\/p><p>Para m\u00ed la Terapia Gestalt es una filosof\u00eda de vida.<\/p><p>Con ella aprend\u00ed a conocerme y a reconocerme. Me ense\u00f1\u00f3 a escuchar mi cuerpo y a tomar conciencia de c\u00f3mo me relaciono con \u00e9l. Otro aspecto importante que aprend\u00ed fue a identificar y sostener mis emociones ya que muchas veces me sobrepasaban y controlaban mi vida.<\/p><p>Descubr\u00ed que mis pensamientos y creencias no ten\u00edan tanta importancia ya que la sabidur\u00eda de cada uno est\u00e1 en el cuerpo y no en la mente.<\/p><p>Pero lo m\u00e1s importante y por lo que estoy m\u00e1s agradecida, es que la Gestalt me ense\u00f1\u00f3 a amar, amarme a m\u00ed misma y amar a los dem\u00e1s.<\/p><p><strong>\u00bfQu\u00e9 temas son los m\u00e1s recurrentes de las personas?<\/strong><\/p><p>Ahora mismo tengo varios casos en los que el s\u00edntoma aparente son las obsesiones, la ansiedad y el estr\u00e9s donde la inseguridad y el miedo predominan.<\/p><p>Las demandas impl\u00edcitas son aprender a integrar, aceptar y amar.<\/p><p>Cuando sentimos miedo tendemos a excluir cosas, personas, hechos, sucesos de nuestra vida y esta exclusi\u00f3n es la que en el fondo nos produce malestar.<\/p><p><strong>Cu\u00e9ntanos un caso terap\u00e9utico (sin nombre ni referencias para conservar el anonimato) con el que te emocionaste.<\/strong><\/p><p>El primero, fue un chico con trastornos psic\u00f3ticos que \u201ccre\u00eda venir del planeta equivocado\u201d y por eso estaba interno. Poco a poco aprendi\u00f3 a convivir con su enfermedad.<\/p><p>Entendi\u00f3 y acept\u00f3 que si daba sus razonamientos a los psiquiatras y a las personas, la gente lo juzgaban de loco y no pod\u00eda adaptarse para tener una vida \u201cnormal\u201d.<\/p><p>Con la terapia comprendi\u00f3 que hab\u00eda cosas que s\u00f3lo las ve\u00eda \u00e9l y cosas que s\u00f3lo cre\u00eda \u00e9l, de este modo pudo ir corroborando y diferenciando qu\u00e9 era la realidad y cu\u00e1l era su verdad.<\/p><p><strong>\u00bfCrees que la colaboraci\u00f3n con la Universitat de Girona es un gran avance para la Terapia Gestalt? Cu\u00e9ntanos un poco vuestra colaboraci\u00f3n.<\/strong><\/p><p>Para m\u00ed es un gran avance para la Terapia Gestalt pero sobre todo lo es para la Psicolog\u00eda. Actualmente en la carrera universitaria se da mucha teor\u00eda y poca pr\u00e1ctica.<\/p><p>Ampliar la formaci\u00f3n con un m\u00e1ster de Terapia Gestalt reconocido por la Universidad, ayuda a los alumnos a que realicen la pr\u00e1ctica necesaria para poder ejercer y conocer en profundidad la base de las terapias humanistas.<\/p><p>De alguna manera el m\u00e1ster aporta una experiencia vivencial donde toda la teor\u00eda se conoce a trav\u00e9s de la pr\u00e1ctica y la experimentaci\u00f3n, y eso aporta unas herramientas que el grado universitario actualmente no puede ofrecer.<\/p><p>Adem\u00e1s, es importante el hecho de que la Universidad empiece a reconocer corrientes con una base hol\u00edstica, donde se tienen en cuenta el pensamiento, las emociones, el cuerpo y el contexto de la persona; un gran progreso.<\/p>\t\t\t\t\t\t\t\t<\/div>\n\t\t\t\t<\/div>\n\t\t\t\t<div class=\"elementor-element elementor-element-8daf767 elementor-widget elementor-widget-image\" data-id=\"8daf767\" data-element_type=\"widget\" data-e-type=\"widget\" data-widget_type=\"image.default\">\n\t\t\t\t<div class=\"elementor-widget-container\">\n\t\t\t\t\t\t\t\t\t\t\t\t\t\t\t<img fetchpriority=\"high\" decoding=\"async\" width=\"334\" height=\"472\" src=\"https:\/\/www.gestaltkairos.com\/wp-content\/uploads\/2021\/03\/cartell-psicoterapia-humanista-gestalt.jpg\" class=\"attachment-large size-large wp-image-7498\" alt=\"Cartell Psicoterapia Humanista Gestalt UdG\" srcset=\"https:\/\/www.gestaltkairos.com\/wp-content\/uploads\/2021\/03\/cartell-psicoterapia-humanista-gestalt.jpg 334w, https:\/\/www.gestaltkairos.com\/wp-content\/uploads\/2021\/03\/cartell-psicoterapia-humanista-gestalt-212x300.jpg 212w\" sizes=\"(max-width: 334px) 100vw, 334px\" \/>\t\t\t\t\t\t\t\t\t\t\t\t\t\t\t<\/div>\n\t\t\t\t<\/div>\n\t\t\t\t<div class=\"elementor-element elementor-element-d17303a elementor-widget elementor-widget-text-editor\" data-id=\"d17303a\" data-element_type=\"widget\" data-e-type=\"widget\" data-widget_type=\"text-editor.default\">\n\t\t\t\t<div class=\"elementor-widget-container\">\n\t\t\t\t\t\t\t\t\t<p>\u00a0<\/p><p><strong>\u00bfQu\u00e9 cualidades, seg\u00fan t\u00fa,\u00a0son las que hacen mejorar la vida de las personas?<\/strong><\/p><p>Para mi uno de los procesos m\u00e1s importantes para una persona es aprender a ceder. Entregarse y aceptar que las cosas y las personas son como son.<\/p><p>Me doy cuenta que la mayor\u00eda de los problemas de los pacientes es que no quieren aceptar aspectos de s\u00ed mismos, de los otros o de la vida y eso causa conflicto y malestar.<\/p><p>El primer paso para la aceptaci\u00f3n es aprender a ceder y a dejar de luchar para que las cosas sean de otra manera.<\/p><p>Otro aspecto importante es la responsabilidad de las elecciones de cada uno. De un modo u otro, cada d\u00eda tomamos decisiones y tenemos que elegir.<\/p><p>A menudo nos quedamos anclados por miedo a asumir la responsabilidad que conlleva una elecci\u00f3n, \u00e9ste es un proceso de maduraci\u00f3n interno necesario.<\/p><p><strong>\u00bfQu\u00e9 otras herramientas terap\u00e9uticas utiliz\u00e1is en vuestro centro?<\/strong><\/p><p>Trabajamos con todo lo que sabemos. Cada terapeuta tiene sus especialidades.<\/p><p>En Gestalt Kairos &#8211; Escola Psicoter\u00e0pia i Formaci\u00f3 Girona ofrecemos formaciones de Terapia Gestalt, Constelaciones familiares sist\u00e9micas, Reiki Usui y Kundalini Ioga.<\/p><p>Adem\u00e1s realizamos talleres de expresi\u00f3n emocional, talleres dirigidos a adolescentes, el miedo esc\u00e9nico y el trabajo corporal.<\/p>\t\t\t\t\t\t\t\t<\/div>\n\t\t\t\t<\/div>\n\t\t\t\t<div class=\"elementor-element elementor-element-53c5dc1 elementor-widget elementor-widget-text-editor\" data-id=\"53c5dc1\" data-element_type=\"widget\" data-e-type=\"widget\" data-widget_type=\"text-editor.default\">\n\t\t\t\t<div class=\"elementor-widget-container\">\n\t\t\t\t\t\t\t\t\t<p>Entrevista a Helena Bellod, Psic\u00f2loga Sanit\u00e0ria i Terapeuta Gestalt. Membre titular, supervisor i didacta de l&#8217;AETG. Directora de Gestalt Kairos i de Psicoter\u00e0pia i Formaci\u00f3 Girona.<\/p>\t\t\t\t\t\t\t\t<\/div>\n\t\t\t\t<\/div>\n\t\t\t\t<div class=\"elementor-element elementor-element-1c18352 e-grid-align-right elementor-shape-rounded elementor-grid-0 elementor-widget elementor-widget-social-icons\" data-id=\"1c18352\" data-element_type=\"widget\" data-e-type=\"widget\" data-widget_type=\"social-icons.default\">\n\t\t\t\t<div class=\"elementor-widget-container\">\n\t\t\t\t\t\t\t<div class=\"elementor-social-icons-wrapper elementor-grid\" role=\"list\">\n\t\t\t\t\t\t\t<span class=\"elementor-grid-item\" role=\"listitem\">\n\t\t\t\t\t<a class=\"elementor-icon elementor-social-icon elementor-social-icon-instagram elementor-repeater-item-13c8ff1\" href=\"https:\/\/www.instagram.com\/escolagestaltcatalunyagirona\/\" target=\"_blank\" rel=\"noopener\">\n\t\t\t\t\t\t<span class=\"elementor-screen-only\">Instagram<\/span>\n\t\t\t\t\t\t<i aria-hidden=\"true\" class=\"fab fa-instagram\"><\/i>\t\t\t\t\t<\/a>\n\t\t\t\t<\/span>\n\t\t\t\t\t\t\t<span class=\"elementor-grid-item\" role=\"listitem\">\n\t\t\t\t\t<a class=\"elementor-icon elementor-social-icon elementor-social-icon-facebook elementor-repeater-item-14587e2\" href=\"https:\/\/www.facebook.com\/escolagestaltcatalunyagirona\/\" target=\"_blank\" rel=\"noopener\">\n\t\t\t\t\t\t<span class=\"elementor-screen-only\">Facebook<\/span>\n\t\t\t\t\t\t<i aria-hidden=\"true\" class=\"fab fa-facebook\"><\/i>\t\t\t\t\t<\/a>\n\t\t\t\t<\/span>\n\t\t\t\t\t\t\t<span class=\"elementor-grid-item\" role=\"listitem\">\n\t\t\t\t\t<a class=\"elementor-icon elementor-social-icon elementor-social-icon-youtube elementor-repeater-item-3c9e1d1\" href=\"https:\/\/www.youtube.com\/channel\/UCyIRHky2VDIRIn1S0Cc7sew\" target=\"_blank\" rel=\"noopener\">\n\t\t\t\t\t\t<span class=\"elementor-screen-only\">Youtube<\/span>\n\t\t\t\t\t\t<i aria-hidden=\"true\" class=\"fab fa-youtube\"><\/i>\t\t\t\t\t<\/a>\n\t\t\t\t<\/span>\n\t\t\t\t\t\t\t<span class=\"elementor-grid-item\" role=\"listitem\">\n\t\t\t\t\t<a class=\"elementor-icon elementor-social-icon elementor-social-icon-linkedin elementor-repeater-item-a6787c2\" href=\"https:\/\/www.linkedin.com\/in\/escola-gestalt-catalunya-girona-4938559a\/?originalSubdomain=es\" target=\"_blank\" rel=\"noopener\">\n\t\t\t\t\t\t<span class=\"elementor-screen-only\">Linkedin<\/span>\n\t\t\t\t\t\t<i aria-hidden=\"true\" class=\"fab fa-linkedin\"><\/i>\t\t\t\t\t<\/a>\n\t\t\t\t<\/span>\n\t\t\t\t\t<\/div>\n\t\t\t\t\t\t<\/div>\n\t\t\t\t<\/div>\n\t\t\t\t\t<\/div>\n\t\t<\/div>\n\t\t\t\t\t<\/div>\n\t\t<\/section>\n\t\t\t\t<\/div>","protected":false},"excerpt":{"rendered":"<p>Entrevista a l&#8217;equip de Gestalt Kairos Entrevista a Helena Bellod ENTREVISTA Entrevista a Helena Bellod, Directora de Gestalt Kairos i de Psicoter\u00e0pia i Formaci\u00f3 Girona Entrevista a Helena Bellod, Psic\u00f2loga Sanit\u00e0ria i Terapeuta Gestalt. Membre titular, supervisor i didacta de la AETG. Directora de Gestalt Kairos i de Psicoter\u00e0pia i Formaci\u00f3 Girona. Este mes te [&hellip;]<\/p>\n","protected":false},"author":1,"featured_media":0,"parent":0,"menu_order":0,"comment_status":"closed","ping_status":"closed","template":"","meta":{"footnotes":""},"class_list":["post-10156","page","type-page","status-publish","hentry"],"_links":{"self":[{"href":"https:\/\/www.gestaltkairos.com\/es\/wp-json\/wp\/v2\/pages\/10156","targetHints":{"allow":["GET"]}}],"collection":[{"href":"https:\/\/www.gestaltkairos.com\/es\/wp-json\/wp\/v2\/pages"}],"about":[{"href":"https:\/\/www.gestaltkairos.com\/es\/wp-json\/wp\/v2\/types\/page"}],"author":[{"embeddable":true,"href":"https:\/\/www.gestaltkairos.com\/es\/wp-json\/wp\/v2\/users\/1"}],"replies":[{"embeddable":true,"href":"https:\/\/www.gestaltkairos.com\/es\/wp-json\/wp\/v2\/comments?post=10156"}],"version-history":[{"count":22,"href":"https:\/\/www.gestaltkairos.com\/es\/wp-json\/wp\/v2\/pages\/10156\/revisions"}],"predecessor-version":[{"id":31077,"href":"https:\/\/www.gestaltkairos.com\/es\/wp-json\/wp\/v2\/pages\/10156\/revisions\/31077"}],"wp:attachment":[{"href":"https:\/\/www.gestaltkairos.com\/es\/wp-json\/wp\/v2\/media?parent=10156"}],"curies":[{"name":"wp","href":"https:\/\/api.w.org\/{rel}","templated":true}]}}