{"id":10310,"date":"2021-09-17T11:18:08","date_gmt":"2021-09-17T09:18:08","guid":{"rendered":"https:\/\/gestaltcatalunya.com\/girona\/?page_id=10310"},"modified":"2024-11-25T16:41:43","modified_gmt":"2024-11-25T15:41:43","slug":"la-terapia-un-espai-segur-per-a-poder-ser-qui-soc","status":"publish","type":"page","link":"https:\/\/www.gestaltkairos.com\/es\/la-terapia-un-espai-segur-per-a-poder-ser-qui-soc\/","title":{"rendered":"La ter\u00e0pia, un espai segur per a poder ser qui soc"},"content":{"rendered":"<div data-elementor-type=\"wp-page\" data-elementor-id=\"10310\" class=\"elementor elementor-10310\" data-elementor-post-type=\"page\">\n\t\t\t\t\t\t<section class=\"elementor-section elementor-top-section elementor-element elementor-element-949d4cc elementor-section-content-middle elementor-reverse-mobile elementor-section-height-min-height elementor-section-items-stretch elementor-section-boxed elementor-section-height-default\" data-id=\"949d4cc\" data-element_type=\"section\" data-e-type=\"section\" data-settings=\"{&quot;background_background&quot;:&quot;gradient&quot;,&quot;shape_divider_bottom&quot;:&quot;mountains&quot;}\">\n\t\t\t\t\t\t\t<div class=\"elementor-background-overlay\"><\/div>\n\t\t\t\t\t\t<div class=\"elementor-shape elementor-shape-bottom\" aria-hidden=\"true\" data-negative=\"false\">\n\t\t\t<svg xmlns=\"http:\/\/www.w3.org\/2000\/svg\" viewbox=\"0 0 1000 100\" preserveaspectratio=\"none\">\n\t<path class=\"elementor-shape-fill\" opacity=\"0.33\" d=\"M473,67.3c-203.9,88.3-263.1-34-320.3,0C66,119.1,0,59.7,0,59.7V0h1000v59.7 c0,0-62.1,26.1-94.9,29.3c-32.8,3.3-62.8-12.3-75.8-22.1C806,49.6,745.3,8.7,694.9,4.7S492.4,59,473,67.3z\"\/>\n\t<path class=\"elementor-shape-fill\" opacity=\"0.66\" d=\"M734,67.3c-45.5,0-77.2-23.2-129.1-39.1c-28.6-8.7-150.3-10.1-254,39.1 s-91.7-34.4-149.2,0C115.7,118.3,0,39.8,0,39.8V0h1000v36.5c0,0-28.2-18.5-92.1-18.5C810.2,18.1,775.7,67.3,734,67.3z\"\/>\n\t<path class=\"elementor-shape-fill\" d=\"M766.1,28.9c-200-57.5-266,65.5-395.1,19.5C242,1.8,242,5.4,184.8,20.6C128,35.8,132.3,44.9,89.9,52.5C28.6,63.7,0,0,0,0 h1000c0,0-9.9,40.9-83.6,48.1S829.6,47,766.1,28.9z\"\/>\n<\/svg>\t\t<\/div>\n\t\t\t\t\t<div class=\"elementor-container elementor-column-gap-no\">\n\t\t\t\t\t<div class=\"elementor-column elementor-col-100 elementor-top-column elementor-element elementor-element-838fa42 ot-column-items-top ot-flex-column-vertical\" data-id=\"838fa42\" data-element_type=\"column\" data-e-type=\"column\">\n\t\t\t<div class=\"elementor-widget-wrap elementor-element-populated\">\n\t\t\t\t\t\t<div class=\"elementor-element elementor-element-38285e5 elementor-widget elementor-widget-iheading\" data-id=\"38285e5\" data-element_type=\"widget\" data-e-type=\"widget\" data-widget_type=\"iheading.default\">\n\t\t\t\t<div class=\"elementor-widget-container\">\n\t\t\t\t\t\t\t<div class=\"ot-heading center-align\">\n\t\t\t\n\t\t\t\t\n\n\t        \t            <h5 class=\"sub-heading\"><span>article sobre la ter\u00e0pia com a espai segur<\/span><\/h5>\n\t         \n\n\t        \t        \t<h1 class=\"main-heading\">La ter\u00e0pia, un espai segur per a poder ser qui soc<\/h1>\n\t        \t    <\/div>\n\t    \t\t\t\t<\/div>\n\t\t\t\t<\/div>\n\t\t\t\t\t<\/div>\n\t\t<\/div>\n\t\t\t\t\t<\/div>\n\t\t<\/section>\n\t\t\t\t<section class=\"elementor-section elementor-top-section elementor-element elementor-element-d9d2299 elementor-section-boxed elementor-section-height-default elementor-section-height-default\" data-id=\"d9d2299\" data-element_type=\"section\" data-e-type=\"section\">\n\t\t\t\t\t\t<div class=\"elementor-container elementor-column-gap-default\">\n\t\t\t\t\t<div class=\"elementor-column elementor-col-100 elementor-top-column elementor-element elementor-element-a68ac11 ot-flex-column-vertical\" data-id=\"a68ac11\" data-element_type=\"column\" data-e-type=\"column\">\n\t\t\t<div class=\"elementor-widget-wrap elementor-element-populated\">\n\t\t\t\t\t\t<div class=\"elementor-element elementor-element-6152fc3 elementor-widget elementor-widget-iheading\" data-id=\"6152fc3\" data-element_type=\"widget\" data-e-type=\"widget\" data-widget_type=\"iheading.default\">\n\t\t\t\t<div class=\"elementor-widget-container\">\n\t\t\t\t\t\t\t<div class=\"ot-heading left-align\">\n\t\t\t\n\t\t\t\t\n\n\t        \t            <h6 class=\"sub-heading\"><span>La ter\u00e0pia, un espai segur per ser aqui i ara<\/span><\/h6>\n\t         \n\n\t        \t        \t<h2 class=\"main-heading\">La ter\u00e0pia, un espai segur per a poder ser qui soc<\/h2>\n\t        \t    <\/div>\n\t    \t\t\t\t<\/div>\n\t\t\t\t<\/div>\n\t\t\t\t<div class=\"elementor-element elementor-element-7880197 elementor-widget elementor-widget-text-editor\" data-id=\"7880197\" data-element_type=\"widget\" data-e-type=\"widget\" data-widget_type=\"text-editor.default\">\n\t\t\t\t<div class=\"elementor-widget-container\">\n\t\t\t\t\t\t\t\t\t<p>Marta Mitxelena<br \/>Terapeuta Gestalt. Membre titular i supervisor de la AETG<\/p>\t\t\t\t\t\t\t\t<\/div>\n\t\t\t\t<\/div>\n\t\t\t\t<div class=\"elementor-element elementor-element-a31d2b7 elementor-widget elementor-widget-text-editor\" data-id=\"a31d2b7\" data-element_type=\"widget\" data-e-type=\"widget\" data-widget_type=\"text-editor.default\">\n\t\t\t\t<div class=\"elementor-widget-container\">\n\t\t\t\t\t\t\t\t\t<p>Sovint quan anem a ter\u00e0pia ens toca parlar de la nostra inf\u00e0ncia i de les persones cuidadores durant aquella etapa de la nostra vida. La relaci\u00f3 amb els primers cuidadors \u2013 i la seva pres\u00e8ncia o abs\u00e8ncia\u2013 determina en gran part la nostra manera de ser. \u00c9s aix\u00ed com a poc a poc vaig decidint, de manera impl\u00edcita o expl\u00edcita, com s\u2019ha d\u2019estar i ser al m\u00f3n per a sentir-me acceptat\/ada i estimat\/ada. Per exemple: puc haver decidit que perqu\u00e8 m\u2019estimin s\u2019ha de ser complaent, o fort, o perfecte, o insensible\u2026 o que per a poder estar en aquest m\u00f3n s\u2019ha d\u2019estar en alerta, no em puc fiar de ning\u00fa\u2026 o potser he decidit que millor sol que mal acompanyat.<\/p><p>Normalment no som conscients d\u2019aquestes decisions, per\u00f2 es manifesten quan ens relacionem amb els altres. Ens n\u2019adonem perqu\u00e8 comencem a sentir sensacions desagradables al cos que venen acompanyades d\u2019afirmacions: mai dic que no, mai ploro si en tinc ganes, mai dic all\u00f2 que penso, mai en tinc prou, etc.<\/p><p>La ter\u00e0pia, amb tot aquest material, serveix per a endre\u00e7ar-lo a fi que puguem comprendre com som i qu\u00e8 va passar per ser aix\u00ed aqu\u00ed i ara. Per a mi \u00e9s molt important generar una mirada auto compassiva amb un mateix. La ter\u00e0pia \u00e9s un espai segur on poder-se acceptar amb tot all\u00f2 que som. Evitar els cr\u00edtics interns i generar una relaci\u00f3 cuidada amb un mateix i amb els altres. Una relaci\u00f3 d\u2019auto respecte, comprensi\u00f3. I perqu\u00e8 aix\u00f2 sigui possible, com a terapeutes, hem de generar una relaci\u00f3 segura, amorosa i lliure de judici per a qu\u00e8 tot all\u00f2 que la persona ha amagat durant tant de temps \u2013 un enuig, un pensament, un plor, una tristesa, una sensaci\u00f3, un mal tracte, etc. \u2013 trobi un lloc segur on poder ser expressat, acollit, vist i reconegut per un altre \u00e9sser hum\u00e0.<\/p>\t\t\t\t\t\t\t\t<\/div>\n\t\t\t\t<\/div>\n\t\t\t\t<div class=\"elementor-element elementor-element-842dc4b elementor-widget elementor-widget-text-editor\" data-id=\"842dc4b\" data-element_type=\"widget\" data-e-type=\"widget\" data-widget_type=\"text-editor.default\">\n\t\t\t\t<div class=\"elementor-widget-container\">\n\t\t\t\t\t\t\t\t\t<p>Marta Mitxelena<br \/>Terapeuta Gestalt. Membre titular i supervisor de la AETG<\/p>\t\t\t\t\t\t\t\t<\/div>\n\t\t\t\t<\/div>\n\t\t\t\t<div class=\"elementor-element elementor-element-a632f9b e-grid-align-right elementor-shape-rounded elementor-grid-0 elementor-widget elementor-widget-social-icons\" data-id=\"a632f9b\" data-element_type=\"widget\" data-e-type=\"widget\" data-widget_type=\"social-icons.default\">\n\t\t\t\t<div class=\"elementor-widget-container\">\n\t\t\t\t\t\t\t<div class=\"elementor-social-icons-wrapper elementor-grid\" role=\"list\">\n\t\t\t\t\t\t\t<span class=\"elementor-grid-item\" role=\"listitem\">\n\t\t\t\t\t<a class=\"elementor-icon elementor-social-icon elementor-social-icon-instagram elementor-repeater-item-13c8ff1\" href=\"https:\/\/www.instagram.com\/escolagestaltcatalunyagirona\/\" target=\"_blank\" rel=\"noopener\">\n\t\t\t\t\t\t<span class=\"elementor-screen-only\">Instagram<\/span>\n\t\t\t\t\t\t<i aria-hidden=\"true\" class=\"fab fa-instagram\"><\/i>\t\t\t\t\t<\/a>\n\t\t\t\t<\/span>\n\t\t\t\t\t\t\t<span class=\"elementor-grid-item\" role=\"listitem\">\n\t\t\t\t\t<a class=\"elementor-icon elementor-social-icon elementor-social-icon-facebook elementor-repeater-item-14587e2\" href=\"https:\/\/www.facebook.com\/escolagestaltcatalunyagirona\/\" target=\"_blank\" rel=\"noopener\">\n\t\t\t\t\t\t<span class=\"elementor-screen-only\">Facebook<\/span>\n\t\t\t\t\t\t<i aria-hidden=\"true\" class=\"fab fa-facebook\"><\/i>\t\t\t\t\t<\/a>\n\t\t\t\t<\/span>\n\t\t\t\t\t\t\t<span class=\"elementor-grid-item\" role=\"listitem\">\n\t\t\t\t\t<a class=\"elementor-icon elementor-social-icon elementor-social-icon-youtube elementor-repeater-item-3c9e1d1\" href=\"https:\/\/www.youtube.com\/channel\/UCyIRHky2VDIRIn1S0Cc7sew\" target=\"_blank\" rel=\"noopener\">\n\t\t\t\t\t\t<span class=\"elementor-screen-only\">Youtube<\/span>\n\t\t\t\t\t\t<i aria-hidden=\"true\" class=\"fab fa-youtube\"><\/i>\t\t\t\t\t<\/a>\n\t\t\t\t<\/span>\n\t\t\t\t\t\t\t<span class=\"elementor-grid-item\" role=\"listitem\">\n\t\t\t\t\t<a class=\"elementor-icon elementor-social-icon elementor-social-icon-linkedin elementor-repeater-item-a6787c2\" href=\"https:\/\/www.linkedin.com\/in\/escola-gestalt-catalunya-girona-4938559a\/?originalSubdomain=es\" target=\"_blank\" rel=\"noopener\">\n\t\t\t\t\t\t<span class=\"elementor-screen-only\">Linkedin<\/span>\n\t\t\t\t\t\t<i aria-hidden=\"true\" class=\"fab fa-linkedin\"><\/i>\t\t\t\t\t<\/a>\n\t\t\t\t<\/span>\n\t\t\t\t\t<\/div>\n\t\t\t\t\t\t<\/div>\n\t\t\t\t<\/div>\n\t\t\t\t\t<\/div>\n\t\t<\/div>\n\t\t\t\t\t<\/div>\n\t\t<\/section>\n\t\t\t\t<\/div>","protected":false},"excerpt":{"rendered":"<p>article sobre la ter\u00e0pia com a espai segur La ter\u00e0pia, un espai segur per a poder ser qui soc La ter\u00e0pia, un espai segur per ser aqui i ara La ter\u00e0pia, un espai segur per a poder ser qui soc Marta MitxelenaTerapeuta Gestalt. Membre titular i supervisor de la AETG Sovint quan anem a ter\u00e0pia [&hellip;]<\/p>\n","protected":false},"author":1,"featured_media":0,"parent":0,"menu_order":0,"comment_status":"closed","ping_status":"closed","template":"","meta":{"footnotes":""},"class_list":["post-10310","page","type-page","status-publish","hentry"],"_links":{"self":[{"href":"https:\/\/www.gestaltkairos.com\/es\/wp-json\/wp\/v2\/pages\/10310","targetHints":{"allow":["GET"]}}],"collection":[{"href":"https:\/\/www.gestaltkairos.com\/es\/wp-json\/wp\/v2\/pages"}],"about":[{"href":"https:\/\/www.gestaltkairos.com\/es\/wp-json\/wp\/v2\/types\/page"}],"author":[{"embeddable":true,"href":"https:\/\/www.gestaltkairos.com\/es\/wp-json\/wp\/v2\/users\/1"}],"replies":[{"embeddable":true,"href":"https:\/\/www.gestaltkairos.com\/es\/wp-json\/wp\/v2\/comments?post=10310"}],"version-history":[{"count":19,"href":"https:\/\/www.gestaltkairos.com\/es\/wp-json\/wp\/v2\/pages\/10310\/revisions"}],"predecessor-version":[{"id":29589,"href":"https:\/\/www.gestaltkairos.com\/es\/wp-json\/wp\/v2\/pages\/10310\/revisions\/29589"}],"wp:attachment":[{"href":"https:\/\/www.gestaltkairos.com\/es\/wp-json\/wp\/v2\/media?parent=10310"}],"curies":[{"name":"wp","href":"https:\/\/api.w.org\/{rel}","templated":true}]}}