{"id":10324,"date":"2021-09-17T11:23:07","date_gmt":"2021-09-17T09:23:07","guid":{"rendered":"https:\/\/gestaltcatalunya.com\/girona\/?page_id=10324"},"modified":"2026-04-08T17:37:29","modified_gmt":"2026-04-08T15:37:29","slug":"mecanismes-devitacio-i-ajustos-creatius","status":"publish","type":"page","link":"https:\/\/www.gestaltkairos.com\/es\/mecanismes-devitacio-i-ajustos-creatius\/","title":{"rendered":"Mecanismes d&#8217;evitaci\u00f3 i ajustos creatius"},"content":{"rendered":"<div data-elementor-type=\"wp-page\" data-elementor-id=\"10324\" class=\"elementor elementor-10324\" data-elementor-post-type=\"page\">\n\t\t\t\t\t\t<section class=\"elementor-section elementor-top-section elementor-element elementor-element-949d4cc elementor-section-content-middle elementor-reverse-mobile elementor-section-height-min-height elementor-section-items-stretch elementor-section-boxed elementor-section-height-default\" data-id=\"949d4cc\" data-element_type=\"section\" data-e-type=\"section\" data-settings=\"{&quot;background_background&quot;:&quot;gradient&quot;,&quot;shape_divider_bottom&quot;:&quot;mountains&quot;}\">\n\t\t\t\t\t\t\t<div class=\"elementor-background-overlay\"><\/div>\n\t\t\t\t\t\t<div class=\"elementor-shape elementor-shape-bottom\" aria-hidden=\"true\" data-negative=\"false\">\n\t\t\t<svg xmlns=\"http:\/\/www.w3.org\/2000\/svg\" viewbox=\"0 0 1000 100\" preserveaspectratio=\"none\">\n\t<path class=\"elementor-shape-fill\" opacity=\"0.33\" d=\"M473,67.3c-203.9,88.3-263.1-34-320.3,0C66,119.1,0,59.7,0,59.7V0h1000v59.7 c0,0-62.1,26.1-94.9,29.3c-32.8,3.3-62.8-12.3-75.8-22.1C806,49.6,745.3,8.7,694.9,4.7S492.4,59,473,67.3z\"\/>\n\t<path class=\"elementor-shape-fill\" opacity=\"0.66\" d=\"M734,67.3c-45.5,0-77.2-23.2-129.1-39.1c-28.6-8.7-150.3-10.1-254,39.1 s-91.7-34.4-149.2,0C115.7,118.3,0,39.8,0,39.8V0h1000v36.5c0,0-28.2-18.5-92.1-18.5C810.2,18.1,775.7,67.3,734,67.3z\"\/>\n\t<path class=\"elementor-shape-fill\" d=\"M766.1,28.9c-200-57.5-266,65.5-395.1,19.5C242,1.8,242,5.4,184.8,20.6C128,35.8,132.3,44.9,89.9,52.5C28.6,63.7,0,0,0,0 h1000c0,0-9.9,40.9-83.6,48.1S829.6,47,766.1,28.9z\"\/>\n<\/svg>\t\t<\/div>\n\t\t\t\t\t<div class=\"elementor-container elementor-column-gap-no\">\n\t\t\t\t\t<div class=\"elementor-column elementor-col-100 elementor-top-column elementor-element elementor-element-838fa42 ot-column-items-top ot-flex-column-vertical\" data-id=\"838fa42\" data-element_type=\"column\" data-e-type=\"column\">\n\t\t\t<div class=\"elementor-widget-wrap elementor-element-populated\">\n\t\t\t\t\t\t<div class=\"elementor-element elementor-element-38285e5 elementor-widget elementor-widget-iheading\" data-id=\"38285e5\" data-element_type=\"widget\" data-e-type=\"widget\" data-widget_type=\"iheading.default\">\n\t\t\t\t<div class=\"elementor-widget-container\">\n\t\t\t\t\t\t\t<div class=\"ot-heading center-align\">\n\t\t\t\n\t\t\t\t\n\n\t        \t            <h5 class=\"sub-heading\"><span>article sobre mecanismes i ajustos<\/span><\/h5>\n\t         \n\n\t        \t        \t<h1 class=\"main-heading\">Mecanismes d'evitaci\u00f3 i ajustos creatius<\/h1>\n\t        \t    <\/div>\n\t    \t\t\t\t<\/div>\n\t\t\t\t<\/div>\n\t\t\t\t\t<\/div>\n\t\t<\/div>\n\t\t\t\t\t<\/div>\n\t\t<\/section>\n\t\t\t\t<section class=\"elementor-section elementor-top-section elementor-element elementor-element-c9dfce4 elementor-section-boxed elementor-section-height-default elementor-section-height-default\" data-id=\"c9dfce4\" data-element_type=\"section\" data-e-type=\"section\">\n\t\t\t\t\t\t<div class=\"elementor-container elementor-column-gap-default\">\n\t\t\t\t\t<div class=\"elementor-column elementor-col-100 elementor-top-column elementor-element elementor-element-ee93ae1 ot-flex-column-vertical\" data-id=\"ee93ae1\" data-element_type=\"column\" data-e-type=\"column\">\n\t\t\t<div class=\"elementor-widget-wrap elementor-element-populated\">\n\t\t\t\t\t\t<div class=\"elementor-element elementor-element-510f56e elementor-widget elementor-widget-iheading\" data-id=\"510f56e\" data-element_type=\"widget\" data-e-type=\"widget\" data-widget_type=\"iheading.default\">\n\t\t\t\t<div class=\"elementor-widget-container\">\n\t\t\t\t\t\t\t<div class=\"ot-heading left-align\">\n\t\t\t\n\t\t\t\t\n\n\t        \t            <h6 class=\"sub-heading\"><span>article sobre mecanismes<\/span><\/h6>\n\t         \n\n\t        \t        \t<h2 class=\"main-heading\">Mecanismes d'evitaci\u00f3 i ajustos creatius<\/h2>\n\t        \t    <\/div>\n\t    \t\t\t\t<\/div>\n\t\t\t\t<\/div>\n\t\t\t\t<div class=\"elementor-element elementor-element-7193fb9 elementor-widget elementor-widget-text-editor\" data-id=\"7193fb9\" data-element_type=\"widget\" data-e-type=\"widget\" data-widget_type=\"text-editor.default\">\n\t\t\t\t<div class=\"elementor-widget-container\">\n\t\t\t\t\t\t\t\t\t<p>Per Helena Bellod, Psic\u00f2loga Sanit\u00e0ria i Terapeuta Gestalt. Membre titular, supervisor i didacta de la AETG. Directora de Gestalt Kairos &#8211; Psicoter\u00e0pia i Formaci\u00f3 Girona<\/p>\t\t\t\t\t\t\t\t<\/div>\n\t\t\t\t<\/div>\n\t\t\t\t<div class=\"elementor-element elementor-element-94f5b36 elementor-widget elementor-widget-text-editor\" data-id=\"94f5b36\" data-element_type=\"widget\" data-e-type=\"widget\" data-widget_type=\"text-editor.default\">\n\t\t\t\t<div class=\"elementor-widget-container\">\n\t\t\t\t\t\t\t\t\t<p><strong>INTROJECTES<\/strong><\/p><p>Quan \u00e9rem petits accept\u00e0vem qualsevol cosa que vingu\u00e9s de fora, a no ser que la perceb\u00e9ssim directament com a nociva. Ens donaven menjar i l\u2019accept\u00e0vem o l\u2019escop\u00edem.<\/p><p>Abans d\u2019 aprendre a mastegar, el nen, s\u2019empassa el que li donen els pares i aix\u00f2 passa tan amb el menjar com amb les impressions en general. Ho absorbeix tot com una esponja. D\u2019aqu\u00ed \u00e9s d\u2019on surt el que la Gestalt anomena INTROJECCI\u00d3.<\/p><p>En aquest proc\u00e9s la persona incorpora a la seva estructura mental i emocional els elements de l\u2019ambient familiar, social i cultural en el qu\u00e8 va viure. Tots aquests elements que ens empassem sense mastegar poden ser idees, formes de conducta, maneres de relacionar-se, el tipus d\u2019humor, la manera de caminar o de parlar, entre moltes altres.<\/p><p>La majoria dels introjectes actuen de manera inconscient i poden obstaculitzar el desenvolupament lliure de l\u2019individu. Els \u201cmals\u201d introjectes acostumen a tenir una creen\u00e7a que ens obstaculitza l\u2019autorealitzaci\u00f3 sense que ens n\u2019adonem. Per exemple: els homes mai ploren (ens prohibeix expressar sentiments) o no es pot confiar amb la gent que no \u00e9s de la fam\u00edlia (ens crea una dificultat per establir relacions) o la fam\u00edlia Garc\u00eda som superiors a la resta (ens cristal\u00b7litza un autoconcepte que ens exclou de la resta).<\/p><p>D\u2019aquesta manera podem arribar a sentir un conflicte intern on es barregen els \u201chauries de\u201d amb el que son les pr\u00f2pies necessitats personals; els judicis i prejudicis familiars amb el que jo realment sento i vull. Una conseq\u00fc\u00e8ncia \u00e9s que disminueix l\u2019autoconfian\u00e7a i els problemes dels pares es traslladen als fills. Entenem el \u201cb\u00e9\u201d i el \u201cmal\u201d tal i com se\u2019ns ha ensenyat, tal i com ens l\u2019hem empassat sense digerir.<\/p><p>Com m\u00e9s temps estiguin a l\u2019inconscient, les coses que ens empassem, m\u00e9s dif\u00edcil ens resulta canviar-les. Tal i com sabem, acostumem a distorsionar la realitat per tal d\u2019assimilar el model de m\u00f3n que ja ens hem creat.<\/p><p>Poder revisar i q\u00fcestionar els introjectes ens pot ajudar a con\u00e8ixe\u2019ns m\u00e9s i millor, i a poder escollir amb llibertat qu\u00e8 \u00e9s el que volem i el que no fent les paus amb el sistema familiar i amb nosaltres mateixos.<\/p><p><strong>MECANISMES: PROJECCI\u00d3<\/strong><\/p><p>La PROJECCI\u00d3 dins la ter\u00e0pia Gestalt \u00e9s el que anomenem un mecanisme d\u2019evitaci\u00f3 del contacte. Aquests, ens ajuden a no contactar amb alguna cosa que d\u2019entrada ens pot semblar dolorosa, per\u00f2 que si sempre anem evitant, pot arribar a tenir unes conseq\u00fc\u00e8ncies molt m\u00e9s doloroses i a causar-nos estats de patiment constant.<\/p><p>Aix\u00ed quan projectem atribu\u00efm les nostres caracter\u00edstiques als altres o a l\u2019entorn. \u00c9s a dir, tot all\u00f2 que no puc recon\u00e8ixer de mi, ja sigui per idealitzaci\u00f3 o per rebuig, li poso a l\u2019altre i\/o ho adjudico a l\u2019ambient.<\/p><p>El tipus de projecci\u00f3 que realitzi dependr\u00e0 de la meva autopercepci\u00f3, de la meva estructura ps\u00edquica i de l\u2019introjecte que tingui sobre mi mateix.<\/p><p>D\u2019alguna manera, si l\u2019introjectador s\u2019empassava totes les creences sense digerir-les, el projectador les escup.<\/p><p>Projectem sentiments, pensaments i desitjos que no acabem d\u2019acceptar-nos com a propis perqu\u00e8 ens generen angoixa o malestar. D\u2019aquesta manera aconseguim una defensa ps\u00edquica que fa que aquests continguts \u201camena\u00e7ants\u201d els col\u00b7loquem a l\u2019exterior.<\/p><p>Una projecci\u00f3 positiva seria atribuir als altres una idealitzaci\u00f3 del que jo voldria, qualitats dignes d\u2019admirar i d\u2019estimar, admiro totes aquelles potencialitats que crec que no tinc. Aquest \u00e9s un proc\u00e9s habitual i casi necessari en la fase de l\u2019enamorament.<\/p><p>La projecci\u00f3 negativa opera en situacions que ens suposen un conflicte emocional o una amena\u00e7a d\u2019origen intern o extern. Aix\u00ed, atribu\u00efm a persones i\/o a objectes els nostres propis impulsos, sentiments o pensaments que ens resulten inacceptables per a nosaltres mateixos.<\/p><p>D\u2019aquesta manera, quan critico a alg\u00fa estic projectant aquella part de mi que no vull veure o recon\u00e8ixer com a pr\u00f2pia, que \u00e9s rebutjada; i quan admiro a alg\u00fa, admiro totes aquelles potencialitats que crec que no tinc. Pot ser que projectem aquelles parts que tenim conscients de nosaltres mateixos o b\u00e9 aquella polaritat que no ens volem recon\u00e8ixer, que tenim amagada a la part fosca.<\/p><p>Si tinc tend\u00e8ncia a ser autoexigent, la meva part cr\u00edtica rebutja a la que necessita descansar. Conseq\u00fcentment quan vegi a una persona que descansa, f\u00e0cilment la critiqui ens els meus interiors, ja que aquella persona t\u00e9 el que jo voldria tenir i no em reconec; equilibri entre el fer i el descansar.<\/p><p>Amb aix\u00f2 no es tracta de que tot m\u2019hagi d\u2019agradar i absolutament tot tingui a veure amb mi. Un s\u00edmptoma clar de que estem projectant, \u00e9s quan ens quedem enganxats en aquella cr\u00edtica i l\u2019anem repetint, o se\u2019ns va repetint amb diferents persones.<\/p><p>Una altra manera d\u2019identificar una projecci\u00f3 \u00e9s quan diem, no hauria de fer aix\u00f2, no hauria d\u2019actuar aix\u00ed, llavors el projector no reconeix la pr\u00f2pia culpa i l\u2019atribueix a l\u2019altre.<\/p><p>Tot \u00e9s projecci\u00f3 i res \u00e9s projecci\u00f3. Alguna cosa em mou l\u2019ambient per a qu\u00e8 jo vegi una cosa i no l\u2019altra, i d\u2019alguna manera, jo no puc veure a fora res del que no tingui a dins. Si jo no s\u00e9 qu\u00e8 \u00e9s el color vermell, quan el vegi no el podr\u00e9 recon\u00e8ixer com a tal si, pr\u00e8viament, no he tingut una experi\u00e8ncia amb el mateix.<\/p><p>La part positiva de les projeccions, \u00e9s que si en som conscients i els hi dono la volta, em puc arribar a con\u00e8ixer molt millor i a saber identificar totes aquelles parts que la meva psique oculta a la meva part no reconeguda. A m\u00e9s a m\u00e9s, quan jo puc recon\u00e8ixer les meves projeccions i no els hi atribueixo a l\u2019altre, el deixo m\u00e9s lliure i obtinc una imatge m\u00e9s real de l\u2019altre i l\u2019entorn.<\/p><p><strong>MECANISMES: RETROFLEXI\u00d3<\/strong><\/p><p>Dins la ter\u00e0pia gest\u00e0ltica entenem la retroflexi\u00f3 com un mecanisme de evitaci\u00f3 del contacte, aix\u00f2 vol dir que aquesta ens dificulta la satisfacci\u00f3 de les pr\u00f2pies necessitats.<\/p><p>Aquesta apareix quan evitem enfrontar-nos a l&#8217;ambient, expressaria una ren\u00fancia o incapacitat per actuar. Se suposa que ens fem a nosaltres mateixos all\u00f2 que realment voldr\u00edem fer-li a l&#8217;altre, o b\u00e9, fer-nos a nosaltres mateixos all\u00f2 que voldr\u00edem que ens fessin els altres. Acostuma a anar relacionada amb l&#8217;agressivitat o viol\u00e8ncia. Per exemple, si alg\u00fa em diu alguna cosa desagradable i m\u2019enfada, per por no li contesto i no li poso un l\u00edmit, d\u2019aquesta manera l\u2019energia de l\u2019enfado que hauria d\u2019anar cap a fora, me l\u2019empasso i me la quedo a dins; de tal manera que acabo amb tensi\u00f3, mal de panxa o pensaments negatius cap a mi mateix.<\/p><p>El retroflector acaba dividint la seva pr\u00f2pia personalitat. Marca un l\u00edmit molt clar entre ell i l&#8217;ambient per\u00f2 aquest l\u00edmit el tra\u00e7a pel mig de s\u00ed mateix i fa que s&#8217;acabi veient a ell i a s\u00ed mateix com a dos coses diferents. Qu\u00e8 volem dir amb aix\u00f2: que deixa de dirigir les energies cap a fora i les dirigeix cap a s\u00ed mateix, substituint-se d&#8217;aquesta manera, a s\u00ed mateix per l&#8217;ambient. Passa a ser el seu pitjor enemic, s&#8217;acaba convertint en la part activa que fa l&#8217;acci\u00f3 i en el receptor. D&#8217;aquesta manera, quan el retroflector parla d\u2019ell mateix no sent que parli de s\u00ed mateix, pot dir frases com: &#8220;m&#8217;ho dec a mi mateix&#8221; o &#8220;tinc vergonya de mi&#8221;, on sembla que parli de dues persones diferents. Aix\u00f2 \u00e9s degut a la falta de coordinaci\u00f3 entre el pensament i l&#8217;acci\u00f3.<\/p><p>La paraula retroflexi\u00f3 literalment significa: anar enrere intensament en contra, \u00e9s a dir, suposa una inhibici\u00f3 d&#8217;una acci\u00f3 que hauria d&#8217;anar endavant (cap a l&#8217;ambient\/cap a l&#8217;altre) l\u2019acabo dirigint cap a mi mateix.<\/p><p>Els s\u00edmptomes i actituds del retroflector poden variar en funci\u00f3 de la persona per\u00f2 acostumen a infravalorar-se i a manifestar molta autocr\u00edtica, vergonya, culpa i diferents somatitzacions (contraure la mand\u00edbula, tensar algun m\u00fascul del cos, mossegar-se les ungles&#8230;). Acostumen a apar\u00e8ixer quan la persona es preocupa excessivament o se sent nerviosa i\/o estressada, i tamb\u00e9 en situacions en qu\u00e8 la frustraci\u00f3 provoca tensi\u00f3 i creuen que no es pot utilitzar l&#8217;energia de manera positiva. Quan la retroflexi\u00f3 es va cronificant, podem experimentar somatitzacions de manera m\u00e9s regular o m\u00e9s intenses com mal de panxa, d&#8217;esquena, cefalees, ulceres&#8230;<\/p><p>La retroflexi\u00f3 pot ser \u00fatil en certes situacions per aconseguir una seguretat personal, on expressar la r\u00e0bia o l&#8217;enuig pot ser perjudicial per la persona. Aqu\u00ed una retroflexi\u00f3 sana seria l&#8217;autocontrol, regulem la nostra conducta en funci\u00f3 de les exig\u00e8ncies de l&#8217;entorn, amb una finalitat saludable. Seria fer-se coses a s\u00ed mateix per desenvolupar la pr\u00f2pia for\u00e7a interior i l&#8217;esfor\u00e7 de continuar veient-se a un mateix, estar atent als propis impulsos i resistir als que son autodestructius.<\/p><p>En aquest cas si la portem a l&#8217;extrem pot apar\u00e8ixer el que anomenem Narcisisme, em veig a mi com m\u2019agradaria que veiessin els altres.<\/p><p>Des de la ter\u00e0pia es treballaria amb les falses identificacions que es fa l&#8217;individu. \u00c9s a dir, recon\u00e8ixer aquelles identificacions que promouen la satisfacci\u00f3 i la realitzaci\u00f3 dels objectius propis i de l&#8217;ambient. Per altra banda, treballar aquelles identificacions que suposen una conducta destructiva cap a s\u00ed mateix i cap a l&#8217;ambient i que alimenten la frustraci\u00f3. Hem d&#8217;entendre que amb aquest mecanisme el que potenciem \u00e9s l&#8217;autodestrucci\u00f3 i no nom\u00e9s ens fem mal a nosaltres mateixos si no tamb\u00e9 als que s&#8217;interessen per nosaltres.<\/p>\t\t\t\t\t\t\t\t<\/div>\n\t\t\t\t<\/div>\n\t\t\t\t<div class=\"elementor-element elementor-element-c58e864 elementor-widget elementor-widget-text-editor\" data-id=\"c58e864\" data-element_type=\"widget\" data-e-type=\"widget\" data-widget_type=\"text-editor.default\">\n\t\t\t\t<div class=\"elementor-widget-container\">\n\t\t\t\t\t\t\t\t\t<p>\u00a0 \u00a0 \u00a0 \u00a0 \u00a0 \u00a0 \u00a0 \u00a0 \u00a0 \u00a0 \u00a0 \u00a0 \u00a0 \u00a0 \u00a0Helena Bellod, Psic\u00f2loga Sanit\u00e0ria i Terapeuta Gestalt. Membre titular, supervisor i didacta de la AETG.\u00a0 \u00a0 \u00a0 \u00a0 \u00a0 \u00a0 \u00a0 Directora de Gestalt Kairos &#8211; Psicoter\u00e0pia i Formaci\u00f3 Girona<\/p>\t\t\t\t\t\t\t\t<\/div>\n\t\t\t\t<\/div>\n\t\t\t\t<div class=\"elementor-element elementor-element-a632f9b e-grid-align-right elementor-shape-rounded elementor-grid-0 elementor-widget elementor-widget-social-icons\" data-id=\"a632f9b\" data-element_type=\"widget\" data-e-type=\"widget\" data-widget_type=\"social-icons.default\">\n\t\t\t\t<div class=\"elementor-widget-container\">\n\t\t\t\t\t\t\t<div class=\"elementor-social-icons-wrapper elementor-grid\" role=\"list\">\n\t\t\t\t\t\t\t<span class=\"elementor-grid-item\" role=\"listitem\">\n\t\t\t\t\t<a class=\"elementor-icon elementor-social-icon elementor-social-icon-instagram elementor-repeater-item-13c8ff1\" href=\"https:\/\/www.instagram.com\/escolagestaltcatalunyagirona\/\" target=\"_blank\" rel=\"noopener\">\n\t\t\t\t\t\t<span class=\"elementor-screen-only\">Instagram<\/span>\n\t\t\t\t\t\t<i aria-hidden=\"true\" class=\"fab fa-instagram\"><\/i>\t\t\t\t\t<\/a>\n\t\t\t\t<\/span>\n\t\t\t\t\t\t\t<span class=\"elementor-grid-item\" role=\"listitem\">\n\t\t\t\t\t<a class=\"elementor-icon elementor-social-icon elementor-social-icon-facebook elementor-repeater-item-14587e2\" href=\"https:\/\/www.facebook.com\/escolagestaltcatalunyagirona\/\" target=\"_blank\" rel=\"noopener\">\n\t\t\t\t\t\t<span class=\"elementor-screen-only\">Facebook<\/span>\n\t\t\t\t\t\t<i aria-hidden=\"true\" class=\"fab fa-facebook\"><\/i>\t\t\t\t\t<\/a>\n\t\t\t\t<\/span>\n\t\t\t\t\t\t\t<span class=\"elementor-grid-item\" role=\"listitem\">\n\t\t\t\t\t<a class=\"elementor-icon elementor-social-icon elementor-social-icon-youtube elementor-repeater-item-3c9e1d1\" href=\"https:\/\/www.youtube.com\/channel\/UCyIRHky2VDIRIn1S0Cc7sew\" target=\"_blank\" rel=\"noopener\">\n\t\t\t\t\t\t<span class=\"elementor-screen-only\">Youtube<\/span>\n\t\t\t\t\t\t<i aria-hidden=\"true\" class=\"fab fa-youtube\"><\/i>\t\t\t\t\t<\/a>\n\t\t\t\t<\/span>\n\t\t\t\t\t\t\t<span class=\"elementor-grid-item\" role=\"listitem\">\n\t\t\t\t\t<a class=\"elementor-icon elementor-social-icon elementor-social-icon-linkedin elementor-repeater-item-a6787c2\" href=\"https:\/\/www.linkedin.com\/in\/escola-gestalt-catalunya-girona-4938559a\/?originalSubdomain=es\" target=\"_blank\" rel=\"noopener\">\n\t\t\t\t\t\t<span class=\"elementor-screen-only\">Linkedin<\/span>\n\t\t\t\t\t\t<i aria-hidden=\"true\" class=\"fab fa-linkedin\"><\/i>\t\t\t\t\t<\/a>\n\t\t\t\t<\/span>\n\t\t\t\t\t<\/div>\n\t\t\t\t\t\t<\/div>\n\t\t\t\t<\/div>\n\t\t\t\t\t<\/div>\n\t\t<\/div>\n\t\t\t\t\t<\/div>\n\t\t<\/section>\n\t\t\t\t<\/div>","protected":false},"excerpt":{"rendered":"<p>article sobre mecanismes i ajustos Mecanismes d&#8217;evitaci\u00f3 i ajustos creatius article sobre mecanismes Mecanismes d&#8217;evitaci\u00f3 i ajustos creatius Per Helena Bellod, Psic\u00f2loga Sanit\u00e0ria i Terapeuta Gestalt. Membre titular, supervisor i didacta de la AETG. Directora de Gestalt Kairos &#8211; Psicoter\u00e0pia i Formaci\u00f3 Girona INTROJECTES Quan \u00e9rem petits accept\u00e0vem qualsevol cosa que vingu\u00e9s de fora, a [&hellip;]<\/p>\n","protected":false},"author":1,"featured_media":0,"parent":0,"menu_order":0,"comment_status":"closed","ping_status":"closed","template":"","meta":{"footnotes":""},"class_list":["post-10324","page","type-page","status-publish","hentry"],"_links":{"self":[{"href":"https:\/\/www.gestaltkairos.com\/es\/wp-json\/wp\/v2\/pages\/10324","targetHints":{"allow":["GET"]}}],"collection":[{"href":"https:\/\/www.gestaltkairos.com\/es\/wp-json\/wp\/v2\/pages"}],"about":[{"href":"https:\/\/www.gestaltkairos.com\/es\/wp-json\/wp\/v2\/types\/page"}],"author":[{"embeddable":true,"href":"https:\/\/www.gestaltkairos.com\/es\/wp-json\/wp\/v2\/users\/1"}],"replies":[{"embeddable":true,"href":"https:\/\/www.gestaltkairos.com\/es\/wp-json\/wp\/v2\/comments?post=10324"}],"version-history":[{"count":16,"href":"https:\/\/www.gestaltkairos.com\/es\/wp-json\/wp\/v2\/pages\/10324\/revisions"}],"predecessor-version":[{"id":31208,"href":"https:\/\/www.gestaltkairos.com\/es\/wp-json\/wp\/v2\/pages\/10324\/revisions\/31208"}],"wp:attachment":[{"href":"https:\/\/www.gestaltkairos.com\/es\/wp-json\/wp\/v2\/media?parent=10324"}],"curies":[{"name":"wp","href":"https:\/\/api.w.org\/{rel}","templated":true}]}}