{"id":11029,"date":"2021-11-11T14:22:05","date_gmt":"2021-11-11T12:22:05","guid":{"rendered":"https:\/\/gestaltcatalunya.com\/girona\/?page_id=11029"},"modified":"2026-04-08T17:53:39","modified_gmt":"2026-04-08T15:53:39","slug":"grup-de-supervisio-i-practiques","status":"publish","type":"page","link":"https:\/\/www.gestaltkairos.com\/es\/tallers-i-grups\/grup-de-supervisio-i-practiques\/","title":{"rendered":"Grup de supervisi\u00f3 i pr\u00e0ctiques"},"content":{"rendered":"\t\t<div data-elementor-type=\"wp-page\" data-elementor-id=\"11029\" class=\"elementor elementor-11029\" data-elementor-post-type=\"page\">\n\t\t\t\t\t\t<section class=\"elementor-section elementor-top-section elementor-element elementor-element-26e6b87 elementor-section-boxed elementor-section-height-default elementor-section-height-default\" data-id=\"26e6b87\" data-element_type=\"section\" data-e-type=\"section\" data-settings=\"{&quot;background_background&quot;:&quot;slideshow&quot;,&quot;background_slideshow_gallery&quot;:[{&quot;id&quot;:12962,&quot;url&quot;:&quot;https:\\\/\\\/www.gestaltkairos.com\\\/wp-content\\\/uploads\\\/2023\\\/06\\\/10.jpg&quot;},{&quot;id&quot;:28949,&quot;url&quot;:&quot;https:\\\/\\\/www.gestaltkairos.com\\\/wp-content\\\/uploads\\\/2024\\\/09\\\/viatge.jpg&quot;}],&quot;background_slideshow_slide_duration&quot;:3000,&quot;background_slideshow_ken_burns&quot;:&quot;yes&quot;,&quot;background_slideshow_loop&quot;:&quot;yes&quot;,&quot;background_slideshow_slide_transition&quot;:&quot;fade&quot;,&quot;background_slideshow_transition_duration&quot;:500,&quot;background_slideshow_ken_burns_zoom_direction&quot;:&quot;in&quot;}\">\n\t\t\t\t\t\t\t<div class=\"elementor-background-overlay\"><\/div>\n\t\t\t\t\t\t\t<div class=\"elementor-container elementor-column-gap-default\">\n\t\t\t\t\t<div class=\"elementor-column elementor-col-50 elementor-top-column elementor-element elementor-element-a73494d ot-flex-column-vertical\" data-id=\"a73494d\" data-element_type=\"column\" data-e-type=\"column\">\n\t\t\t<div class=\"elementor-widget-wrap elementor-element-populated\">\n\t\t\t\t\t\t<div class=\"elementor-element elementor-element-c5e1fbe elementor-widget elementor-widget-spacer\" data-id=\"c5e1fbe\" data-element_type=\"widget\" data-e-type=\"widget\" data-widget_type=\"spacer.default\">\n\t\t\t\t<div class=\"elementor-widget-container\">\n\t\t\t\t\t\t\t<div class=\"elementor-spacer\">\n\t\t\t<div class=\"elementor-spacer-inner\"><\/div>\n\t\t<\/div>\n\t\t\t\t\t\t<\/div>\n\t\t\t\t<\/div>\n\t\t\t\t<div class=\"elementor-element elementor-element-f969cd9 elementor-widget-tablet__width-initial elementor-widget elementor-widget-iheading\" data-id=\"f969cd9\" data-element_type=\"widget\" data-e-type=\"widget\" data-widget_type=\"iheading.default\">\n\t\t\t\t<div class=\"elementor-widget-container\">\n\t\t\t\t\t\t\t<div class=\"ot-heading left-align\">\n\t\t\t\n\t\t\t\t\n\n\t        \t            <h5 class=\"sub-heading\"><span>Per a professionals en actiu i terapeutes que comencen<\/span><\/h5>\n\t         \n\n\t        \t        \t<h1 class=\"main-heading\">Grup de supervisi\u00f3 i pr\u00e0ctiques<\/h1>\n\t        \t    <\/div>\n\t    \t\t\t\t<\/div>\n\t\t\t\t<\/div>\n\t\t\t\t\t<\/div>\n\t\t<\/div>\n\t\t\t\t<div class=\"elementor-column elementor-col-50 elementor-top-column elementor-element elementor-element-506a3fa ot-column-items-bottom ot-flex-column-vertical\" data-id=\"506a3fa\" data-element_type=\"column\" data-e-type=\"column\">\n\t\t\t<div class=\"elementor-widget-wrap\">\n\t\t\t\t\t\t\t<\/div>\n\t\t<\/div>\n\t\t\t\t\t<\/div>\n\t\t<\/section>\n\t\t\t\t<section class=\"elementor-section elementor-top-section elementor-element elementor-element-1dfc87d elementor-section-boxed elementor-section-height-default elementor-section-height-default\" data-id=\"1dfc87d\" data-element_type=\"section\" data-e-type=\"section\">\n\t\t\t\t\t\t<div class=\"elementor-container elementor-column-gap-custom\">\n\t\t\t\t\t<div class=\"elementor-column elementor-col-100 elementor-top-column elementor-element elementor-element-a240b68 ot-flex-column-vertical\" data-id=\"a240b68\" data-element_type=\"column\" data-e-type=\"column\">\n\t\t\t<div class=\"elementor-widget-wrap elementor-element-populated\">\n\t\t\t\t\t\t<div class=\"elementor-element elementor-element-5b29faa elementor-widget elementor-widget-iheading\" data-id=\"5b29faa\" data-element_type=\"widget\" data-e-type=\"widget\" data-widget_type=\"iheading.default\">\n\t\t\t\t<div class=\"elementor-widget-container\">\n\t\t\t\t\t\t\t<div class=\"ot-heading left-align\">\n\t\t\t\n\t\t\t\t\n\n\t        \t            <h6 class=\"sub-heading\"><span>Us acompanyem a trobar el vostre estil terap\u00e8utic<\/span><\/h6>\n\t         \n\n\t        \t        \t<h2 class=\"main-heading\">GRUP DE SUPERVISI\u00d3 I PR\u00c0CTIQUES<\/h2>\n\t        \t    <\/div>\n\t    \t\t\t\t<\/div>\n\t\t\t\t<\/div>\n\t\t\t\t<div class=\"elementor-element elementor-element-4e47723 elementor-widget elementor-widget-text-editor\" data-id=\"4e47723\" data-element_type=\"widget\" data-e-type=\"widget\" data-widget_type=\"text-editor.default\">\n\t\t\t\t<div class=\"elementor-widget-container\">\n\t\t\t\t\t\t\t\t\t<div><p><span lang=\"CA\">Grup de pr\u00e0ctiques supervisades dirigit tant als professionals en actiu, professionals que inicien el seu treball i necessiten suport en l\u2019\u00e0mbit de la psicoter\u00e0pia aix\u00ed com als exalumnes de la formaci\u00f3 Gestalt que volen iniciar-se professionalment en aquest \u00e0mbit.<\/span><\/p><\/div><div><p>Aprendrem que ser terapeuta no \u00e9s un paper ni un comportament sin\u00f3 una vocaci\u00f3 o un ofici art\u00edstic que fa arrels a l\u2019interior i que creix apel\u00b7lant a tots els recursos creatius que cada persona t\u00e9 de forma innata.<\/p><p><span lang=\"CA\">L\u2019objectiu del grup de supervisi\u00f3 i pr\u00e0ctiques \u00e9s acompanyar-vos a trobar el vostre estil terap\u00e8utic. La supervisi\u00f3 \u00e9s la ter\u00e0pia del terapeuta i ens ajuda a desfer els introjectes de l\u2019aprenentatge i els estereotips t\u00e8cnics apresos durant la formaci\u00f3.<\/span><i><span lang=\"CA\">\u00a0<\/span><\/i><\/p><\/div><div><i><span lang=\"CA\">\u201cLa supervisi\u00f3 \u00e9s un aprenentatge que es basa en l\u2019actualitzaci\u00f3 responsable: un no pot ser sin\u00f3 el que \u00e9s en cada moment\u201d<\/span><\/i><\/div>\t\t\t\t\t\t\t\t<\/div>\n\t\t\t\t<\/div>\n\t\t\t\t<div class=\"elementor-element elementor-element-2b1f6f0 elementor-widget elementor-widget-iheading\" data-id=\"2b1f6f0\" data-element_type=\"widget\" data-e-type=\"widget\" data-widget_type=\"iheading.default\">\n\t\t\t\t<div class=\"elementor-widget-container\">\n\t\t\t\t\t\t\t<div class=\"ot-heading left-align\">\n\t\t\t\n\t\t\t\t\n\n\t         \n\n\t        \t        \t<h2 class=\"main-heading\">Com \u00e9s una sessi\u00f3?<\/h2>\n\t        \t    <\/div>\n\t    \t\t\t\t<\/div>\n\t\t\t\t<\/div>\n\t\t\t\t<div class=\"elementor-element elementor-element-826345b elementor-widget elementor-widget-text-editor\" data-id=\"826345b\" data-element_type=\"widget\" data-e-type=\"widget\" data-widget_type=\"text-editor.default\">\n\t\t\t\t<div class=\"elementor-widget-container\">\n\t\t\t\t\t\t\t\t\t<p><span lang=\"CA\">La sessi\u00f3 es dividir\u00e0 en<\/span><strong><span lang=\"CA\"> dues parts; una primera on es supervisaran casos reals que els participants necessitin supervisar i una segona part on es realitzar\u00e0 una pr\u00e0ctica in situ que comentarem i treballarem entre tots.<\/span><\/strong><\/p>\t\t\t\t\t\t\t\t<\/div>\n\t\t\t\t<\/div>\n\t\t\t\t<div class=\"elementor-element elementor-element-2d897e6 elementor-widget elementor-widget-iheading\" data-id=\"2d897e6\" data-element_type=\"widget\" data-e-type=\"widget\" data-widget_type=\"iheading.default\">\n\t\t\t\t<div class=\"elementor-widget-container\">\n\t\t\t\t\t\t\t<div class=\"ot-heading left-align\">\n\t\t\t\n\t\t\t\t\n\n\t        \t            <h6 class=\"sub-heading\"><span>gestalt kairos - Psicoter\u00e0pia i Formaci\u00f3 Girona<\/span><\/h6>\n\t         \n\n\t        \t        \t<h2 class=\"main-heading\">A qui va dirigit?<\/h2>\n\t        \t    <\/div>\n\t    \t\t\t\t<\/div>\n\t\t\t\t<\/div>\n\t\t\t\t<div class=\"elementor-element elementor-element-6a9d5eb elementor-widget elementor-widget-iservice_box\" data-id=\"6a9d5eb\" data-element_type=\"widget\" data-e-type=\"widget\" data-widget_type=\"iservice_box.default\">\n\t\t\t\t<div class=\"elementor-widget-container\">\n\t\t\t\t\t\n\t\t\t\t<div class=\"service-box s-box elementor-animation-\">\n\t\t\t<div class=\"overlay\"><\/div>\n\t        <span class=\"big-number\"><\/span>\n\t\t\t\t        <div class=\"icon-main number-box\">\n\t\t        \t\t        \t<i aria-hidden=\"true\" class=\"fas fa-hand-holding-heart\"><\/i>\t\t        \t\t\t    \n\t\t\t    \n\t\t        \t        <\/div>\n\t        \t        <div class=\"content-box\">\n\t            <h5 class=\"service-box-title\"><\/h5>\n\t            <p>A persones que ja estiguin ja treballant i necessitin un espai de cura i suport.<\/p>\n\t        <\/div>\n\t    <\/div>\n\t    \n\t    \t\t\t\t<\/div>\n\t\t\t\t<\/div>\n\t\t\t\t<div class=\"elementor-element elementor-element-6ae4e55 elementor-widget elementor-widget-iservice_box\" data-id=\"6ae4e55\" data-element_type=\"widget\" data-e-type=\"widget\" data-widget_type=\"iservice_box.default\">\n\t\t\t\t<div class=\"elementor-widget-container\">\n\t\t\t\t\t\n\t\t\t\t<div class=\"service-box s-box elementor-animation-\">\n\t\t\t<div class=\"overlay\"><\/div>\n\t        <span class=\"big-number\"><\/span>\n\t\t\t\t        <div class=\"icon-main number-box\">\n\t\t        \t\t        \t<i aria-hidden=\"true\" class=\"fas fa-child\"><\/i>\t\t        \t\t\t    \n\t\t\t    \n\t\t        \t        <\/div>\n\t        \t        <div class=\"content-box\">\n\t            <h5 class=\"service-box-title\"><\/h5>\n\t            <p>A persones que vulguin ser terapeutes i els costi comen\u00e7ar i\/o atrevir-s\u2019hi.<\/p>\n\t        <\/div>\n\t    <\/div>\n\t    \n\t    \t\t\t\t<\/div>\n\t\t\t\t<\/div>\n\t\t\t\t<div class=\"elementor-element elementor-element-fc7c67c elementor-widget elementor-widget-iservice_box\" data-id=\"fc7c67c\" data-element_type=\"widget\" data-e-type=\"widget\" data-widget_type=\"iservice_box.default\">\n\t\t\t\t<div class=\"elementor-widget-container\">\n\t\t\t\t\t\n\t\t\t\t<div class=\"service-box s-box elementor-animation-\">\n\t\t\t<div class=\"overlay\"><\/div>\n\t        <span class=\"big-number\"><\/span>\n\t\t\t\t        <div class=\"icon-main number-box\">\n\t\t        \t\t        \t<i aria-hidden=\"true\" class=\"fas fa-users\"><\/i>\t\t        \t\t\t    \n\t\t\t    \n\t\t        \t        <\/div>\n\t        \t        <div class=\"content-box\">\n\t            <h5 class=\"service-box-title\"><\/h5>\n\t            <p>\nA exalumnes que vulguin seguir practicant i aprenent un cop acabada la formaci\u00f3.<\/p>\n\t        <\/div>\n\t    <\/div>\n\t    \n\t    \t\t\t\t<\/div>\n\t\t\t\t<\/div>\n\t\t\t\t<div class=\"elementor-element elementor-element-8b6c9bf elementor-widget elementor-widget-iheading\" data-id=\"8b6c9bf\" data-element_type=\"widget\" data-e-type=\"widget\" data-widget_type=\"iheading.default\">\n\t\t\t\t<div class=\"elementor-widget-container\">\n\t\t\t\t\t\t\t<div class=\"ot-heading left-align\">\n\t\t\t\n\t\t\t\t\n\n\t         \n\n\t        \t        \t<h2 class=\"main-heading\">Informaci\u00f3 sobre les sessions de supervisi\u00f3<\/h2>\n\t        \t    <\/div>\n\t    \t\t\t\t<\/div>\n\t\t\t\t<\/div>\n\t\t\t\t<section class=\"elementor-section elementor-inner-section elementor-element elementor-element-2814f22 elementor-section-boxed elementor-section-height-default elementor-section-height-default\" data-id=\"2814f22\" data-element_type=\"section\" data-e-type=\"section\">\n\t\t\t\t\t\t<div class=\"elementor-container elementor-column-gap-default\">\n\t\t\t\t\t<div class=\"elementor-column elementor-col-50 elementor-inner-column elementor-element elementor-element-20c777e ot-flex-column-vertical\" data-id=\"20c777e\" data-element_type=\"column\" data-e-type=\"column\">\n\t\t\t<div class=\"elementor-widget-wrap elementor-element-populated\">\n\t\t\t\t\t\t<div class=\"elementor-element elementor-element-fb45325 elementor-widget__width-inherit elementor-widget elementor-widget-iaccordions\" data-id=\"fb45325\" data-element_type=\"widget\" data-e-type=\"widget\" data-widget_type=\"iaccordions.default\">\n\t\t\t\t<div class=\"elementor-widget-container\">\n\t\t\t\t\t\n\t\t<div class=\"ot-accordions\">\n\t\t\t\t\t\t<div class=\"acc-item\">\n\t\t\t\t<span class=\"acc-toggle\">Supervisi\u00f3 dimecres tarda <i class=\"down flaticon-arrow-pointing-to-down\"><\/i><i class=\"up flaticon-arrow-pointing-to-up\"><\/i><\/span>\n\t\t\t\t<div class=\"acc-content\">\n\t\t\t\t\t<div><p>\u00a0<\/p><ul><li>Dimecres de 16 a 20h<\/li><\/ul><\/div><div>15 octubre<\/div><div>12 novembre<\/div><div>10 desembre<\/div><div>21 gener<\/div><div>18 febrer<\/div><div>18 mar\u00e7<\/div><div>15 abril<\/div><div><p>13 maig<\/p><\/div>\t\t\t\t<\/div>\n\t\t\t<\/div>\n\t\t\t\t\t\t<div class=\"acc-item\">\n\t\t\t\t<span class=\"acc-toggle\">Inversi\u00f3 <i class=\"down flaticon-arrow-pointing-to-down\"><\/i><i class=\"up flaticon-arrow-pointing-to-up\"><\/i><\/span>\n\t\t\t\t<div class=\"acc-content\">\n\t\t\t\t\t<p>El preu \u00e9s de 85\u20ac per sessi\u00f3.\u00a0<\/p><p>Pack de 8 sessions: 640\u20ac<\/p>\t\t\t\t<\/div>\n\t\t\t<\/div>\n\t\t\t\t    <\/div>\n\n\t    \t\t\t\t<\/div>\n\t\t\t\t<\/div>\n\t\t\t\t\t<\/div>\n\t\t<\/div>\n\t\t\t\t<div class=\"elementor-column elementor-col-50 elementor-inner-column elementor-element elementor-element-0990ea4 ot-flex-column-vertical\" data-id=\"0990ea4\" data-element_type=\"column\" data-e-type=\"column\">\n\t\t\t<div class=\"elementor-widget-wrap elementor-element-populated\">\n\t\t\t\t\t\t<div class=\"elementor-element elementor-element-a89a739 elementor-widget__width-inherit elementor-widget elementor-widget-iaccordions\" data-id=\"a89a739\" data-element_type=\"widget\" data-e-type=\"widget\" data-widget_type=\"iaccordions.default\">\n\t\t\t\t<div class=\"elementor-widget-container\">\n\t\t\t\t\t\n\t\t<div class=\"ot-accordions\">\n\t\t\t\t\t\t<div class=\"acc-item\">\n\t\t\t\t<span class=\"acc-toggle\">Supervisi\u00f3 divendres mat\u00ed <i class=\"down flaticon-arrow-pointing-to-down\"><\/i><i class=\"up flaticon-arrow-pointing-to-up\"><\/i><\/span>\n\t\t\t\t<div class=\"acc-content\">\n\t\t\t\t\t<div><br \/><ul><li>Divendres de 10 a 14 h<\/li><\/ul><\/div><div><p><span lang=\"CA\">10 octubre<br \/>7 novembre<br \/>12 desembre<br \/>16 gener<br \/>13 febrer<br \/>6 mar\u00e7<br \/>10 abril<br \/>29 maig<br \/>12 juny<\/span><\/p><\/div>\t\t\t\t<\/div>\n\t\t\t<\/div>\n\t\t\t\t\t\t<div class=\"acc-item\">\n\t\t\t\t<span class=\"acc-toggle\">Inversi\u00f3 <i class=\"down flaticon-arrow-pointing-to-down\"><\/i><i class=\"up flaticon-arrow-pointing-to-up\"><\/i><\/span>\n\t\t\t\t<div class=\"acc-content\">\n\t\t\t\t\t<p>El preu \u00e9s de 85\u20ac per sessi\u00f3.\u00a0<\/p><p>Pack de 8 sessions: 640\u20ac<\/p>\t\t\t\t<\/div>\n\t\t\t<\/div>\n\t\t\t\t    <\/div>\n\n\t    \t\t\t\t<\/div>\n\t\t\t\t<\/div>\n\t\t\t\t\t<\/div>\n\t\t<\/div>\n\t\t\t\t\t<\/div>\n\t\t<\/section>\n\t\t\t\t\t<\/div>\n\t\t<\/div>\n\t\t\t\t\t<\/div>\n\t\t<\/section>\n\t\t\t\t<section class=\"elementor-section elementor-top-section elementor-element elementor-element-133bddf elementor-section-boxed elementor-section-height-default elementor-section-height-default\" data-id=\"133bddf\" data-element_type=\"section\" data-e-type=\"section\">\n\t\t\t\t\t\t<div class=\"elementor-container elementor-column-gap-default\">\n\t\t\t\t\t<div class=\"elementor-column elementor-col-100 elementor-top-column elementor-element elementor-element-0dd0d50 ot-flex-column-vertical\" data-id=\"0dd0d50\" data-element_type=\"column\" data-e-type=\"column\">\n\t\t\t<div class=\"elementor-widget-wrap elementor-element-populated\">\n\t\t\t\t\t\t<div class=\"elementor-element elementor-element-1ec3cb3 elementor-widget elementor-widget-iheading\" data-id=\"1ec3cb3\" data-element_type=\"widget\" data-e-type=\"widget\" data-widget_type=\"iheading.default\">\n\t\t\t\t<div class=\"elementor-widget-container\">\n\t\t\t\t\t\t\t<div class=\"ot-heading left-align\">\n\t\t\t\n\t\t\t\t\n\n\t        \t            <h6 class=\"sub-heading\"><span>gestalt Kairos<\/span><\/h6>\n\t         \n\n\t        \t        \t<h2 class=\"main-heading\">Altres cursos i formacions<\/h2>\n\t        \t    <\/div>\n\t    \t\t\t\t<\/div>\n\t\t\t\t<\/div>\n\t\t\t\t<div class=\"elementor-element elementor-element-97e632c elementor-icon-list--layout-inline elementor-list-item-link-full_width elementor-widget elementor-widget-icon-list\" data-id=\"97e632c\" data-element_type=\"widget\" data-e-type=\"widget\" data-widget_type=\"icon-list.default\">\n\t\t\t\t<div class=\"elementor-widget-container\">\n\t\t\t\t\t\t\t<ul class=\"elementor-icon-list-items elementor-inline-items\">\n\t\t\t\t\t\t\t<li class=\"elementor-icon-list-item elementor-inline-item\">\n\t\t\t\t\t\t\t\t\t\t\t<a href=\"https:\/\/www.getaltkairos.com\/postgrau-la-visio-de-la-costa-est-el-camp-i-les-psicopatologies\/\" target=\"_blank\" rel=\"noopener\">\n\n\t\t\t\t\t\t\t\t\t\t\t\t<span class=\"elementor-icon-list-icon\">\n\t\t\t\t\t\t\t<i aria-hidden=\"true\" class=\"fas fa-chevron-right\"><\/i>\t\t\t\t\t\t<\/span>\n\t\t\t\t\t\t\t\t\t\t<span class=\"elementor-icon-list-text\">Postgrau: camp i psicopatologies<\/span>\n\t\t\t\t\t\t\t\t\t\t\t<\/a>\n\t\t\t\t\t\t\t\t\t<\/li>\n\t\t\t\t\t\t\t\t<li class=\"elementor-icon-list-item elementor-inline-item\">\n\t\t\t\t\t\t\t\t\t\t\t<a href=\"https:\/\/www.gestaltkairos.com\/formacio-en-terapia-de-cos-i-moviment\/\">\n\n\t\t\t\t\t\t\t\t\t\t\t\t<span class=\"elementor-icon-list-icon\">\n\t\t\t\t\t\t\t<i aria-hidden=\"true\" class=\"fas fa-chevron-right\"><\/i>\t\t\t\t\t\t<\/span>\n\t\t\t\t\t\t\t\t\t\t<span class=\"elementor-icon-list-text\">Formaci\u00f3 en ter\u00e0pia de cos i moviment<\/span>\n\t\t\t\t\t\t\t\t\t\t\t<\/a>\n\t\t\t\t\t\t\t\t\t<\/li>\n\t\t\t\t\t\t<\/ul>\n\t\t\t\t\t\t<\/div>\n\t\t\t\t<\/div>\n\t\t\t\t\t<\/div>\n\t\t<\/div>\n\t\t\t\t\t<\/div>\n\t\t<\/section>\n\t\t\t\t<\/div>\n\t\t","protected":false},"excerpt":{"rendered":"<p>Per a professionals en actiu i terapeutes que comencen Grup de supervisi\u00f3 i pr\u00e0ctiques Us acompanyem a trobar el vostre estil terap\u00e8utic GRUP DE SUPERVISI\u00d3 I PR\u00c0CTIQUES Grup de pr\u00e0ctiques supervisades dirigit tant als professionals en actiu, professionals que inicien el seu treball i necessiten suport en l\u2019\u00e0mbit de la psicoter\u00e0pia aix\u00ed com als exalumnes [&hellip;]<\/p>\n","protected":false},"author":3,"featured_media":11023,"parent":6618,"menu_order":0,"comment_status":"closed","ping_status":"closed","template":"","meta":{"footnotes":""},"class_list":["post-11029","page","type-page","status-publish","has-post-thumbnail","hentry"],"_links":{"self":[{"href":"https:\/\/www.gestaltkairos.com\/es\/wp-json\/wp\/v2\/pages\/11029","targetHints":{"allow":["GET"]}}],"collection":[{"href":"https:\/\/www.gestaltkairos.com\/es\/wp-json\/wp\/v2\/pages"}],"about":[{"href":"https:\/\/www.gestaltkairos.com\/es\/wp-json\/wp\/v2\/types\/page"}],"author":[{"embeddable":true,"href":"https:\/\/www.gestaltkairos.com\/es\/wp-json\/wp\/v2\/users\/3"}],"replies":[{"embeddable":true,"href":"https:\/\/www.gestaltkairos.com\/es\/wp-json\/wp\/v2\/comments?post=11029"}],"version-history":[{"count":149,"href":"https:\/\/www.gestaltkairos.com\/es\/wp-json\/wp\/v2\/pages\/11029\/revisions"}],"predecessor-version":[{"id":31229,"href":"https:\/\/www.gestaltkairos.com\/es\/wp-json\/wp\/v2\/pages\/11029\/revisions\/31229"}],"up":[{"embeddable":true,"href":"https:\/\/www.gestaltkairos.com\/es\/wp-json\/wp\/v2\/pages\/6618"}],"wp:featuredmedia":[{"embeddable":true,"href":"https:\/\/www.gestaltkairos.com\/es\/wp-json\/wp\/v2\/media\/11023"}],"wp:attachment":[{"href":"https:\/\/www.gestaltkairos.com\/es\/wp-json\/wp\/v2\/media?parent=11029"}],"curies":[{"name":"wp","href":"https:\/\/api.w.org\/{rel}","templated":true}]}}