{"id":11087,"date":"2021-11-24T11:08:53","date_gmt":"2021-11-24T10:08:53","guid":{"rendered":"https:\/\/gestaltcatalunya.com\/girona\/?page_id=11087"},"modified":"2025-10-02T17:29:54","modified_gmt":"2025-10-02T15:29:54","slug":"cercle-dhomes","status":"publish","type":"page","link":"https:\/\/www.gestaltkairos.com\/es\/tallers-i-grups\/cercle-dhomes\/","title":{"rendered":"Cercle d&#8217;homes"},"content":{"rendered":"<div data-elementor-type=\"wp-page\" data-elementor-id=\"11087\" class=\"elementor elementor-11087\" data-elementor-post-type=\"page\">\n\t\t\t\t\t\t<section class=\"elementor-section elementor-top-section elementor-element elementor-element-545cf623 elementor-section-content-middle elementor-reverse-mobile elementor-section-height-min-height elementor-section-items-stretch elementor-section-boxed elementor-section-height-default\" data-id=\"545cf623\" data-element_type=\"section\" data-e-type=\"section\" data-settings=\"{&quot;background_background&quot;:&quot;gradient&quot;,&quot;shape_divider_bottom&quot;:&quot;mountains&quot;}\">\n\t\t\t\t\t\t\t<div class=\"elementor-background-overlay\"><\/div>\n\t\t\t\t\t\t<div class=\"elementor-shape elementor-shape-bottom\" aria-hidden=\"true\" data-negative=\"false\">\n\t\t\t<svg xmlns=\"http:\/\/www.w3.org\/2000\/svg\" viewbox=\"0 0 1000 100\" preserveaspectratio=\"none\">\n\t<path class=\"elementor-shape-fill\" opacity=\"0.33\" d=\"M473,67.3c-203.9,88.3-263.1-34-320.3,0C66,119.1,0,59.7,0,59.7V0h1000v59.7 c0,0-62.1,26.1-94.9,29.3c-32.8,3.3-62.8-12.3-75.8-22.1C806,49.6,745.3,8.7,694.9,4.7S492.4,59,473,67.3z\"\/>\n\t<path class=\"elementor-shape-fill\" opacity=\"0.66\" d=\"M734,67.3c-45.5,0-77.2-23.2-129.1-39.1c-28.6-8.7-150.3-10.1-254,39.1 s-91.7-34.4-149.2,0C115.7,118.3,0,39.8,0,39.8V0h1000v36.5c0,0-28.2-18.5-92.1-18.5C810.2,18.1,775.7,67.3,734,67.3z\"\/>\n\t<path class=\"elementor-shape-fill\" d=\"M766.1,28.9c-200-57.5-266,65.5-395.1,19.5C242,1.8,242,5.4,184.8,20.6C128,35.8,132.3,44.9,89.9,52.5C28.6,63.7,0,0,0,0 h1000c0,0-9.9,40.9-83.6,48.1S829.6,47,766.1,28.9z\"\/>\n<\/svg>\t\t<\/div>\n\t\t\t\t\t<div class=\"elementor-container elementor-column-gap-no\">\n\t\t\t\t\t<div class=\"elementor-column elementor-col-100 elementor-top-column elementor-element elementor-element-10c1470b ot-column-items-center ot-flex-column-vertical\" data-id=\"10c1470b\" data-element_type=\"column\" data-e-type=\"column\">\n\t\t\t<div class=\"elementor-widget-wrap elementor-element-populated\">\n\t\t\t\t\t\t<div class=\"elementor-element elementor-element-4b03908 elementor-widget elementor-widget-iheading\" data-id=\"4b03908\" data-element_type=\"widget\" data-e-type=\"widget\" data-widget_type=\"iheading.default\">\n\t\t\t\t<div class=\"elementor-widget-container\">\n\t\t\t\t\t\t\t<div class=\"ot-heading center-align\">\n\t\t\t\n\t\t\t\t\n\n\t        \t            <h5 class=\"sub-heading\"><span>Grup de creixement personal per a homes<\/span><\/h5>\n\t         \n\n\t        \t        \t<h1 class=\"main-heading\">Cercle d'homes<\/h1>\n\t        \t    <\/div>\n\t    \t\t\t\t<\/div>\n\t\t\t\t<\/div>\n\t\t\t\t\t<\/div>\n\t\t<\/div>\n\t\t\t\t\t<\/div>\n\t\t<\/section>\n\t\t\t\t<section class=\"elementor-section elementor-top-section elementor-element elementor-element-1dfc87d elementor-section-boxed elementor-section-height-default elementor-section-height-default\" data-id=\"1dfc87d\" data-element_type=\"section\" data-e-type=\"section\">\n\t\t\t\t\t\t<div class=\"elementor-container elementor-column-gap-custom\">\n\t\t\t\t\t<div class=\"elementor-column elementor-col-100 elementor-top-column elementor-element elementor-element-a240b68 ot-flex-column-vertical\" data-id=\"a240b68\" data-element_type=\"column\" data-e-type=\"column\">\n\t\t\t<div class=\"elementor-widget-wrap elementor-element-populated\">\n\t\t\t\t\t\t<div class=\"elementor-element elementor-element-5b29faa elementor-widget elementor-widget-iheading\" data-id=\"5b29faa\" data-element_type=\"widget\" data-e-type=\"widget\" data-widget_type=\"iheading.default\">\n\t\t\t\t<div class=\"elementor-widget-container\">\n\t\t\t\t\t\t\t<div class=\"ot-heading left-align\">\n\t\t\t\n\t\t\t\t\n\n\t        \t            <h6 class=\"sub-heading\"><span>Grup per compartir experi\u00e8ncies i aprenentatges<\/span><\/h6>\n\t         \n\n\t        \t        \t<h2 class=\"main-heading\">CERCLE D'HOMES <\/h2>\n\t        \t    <\/div>\n\t    \t\t\t\t<\/div>\n\t\t\t\t<\/div>\n\t\t\t\t<div class=\"elementor-element elementor-element-4e47723 elementor-widget elementor-widget-text-editor\" data-id=\"4e47723\" data-element_type=\"widget\" data-e-type=\"widget\" data-widget_type=\"text-editor.default\">\n\t\t\t\t<div class=\"elementor-widget-container\">\n\t\t\t\t\t\t\t\t\t<p>Et ve de gust compartir amb altres homes amb m\u00e9s profunditat?<\/p><p>Vols cr\u00e9ixer, entendre&#8217;t i estimar-te m\u00e9s amb l&#8217;ajuda del mirall de l&#8217;altre?<\/p><p>Se&#8217;t mouen coses amb els nous rols de l&#8217;home\u00a0en la societat?<\/p><p><span style=\"color: var( --e-global-color-text ); font-weight: var( --e-global-typography-text-font-weight );\">Som en Joan, en Joel i en Pau. Tres homes diferents amb inquietuds semblants, com la que ens fa obrir aquest CERCLE. Un cop acabada la formaci\u00f3 en ter\u00e0pia Gestalt hem decidit generar aquest espai per compartir entre homes de forma horitzontal, respectuosa i curosa.<\/span><\/p><p>Un cercle que ens servir\u00e0 per compartir les nostres pr\u00f2pies inquietuds com homes, a la vegada que podrem aplicar i vivenciar els aprenentatges que hem transitat aquests anys de viatge gest\u00e0ltic. Ens permetr\u00e0 tamb\u00e9 descobrir-nos, q\u00fcestionar-nos i acceptar-nos a trav\u00e9s de l&#8217;escolta i el compartir en grup. Posant m\u00e9s consci\u00e8ncia en com funciono com a home i poder cr\u00e9ixer personalment.<\/p><p>Moguts per les ganes de pres\u00e8ncia masculina en formacions enfocades cap al creixement personal i per la pot\u00e8ncia que t\u00e9 el treball en grup per nosaltres, proposem quedar <strong>dos dilluns al mes, de 19:00 a 21:00 \u00a0<\/strong>amb una durada de 2\u202fh i un preu de 30 \u20ac al mes.<\/p>\t\t\t\t\t\t\t\t<\/div>\n\t\t\t\t<\/div>\n\t\t\t\t<div class=\"elementor-element elementor-element-2d897e6 elementor-widget elementor-widget-iheading\" data-id=\"2d897e6\" data-element_type=\"widget\" data-e-type=\"widget\" data-widget_type=\"iheading.default\">\n\t\t\t\t<div class=\"elementor-widget-container\">\n\t\t\t\t\t\t\t<div class=\"ot-heading left-align\">\n\t\t\t\n\t\t\t\t\n\n\t        \t            <h6 class=\"sub-heading\"><span>Grup de creixement personal a Girona<\/span><\/h6>\n\t         \n\n\t        \t        \t<h2 class=\"main-heading\">A qui va dirigit el cercle d'homes?<\/h2>\n\t        \t    <\/div>\n\t    \t\t\t\t<\/div>\n\t\t\t\t<\/div>\n\t\t\t\t<div class=\"elementor-element elementor-element-fc7c67c elementor-widget elementor-widget-iservice_box\" data-id=\"fc7c67c\" data-element_type=\"widget\" data-e-type=\"widget\" data-widget_type=\"iservice_box.default\">\n\t\t\t\t<div class=\"elementor-widget-container\">\n\t\t\t\t\t\n\t\t\t\t<div class=\"service-box s-box elementor-animation-\">\n\t\t\t<div class=\"overlay\"><\/div>\n\t        <span class=\"big-number\"><\/span>\n\t\t\t\t        <div class=\"icon-main number-box\">\n\t\t        \t\t        \t<i aria-hidden=\"true\" class=\"fas fa-users\"><\/i>\t\t        \t\t\t    \n\t\t\t    \n\t\t        \t        <\/div>\n\t        \t        <div class=\"content-box\">\n\t            <h5 class=\"service-box-title\"><\/h5>\n\t            <p>Dirigit a tots aquells homes que tinguin ganes de compartir, donant espai i treballant la masculinitat.\n\n<\/p>\n\t        <\/div>\n\t    <\/div>\n\t    \n\t    \t\t\t\t<\/div>\n\t\t\t\t<\/div>\n\t\t\t\t<div class=\"elementor-element elementor-element-8b6c9bf elementor-widget elementor-widget-iheading\" data-id=\"8b6c9bf\" data-element_type=\"widget\" data-e-type=\"widget\" data-widget_type=\"iheading.default\">\n\t\t\t\t<div class=\"elementor-widget-container\">\n\t\t\t\t\t\t\t<div class=\"ot-heading left-align\">\n\t\t\t\n\t\t\t\t\n\n\t         \n\n\t        \t        \t<h2 class=\"main-heading\">M\u00e9s informaci\u00f3<\/h2>\n\t        \t    <\/div>\n\t    \t\t\t\t<\/div>\n\t\t\t\t<\/div>\n\t\t\t\t<div class=\"elementor-element elementor-element-fb45325 elementor-widget elementor-widget-iaccordions\" data-id=\"fb45325\" data-element_type=\"widget\" data-e-type=\"widget\" data-widget_type=\"iaccordions.default\">\n\t\t\t\t<div class=\"elementor-widget-container\">\n\t\t\t\t\t\n\t\t<div class=\"ot-accordions\">\n\t\t\t\t\t\t<div class=\"acc-item\">\n\t\t\t\t<span class=\"acc-toggle\">Horari <i class=\"down flaticon-arrow-pointing-to-down\"><\/i><i class=\"up flaticon-arrow-pointing-to-up\"><\/i><\/span>\n\t\t\t\t<div class=\"acc-content\">\n\t\t\t\t\t<p>NOVA EDICI\u00d3 PROPERAMENT<\/p>\t\t\t\t<\/div>\n\t\t\t<\/div>\n\t\t\t\t\t\t<div class=\"acc-item\">\n\t\t\t\t<span class=\"acc-toggle\">Inversi\u00f3 <i class=\"down flaticon-arrow-pointing-to-down\"><\/i><i class=\"up flaticon-arrow-pointing-to-up\"><\/i><\/span>\n\t\t\t\t<div class=\"acc-content\">\n\t\t\t\t\t\t\t\t\t<\/div>\n\t\t\t<\/div>\n\t\t\t\t    <\/div>\n\n\t    \t\t\t\t<\/div>\n\t\t\t\t<\/div>\n\t\t\t\t\t<\/div>\n\t\t<\/div>\n\t\t\t\t\t<\/div>\n\t\t<\/section>\n\t\t\t\t<section class=\"elementor-section elementor-top-section elementor-element elementor-element-288000a elementor-section-boxed elementor-section-height-default elementor-section-height-default\" data-id=\"288000a\" data-element_type=\"section\" data-e-type=\"section\">\n\t\t\t\t\t\t<div class=\"elementor-container elementor-column-gap-default\">\n\t\t\t\t\t<div class=\"elementor-column elementor-col-100 elementor-top-column elementor-element elementor-element-7342a2f ot-flex-column-vertical\" data-id=\"7342a2f\" data-element_type=\"column\" data-e-type=\"column\">\n\t\t\t<div class=\"elementor-widget-wrap elementor-element-populated\">\n\t\t\t\t\t\t<div class=\"elementor-element elementor-element-8522e5b elementor-widget elementor-widget-iheading\" data-id=\"8522e5b\" data-element_type=\"widget\" data-e-type=\"widget\" data-widget_type=\"iheading.default\">\n\t\t\t\t<div class=\"elementor-widget-container\">\n\t\t\t\t\t\t\t<div class=\"ot-heading left-align\">\n\t\t\t\n\t\t\t\t\n\n\t        \t            <h6 class=\"sub-heading\"><span>escola gestalt kairos<\/span><\/h6>\n\t         \n\n\t        \t        \t<h2 class=\"main-heading\">M\u00e9s activitats de Gestalt Kairos<\/h2>\n\t        \t    <\/div>\n\t    \t\t\t\t<\/div>\n\t\t\t\t<\/div>\n\t\t\t\t\t<\/div>\n\t\t<\/div>\n\t\t\t\t\t<\/div>\n\t\t<\/section>\n\t\t\t\t<section class=\"elementor-section elementor-top-section elementor-element elementor-element-f1c47a8 elementor-section-boxed elementor-section-height-default elementor-section-height-default\" data-id=\"f1c47a8\" data-element_type=\"section\" data-e-type=\"section\">\n\t\t\t\t\t\t<div class=\"elementor-container elementor-column-gap-default\">\n\t\t\t\t\t<div class=\"elementor-column elementor-col-33 elementor-top-column elementor-element elementor-element-5b8f633 ot-flex-column-vertical\" data-id=\"5b8f633\" data-element_type=\"column\" data-e-type=\"column\">\n\t\t\t<div class=\"elementor-widget-wrap elementor-element-populated\">\n\t\t\t\t\t\t<div class=\"elementor-element elementor-element-79bfffa elementor-widget elementor-widget-ipricingtable\" data-id=\"79bfffa\" data-element_type=\"widget\" data-e-type=\"widget\" data-widget_type=\"ipricingtable.default\">\n\t\t\t\t<div class=\"elementor-widget-container\">\n\t\t\t\t\t\n\t\t<div class=\"ot-pricing-table bg-shape s3\">\n\t\t\t<span class=\"title-table\">Tallers<\/span>\n\t\t\t<div class=\"inner-table\">\n\t\t\t\t<img decoding=\"async\" src=\"https:\/\/factoria81.dev\/gestaltcatalunya\/wp-content\/uploads\/2021\/06\/danceMandala.png\" alt=\"Tallers\">\n\t\t\t\t<h2>DANCEmandala<\/h2>\n\t\t\t\t<p><\/p>\n\t\t\t\t<div class=\"details\"><\/div>\n\t\t\t<\/div>\n\t\t\t<a href=\"https:\/\/www.gestaltkairos.com\/es\/dancemandala\/\" rel=\"nofollow\" class=\"octf-btn octf-btn-icon octf-btn-primary\">VEURE <i class=\"flaticon-right-arrow-1\"><\/i><\/a>\n\t\t<\/div>\n\n\t    \t\t\t\t<\/div>\n\t\t\t\t<\/div>\n\t\t\t\t\t<\/div>\n\t\t<\/div>\n\t\t\t\t<div class=\"elementor-column elementor-col-33 elementor-top-column elementor-element elementor-element-5b390ef ot-flex-column-vertical\" data-id=\"5b390ef\" data-element_type=\"column\" data-e-type=\"column\">\n\t\t\t<div class=\"elementor-widget-wrap elementor-element-populated\">\n\t\t\t\t\t\t<div class=\"elementor-element elementor-element-e30c318 elementor-widget elementor-widget-ipricingtable\" data-id=\"e30c318\" data-element_type=\"widget\" data-e-type=\"widget\" data-widget_type=\"ipricingtable.default\">\n\t\t\t\t<div class=\"elementor-widget-container\">\n\t\t\t\t\t\n\t\t<div class=\"ot-pricing-table bg-shape s1\">\n\t\t\t<span class=\"title-table\">Tallers<\/span>\n\t\t\t<div class=\"inner-table\">\n\t\t\t\t<img decoding=\"async\" src=\"https:\/\/factoria81.dev\/gestaltcatalunya\/wp-content\/uploads\/2021\/06\/pedres.png\" alt=\"Tallers\">\n\t\t\t\t<h2>Cursos d'estiu<\/h2>\n\t\t\t\t<p><\/p>\n\t\t\t\t<div class=\"details\"><\/div>\n\t\t\t<\/div>\n\t\t\t<a href=\"https:\/\/www.gestaltkairos.com\/es\/cursos-estiu\/\" rel=\"nofollow\" class=\"octf-btn octf-btn-icon octf-btn-secondary\">VEURE <i class=\"flaticon-right-arrow-1\"><\/i><\/a>\n\t\t<\/div>\n\n\t    \t\t\t\t<\/div>\n\t\t\t\t<\/div>\n\t\t\t\t\t<\/div>\n\t\t<\/div>\n\t\t\t\t<div class=\"elementor-column elementor-col-33 elementor-top-column elementor-element elementor-element-1460a35 ot-flex-column-vertical\" data-id=\"1460a35\" data-element_type=\"column\" data-e-type=\"column\">\n\t\t\t<div class=\"elementor-widget-wrap\">\n\t\t\t\t\t\t\t<\/div>\n\t\t<\/div>\n\t\t\t\t\t<\/div>\n\t\t<\/section>\n\t\t\t\t<section class=\"elementor-section elementor-top-section elementor-element elementor-element-7f2ce02 elementor-section-boxed elementor-section-height-default elementor-section-height-default\" data-id=\"7f2ce02\" data-element_type=\"section\" data-e-type=\"section\">\n\t\t\t\t\t\t<div class=\"elementor-container elementor-column-gap-default\">\n\t\t\t\t\t<div class=\"elementor-column elementor-col-100 elementor-top-column elementor-element elementor-element-215e567 ot-flex-column-vertical\" data-id=\"215e567\" data-element_type=\"column\" data-e-type=\"column\">\n\t\t\t<div class=\"elementor-widget-wrap elementor-element-populated\">\n\t\t\t\t\t\t<div class=\"elementor-element elementor-element-b52059d elementor-widget elementor-widget-spacer\" data-id=\"b52059d\" data-element_type=\"widget\" data-e-type=\"widget\" data-widget_type=\"spacer.default\">\n\t\t\t\t<div class=\"elementor-widget-container\">\n\t\t\t\t\t\t\t<div class=\"elementor-spacer\">\n\t\t\t<div class=\"elementor-spacer-inner\"><\/div>\n\t\t<\/div>\n\t\t\t\t\t\t<\/div>\n\t\t\t\t<\/div>\n\t\t\t\t\t<\/div>\n\t\t<\/div>\n\t\t\t\t\t<\/div>\n\t\t<\/section>\n\t\t\t\t<\/div>","protected":false},"excerpt":{"rendered":"<p>Grup de creixement personal per a homes Cercle d&#8217;homes Grup per compartir experi\u00e8ncies i aprenentatges CERCLE D&#8217;HOMES Et ve de gust compartir amb altres homes amb m\u00e9s profunditat? Vols cr\u00e9ixer, entendre&#8217;t i estimar-te m\u00e9s amb l&#8217;ajuda del mirall de l&#8217;altre? Se&#8217;t mouen coses amb els nous rols de l&#8217;home\u00a0en la societat? Som en Joan, en [&hellip;]<\/p>\n","protected":false},"author":3,"featured_media":11089,"parent":6618,"menu_order":0,"comment_status":"closed","ping_status":"closed","template":"","meta":{"footnotes":""},"class_list":["post-11087","page","type-page","status-publish","has-post-thumbnail","hentry"],"_links":{"self":[{"href":"https:\/\/www.gestaltkairos.com\/es\/wp-json\/wp\/v2\/pages\/11087","targetHints":{"allow":["GET"]}}],"collection":[{"href":"https:\/\/www.gestaltkairos.com\/es\/wp-json\/wp\/v2\/pages"}],"about":[{"href":"https:\/\/www.gestaltkairos.com\/es\/wp-json\/wp\/v2\/types\/page"}],"author":[{"embeddable":true,"href":"https:\/\/www.gestaltkairos.com\/es\/wp-json\/wp\/v2\/users\/3"}],"replies":[{"embeddable":true,"href":"https:\/\/www.gestaltkairos.com\/es\/wp-json\/wp\/v2\/comments?post=11087"}],"version-history":[{"count":39,"href":"https:\/\/www.gestaltkairos.com\/es\/wp-json\/wp\/v2\/pages\/11087\/revisions"}],"predecessor-version":[{"id":30401,"href":"https:\/\/www.gestaltkairos.com\/es\/wp-json\/wp\/v2\/pages\/11087\/revisions\/30401"}],"up":[{"embeddable":true,"href":"https:\/\/www.gestaltkairos.com\/es\/wp-json\/wp\/v2\/pages\/6618"}],"wp:featuredmedia":[{"embeddable":true,"href":"https:\/\/www.gestaltkairos.com\/es\/wp-json\/wp\/v2\/media\/11089"}],"wp:attachment":[{"href":"https:\/\/www.gestaltkairos.com\/es\/wp-json\/wp\/v2\/media?parent=11087"}],"curies":[{"name":"wp","href":"https:\/\/api.w.org\/{rel}","templated":true}]}}