{"id":29456,"date":"2024-11-13T17:23:18","date_gmt":"2024-11-13T16:23:18","guid":{"rendered":"https:\/\/www.gestaltkairos.com\/?page_id=29456"},"modified":"2026-04-08T12:12:45","modified_gmt":"2026-04-08T10:12:45","slug":"el-perque-de-gestalt-kairos","status":"publish","type":"page","link":"https:\/\/www.gestaltkairos.com\/es\/el-perque-de-gestalt-kairos\/","title":{"rendered":"El perqu\u00e8 de Gestalt Kairos"},"content":{"rendered":"<div data-elementor-type=\"wp-page\" data-elementor-id=\"29456\" class=\"elementor elementor-29456\" data-elementor-post-type=\"page\">\n\t\t\t\t\t\t<section class=\"elementor-section elementor-top-section elementor-element elementor-element-949d4cc elementor-section-content-middle elementor-reverse-mobile elementor-section-height-min-height elementor-section-items-stretch elementor-section-boxed elementor-section-height-default\" data-id=\"949d4cc\" data-element_type=\"section\" data-e-type=\"section\" data-settings=\"{&quot;background_background&quot;:&quot;classic&quot;}\">\n\t\t\t\t\t\t<div class=\"elementor-container elementor-column-gap-no\">\n\t\t\t\t\t<div class=\"elementor-column elementor-col-100 elementor-top-column elementor-element elementor-element-838fa42 ot-column-items-top ot-flex-column-vertical\" data-id=\"838fa42\" data-element_type=\"column\" data-e-type=\"column\">\n\t\t\t<div class=\"elementor-widget-wrap elementor-element-populated\">\n\t\t\t\t\t\t<div class=\"elementor-element elementor-element-38285e5 elementor-widget-tablet__width-inherit elementor-widget elementor-widget-iheading\" data-id=\"38285e5\" data-element_type=\"widget\" data-e-type=\"widget\" data-widget_type=\"iheading.default\">\n\t\t\t\t<div class=\"elementor-widget-container\">\n\t\t\t\t\t\t\t<div class=\"ot-heading center-align\">\n\t\t\t\n\t\t\t\t\n\n\t        \t            <h5 class=\"sub-heading\"><span>article sobre el perqu\u00e8 de Gestalt Kairos<\/span><\/h5>\n\t         \n\n\t        \t        \t<h1 class=\"main-heading\">Gestalt Kairos: el temps de l'ara i l'aqu\u00ed<\/h1>\n\t        \t    <\/div>\n\t    \t\t\t\t<\/div>\n\t\t\t\t<\/div>\n\t\t\t\t\t<\/div>\n\t\t<\/div>\n\t\t\t\t\t<\/div>\n\t\t<\/section>\n\t\t\t\t<section class=\"elementor-section elementor-top-section elementor-element elementor-element-d9d2299 elementor-section-boxed elementor-section-height-default elementor-section-height-default\" data-id=\"d9d2299\" data-element_type=\"section\" data-e-type=\"section\">\n\t\t\t\t\t\t<div class=\"elementor-container elementor-column-gap-default\">\n\t\t\t\t\t<div class=\"elementor-column elementor-col-100 elementor-top-column elementor-element elementor-element-a68ac11 ot-flex-column-vertical\" data-id=\"a68ac11\" data-element_type=\"column\" data-e-type=\"column\">\n\t\t\t<div class=\"elementor-widget-wrap elementor-element-populated\">\n\t\t\t\t\t\t<section class=\"elementor-section elementor-inner-section elementor-element elementor-element-457a9aa elementor-section-full_width elementor-section-height-default elementor-section-height-default\" data-id=\"457a9aa\" data-element_type=\"section\" data-e-type=\"section\">\n\t\t\t\t\t\t<div class=\"elementor-container elementor-column-gap-default\">\n\t\t\t\t\t<div class=\"elementor-column elementor-col-50 elementor-inner-column elementor-element elementor-element-6d7504f ot-flex-column-vertical\" data-id=\"6d7504f\" data-element_type=\"column\" data-e-type=\"column\">\n\t\t\t<div class=\"elementor-widget-wrap elementor-element-populated\">\n\t\t\t\t\t\t<div class=\"elementor-element elementor-element-6152fc3 elementor-widget-tablet__width-initial elementor-widget elementor-widget-iheading\" data-id=\"6152fc3\" data-element_type=\"widget\" data-e-type=\"widget\" data-widget_type=\"iheading.default\">\n\t\t\t\t<div class=\"elementor-widget-container\">\n\t\t\t\t\t\t\t<div class=\"ot-heading left-align\">\n\t\t\t\n\t\t\t\t\n\n\t        \t            <h6 class=\"sub-heading\"><span>Kair\u00f3s: la concepci\u00f3 del temps<\/span><\/h6>\n\t         \n\n\t        \t        \t<h2 class=\"main-heading\">El perqu\u00e8 de Gestalt Kairos<\/h2>\n\t        \t    <\/div>\n\t    \t\t\t\t<\/div>\n\t\t\t\t<\/div>\n\t\t\t\t\t<\/div>\n\t\t<\/div>\n\t\t\t\t<div class=\"elementor-column elementor-col-50 elementor-inner-column elementor-element elementor-element-5d3b60c ot-flex-column-vertical\" data-id=\"5d3b60c\" data-element_type=\"column\" data-e-type=\"column\">\n\t\t\t<div class=\"elementor-widget-wrap elementor-element-populated\">\n\t\t\t\t\t\t<div class=\"elementor-element elementor-element-35830b0 elementor-widget elementor-widget-image\" data-id=\"35830b0\" data-element_type=\"widget\" data-e-type=\"widget\" data-widget_type=\"image.default\">\n\t\t\t\t<div class=\"elementor-widget-container\">\n\t\t\t\t\t\t\t\t\t\t\t\t\t\t\t<img fetchpriority=\"high\" decoding=\"async\" width=\"1024\" height=\"257\" src=\"https:\/\/www.gestaltkairos.com\/wp-content\/uploads\/2024\/11\/Gestalt-Kairos-hortizontal-color-1024x257.png\" class=\"attachment-large size-large wp-image-29447\" alt=\"\" srcset=\"https:\/\/www.gestaltkairos.com\/wp-content\/uploads\/2024\/11\/Gestalt-Kairos-hortizontal-color-1024x257.png 1024w, https:\/\/www.gestaltkairos.com\/wp-content\/uploads\/2024\/11\/Gestalt-Kairos-hortizontal-color-300x75.png 300w, https:\/\/www.gestaltkairos.com\/wp-content\/uploads\/2024\/11\/Gestalt-Kairos-hortizontal-color-768x193.png 768w, https:\/\/www.gestaltkairos.com\/wp-content\/uploads\/2024\/11\/Gestalt-Kairos-hortizontal-color-18x5.png 18w, https:\/\/www.gestaltkairos.com\/wp-content\/uploads\/2024\/11\/Gestalt-Kairos-hortizontal-color.png 1200w\" sizes=\"(max-width: 1024px) 100vw, 1024px\" \/>\t\t\t\t\t\t\t\t\t\t\t\t\t\t\t<\/div>\n\t\t\t\t<\/div>\n\t\t\t\t\t<\/div>\n\t\t<\/div>\n\t\t\t\t\t<\/div>\n\t\t<\/section>\n\t\t\t\t<div class=\"elementor-element elementor-element-7880197 elementor-widget elementor-widget-text-editor\" data-id=\"7880197\" data-element_type=\"widget\" data-e-type=\"widget\" data-widget_type=\"text-editor.default\">\n\t\t\t\t<div class=\"elementor-widget-container\">\n\t\t\t\t\t\t\t\t\t<p>Helena Bellod<br \/>Psic\u00f2loga i Terapeuta Gestalt. Membre titular, supervisor i didacta de la AETG<\/p>\t\t\t\t\t\t\t\t<\/div>\n\t\t\t\t<\/div>\n\t\t\t\t<div class=\"elementor-element elementor-element-a31d2b7 elementor-widget elementor-widget-text-editor\" data-id=\"a31d2b7\" data-element_type=\"widget\" data-e-type=\"widget\" data-widget_type=\"text-editor.default\">\n\t\t\t\t<div class=\"elementor-widget-container\">\n\t\t\t\t\t\t\t\t\t<p data-pm-slice=\"1 1 []\"><strong>Per qu\u00e8 Gestalt Kairos?<\/strong><\/p><p>Kair\u00f3s \u00e9s un concepte que prov\u00e9 de la filosofia grega i es refereix a una forma de concebre el temps. Partim de la base que hi ha tres tipus de temps: cronos, kair\u00f3s i\u00a0<em>schat\u00f3n<\/em>.<\/p><p><strong>Cronos<\/strong>\u00a0\u00e9s el que m\u00e9s coneixem. Prov\u00e9 de la mitologia grega, era el pare de Zeus, i est\u00e0 associat\u00a0<strong>al temps lineal, cronol\u00f2gic i seq\u00fcencial.<\/strong>\u00a0\u00c9s el temps que podem mesurar a trav\u00e9s dels rellotges i calendaris que avan\u00e7a de manera cont\u00ednua amb successos que tenen un ordre definit. Aix\u00ed doncs, marca el pas de les estacions i els fets hist\u00f2rics. Dir\u00edem que \u00e9s quantitatiu, acumulatiu i objectiu;\u00a0<strong>\u00e9s el temps que no retorna<\/strong>, el que envelleix, el de\u00a0<strong>causa-efecte,\u00a0<\/strong>el del cron\u00f2metre.<\/p><p>Cronos est\u00e0 organitzat de manera efica\u00e7, \u00e9s el temps dels objectius i dels plans d\u2019acci\u00f3, no obstant aix\u00f2, podem arribar a ser esclaus del mateix si tenim la temptaci\u00f3 de controlar-lo. De la mateixa manera que el d\u00e9u Cronos es menjava als seus fills per por de ser substitu\u00eft, Cronos se\u2019ns pot menjar a nosaltres si ens sotmetem nom\u00e9s a ell amb frases com: no perdis el temps, el temps no espera, etc.<\/p><p>El\u00a0<strong>Kair\u00f3s<\/strong>\u00a0era representat en la mitologia com un deu menors que simbolitzava el moment propici, aquell instant en qu\u00e8\u00a0<strong>les circumst\u00e0ncies s\u00f3n perfectes perqu\u00e8 succeeixi alguna cosa significativa<\/strong>. T\u00e9 els seus or\u00edgens en la pr\u00e0ctica grega del tir amb arc, i representa el moment en qu\u00e8 l\u2019arquer troba la perfecta obertura per disparar la fletxa i encertar.\u00a0<strong>\u00c9s un temps vertical, el moment viscut amb plena consci\u00e8ncia i significat<\/strong>\u00a0i, sobretot, amb\u00a0<strong>pres\u00e8ncia<\/strong>. \u00c9s qualitatiu i no quantificable. Juga un paper decisiu en situacions imprevisibles o inusuals, ja que \u00e9s\u00a0<strong>l\u2019experi\u00e8ncia del moment oport\u00fa\u00a0<\/strong>en qu\u00e8 totes les coses s\u00f3n possibles: les condicions estan preparades per un canvi, una decisi\u00f3 o una transformaci\u00f3; \u00e9s el temps de<strong>\u00a0l\u2019aqu\u00ed i l\u2019ara, de la sincronitzaci\u00f3<\/strong>. \u00c9s el moment en qu\u00e8 la poma est\u00e0 madura per caure de l\u2019arbre.\u00a0 Eur\u00edpides el definia com \u201cel millor guia per a qualsevol activitat humana\u201d. Alejandro Corletti Estrada el descriu com \u201cel temps dels\u00a0<strong>moments transcendents,<\/strong>\u00a0de fets que marquen el cam\u00ed personal i que ens fa prendre dedicions importants\u201d. Ens permet buidar-nos d\u2019idees preconcebudes que atorguem als fets i obrir-nos al fuga\u00e7 moment en el qual l&#8217;oportunitat es presenta. Aix\u00ed doncs, per copsar el Kair\u00f3s \u00e9s important reduir l\u2019ansietat d\u2019atrapar el Cronos.<\/p><p><strong>Schat\u00f3n<\/strong><em>\u00a0<\/em>\u00e9s un temps que no succeeix a la vida quotidiana, no \u00e9s un moment ordinari, es refereix\u00a0<strong>al temps final<\/strong>;\u00a0<strong>al moment en qu\u00e8 tot conclou<\/strong>. \u00c9s la culminaci\u00f3 del final dels temps, \u00e9s el que estudia qu\u00e8 passar\u00e0 al final de la hist\u00f2ria o d\u2019una era. \u00c9s un temps totalment simb\u00f2lic amb\u00a0<strong>c\u00e0rrega metaf\u00edsica i espiritual<\/strong>; connectat amb el prop\u00f2sit \u00faltim de l\u2019exist\u00e8ncia.<\/p><p>En definitiva, Cronos \u00e9s el temps quotidi\u00e0 i mesurable, Kair\u00f3s \u00e9s l\u2019instant significatiu i transformador dins d\u2019aquest temps i Schat\u00f3n simbolitza la finalitat o prop\u00f2sit \u00faltim del temps.<\/p><p>Aix\u00ed doncs, des de Gestalt Kairos volem donar nom a la import\u00e0ncia del temps terap\u00e8utic. Creiem que tenir en compte el Kair\u00f3s en la nostra pr\u00e0ctica \u00e9s molt important, ja que ens ajuda a tenir present que l\u2019experi\u00e8ncia de cada persona \u00e9s \u00fanica i subjectiva. A comprendre que els processos terap\u00e8utics no depenen del nombre de ter\u00e0pies que he rebut (cronos), sin\u00f3 que ens ajuda a englobar i acollir tota la hist\u00f2ria de la persona en el moment present. Com a terapeuta, Kairos ens remarca la import\u00e0ncia d\u2019estar atents i prendre consci\u00e8ncia; d\u2019entendre la necessitat de lentitud, de subtilitat i suavitat en l\u2019acompanyament terap\u00e8utic.<\/p><p>Ens ajuda a Entregar-nos a l\u2019experi\u00e8ncia present per viure en plenitud i escoltar amb el cor quin \u00e9s el moment oport\u00fa de cada persona.<\/p><p>D\u2019aquesta manera, podem sentir i percebre, amb plena pres\u00e8ncia, quina \u00e9s la necessitat que emergeix per a poder-la acompanyar amb consci\u00e8ncia. Ens ajuda a llegir a l\u2019entorn i anar m\u00e9s enll\u00e0 donant sentit a la sincronicitat de l\u2019aqu\u00ed i l\u2019ara.<\/p>\t\t\t\t\t\t\t\t<\/div>\n\t\t\t\t<\/div>\n\t\t\t\t<div class=\"elementor-element elementor-element-842dc4b elementor-widget elementor-widget-text-editor\" data-id=\"842dc4b\" data-element_type=\"widget\" data-e-type=\"widget\" data-widget_type=\"text-editor.default\">\n\t\t\t\t<div class=\"elementor-widget-container\">\n\t\t\t\t\t\t\t\t\t<p>Helena Bellod<br \/>Psic\u00f2loga i Terapeuta Gestalt. Membre titular, supervisor i didacta de l&#8217;AETG<\/p>\t\t\t\t\t\t\t\t<\/div>\n\t\t\t\t<\/div>\n\t\t\t\t<div class=\"elementor-element elementor-element-a632f9b e-grid-align-right elementor-shape-rounded elementor-grid-0 elementor-widget elementor-widget-social-icons\" data-id=\"a632f9b\" data-element_type=\"widget\" data-e-type=\"widget\" data-widget_type=\"social-icons.default\">\n\t\t\t\t<div class=\"elementor-widget-container\">\n\t\t\t\t\t\t\t<div class=\"elementor-social-icons-wrapper elementor-grid\" role=\"list\">\n\t\t\t\t\t\t\t<span class=\"elementor-grid-item\" role=\"listitem\">\n\t\t\t\t\t<a class=\"elementor-icon elementor-social-icon elementor-social-icon-instagram elementor-repeater-item-13c8ff1\" href=\"https:\/\/www.instagram.com\/escolagestaltcatalunyagirona\/\" target=\"_blank\" rel=\"noopener\">\n\t\t\t\t\t\t<span class=\"elementor-screen-only\">Instagram<\/span>\n\t\t\t\t\t\t<i aria-hidden=\"true\" class=\"fab fa-instagram\"><\/i>\t\t\t\t\t<\/a>\n\t\t\t\t<\/span>\n\t\t\t\t\t\t\t<span class=\"elementor-grid-item\" role=\"listitem\">\n\t\t\t\t\t<a class=\"elementor-icon elementor-social-icon elementor-social-icon-facebook elementor-repeater-item-14587e2\" href=\"https:\/\/www.facebook.com\/escolagestaltcatalunyagirona\/\" target=\"_blank\" rel=\"noopener\">\n\t\t\t\t\t\t<span class=\"elementor-screen-only\">Facebook<\/span>\n\t\t\t\t\t\t<i aria-hidden=\"true\" class=\"fab fa-facebook\"><\/i>\t\t\t\t\t<\/a>\n\t\t\t\t<\/span>\n\t\t\t\t\t\t\t<span class=\"elementor-grid-item\" role=\"listitem\">\n\t\t\t\t\t<a class=\"elementor-icon elementor-social-icon elementor-social-icon-youtube elementor-repeater-item-3c9e1d1\" href=\"https:\/\/www.youtube.com\/channel\/UCyIRHky2VDIRIn1S0Cc7sew\" target=\"_blank\" rel=\"noopener\">\n\t\t\t\t\t\t<span class=\"elementor-screen-only\">Youtube<\/span>\n\t\t\t\t\t\t<i aria-hidden=\"true\" class=\"fab fa-youtube\"><\/i>\t\t\t\t\t<\/a>\n\t\t\t\t<\/span>\n\t\t\t\t\t\t\t<span class=\"elementor-grid-item\" role=\"listitem\">\n\t\t\t\t\t<a class=\"elementor-icon elementor-social-icon elementor-social-icon-linkedin elementor-repeater-item-a6787c2\" href=\"https:\/\/www.linkedin.com\/in\/escola-gestalt-catalunya-girona-4938559a\/?originalSubdomain=es\" target=\"_blank\" rel=\"noopener\">\n\t\t\t\t\t\t<span class=\"elementor-screen-only\">Linkedin<\/span>\n\t\t\t\t\t\t<i aria-hidden=\"true\" class=\"fab fa-linkedin\"><\/i>\t\t\t\t\t<\/a>\n\t\t\t\t<\/span>\n\t\t\t\t\t<\/div>\n\t\t\t\t\t\t<\/div>\n\t\t\t\t<\/div>\n\t\t\t\t\t<\/div>\n\t\t<\/div>\n\t\t\t\t\t<\/div>\n\t\t<\/section>\n\t\t\t\t<\/div>","protected":false},"excerpt":{"rendered":"<p>article sobre el perqu\u00e8 de Gestalt Kairos Gestalt Kairos: el temps de l&#8217;ara i l&#8217;aqu\u00ed Kair\u00f3s: la concepci\u00f3 del temps El perqu\u00e8 de Gestalt Kairos Helena BellodPsic\u00f2loga i Terapeuta Gestalt. Membre titular, supervisor i didacta de la AETG Per qu\u00e8 Gestalt Kairos? Kair\u00f3s \u00e9s un concepte que prov\u00e9 de la filosofia grega i es refereix [&hellip;]<\/p>\n","protected":false},"author":3,"featured_media":0,"parent":0,"menu_order":0,"comment_status":"closed","ping_status":"closed","template":"","meta":{"footnotes":""},"class_list":["post-29456","page","type-page","status-publish","hentry"],"_links":{"self":[{"href":"https:\/\/www.gestaltkairos.com\/es\/wp-json\/wp\/v2\/pages\/29456","targetHints":{"allow":["GET"]}}],"collection":[{"href":"https:\/\/www.gestaltkairos.com\/es\/wp-json\/wp\/v2\/pages"}],"about":[{"href":"https:\/\/www.gestaltkairos.com\/es\/wp-json\/wp\/v2\/types\/page"}],"author":[{"embeddable":true,"href":"https:\/\/www.gestaltkairos.com\/es\/wp-json\/wp\/v2\/users\/3"}],"replies":[{"embeddable":true,"href":"https:\/\/www.gestaltkairos.com\/es\/wp-json\/wp\/v2\/comments?post=29456"}],"version-history":[{"count":37,"href":"https:\/\/www.gestaltkairos.com\/es\/wp-json\/wp\/v2\/pages\/29456\/revisions"}],"predecessor-version":[{"id":31073,"href":"https:\/\/www.gestaltkairos.com\/es\/wp-json\/wp\/v2\/pages\/29456\/revisions\/31073"}],"wp:attachment":[{"href":"https:\/\/www.gestaltkairos.com\/es\/wp-json\/wp\/v2\/media?parent=29456"}],"curies":[{"name":"wp","href":"https:\/\/api.w.org\/{rel}","templated":true}]}}