{"id":29892,"date":"2025-04-23T15:16:09","date_gmt":"2025-04-23T13:16:09","guid":{"rendered":"https:\/\/www.gestaltkairos.com\/?page_id=29892"},"modified":"2025-04-23T17:46:33","modified_gmt":"2025-04-23T15:46:33","slug":"naila-martinez-poveda","status":"publish","type":"page","link":"https:\/\/www.gestaltkairos.com\/es\/naila-martinez-poveda\/","title":{"rendered":"Naila Mart\u00ednez Poveda"},"content":{"rendered":"\t\t<div data-elementor-type=\"wp-page\" data-elementor-id=\"29892\" class=\"elementor elementor-29892\" data-elementor-post-type=\"page\">\n\t\t\t\t\t\t<section class=\"elementor-section elementor-top-section elementor-element elementor-element-920e673 elementor-section-boxed elementor-section-height-default elementor-section-height-default\" data-id=\"920e673\" data-element_type=\"section\" data-e-type=\"section\" data-settings=\"{&quot;background_background&quot;:&quot;slideshow&quot;,&quot;background_slideshow_gallery&quot;:[{&quot;id&quot;:12523,&quot;url&quot;:&quot;https:\\\/\\\/www.gestaltkairos.com\\\/wp-content\\\/uploads\\\/2023\\\/06\\\/1.jpg&quot;},{&quot;id&quot;:12535,&quot;url&quot;:&quot;https:\\\/\\\/www.gestaltkairos.com\\\/wp-content\\\/uploads\\\/2023\\\/06\\\/5.jpg&quot;}],&quot;background_slideshow_slide_duration&quot;:3000,&quot;background_slideshow_ken_burns&quot;:&quot;yes&quot;,&quot;background_slideshow_loop&quot;:&quot;yes&quot;,&quot;background_slideshow_slide_transition&quot;:&quot;fade&quot;,&quot;background_slideshow_transition_duration&quot;:500,&quot;background_slideshow_ken_burns_zoom_direction&quot;:&quot;in&quot;}\">\n\t\t\t\t\t\t\t<div class=\"elementor-background-overlay\"><\/div>\n\t\t\t\t\t\t\t<div class=\"elementor-container elementor-column-gap-default\">\n\t\t\t\t\t<div class=\"elementor-column elementor-col-50 elementor-top-column elementor-element elementor-element-c62565f ot-flex-column-vertical\" data-id=\"c62565f\" data-element_type=\"column\" data-e-type=\"column\">\n\t\t\t<div class=\"elementor-widget-wrap elementor-element-populated\">\n\t\t\t\t\t\t<div class=\"elementor-element elementor-element-61c7952 elementor-widget elementor-widget-spacer\" data-id=\"61c7952\" data-element_type=\"widget\" data-e-type=\"widget\" data-widget_type=\"spacer.default\">\n\t\t\t\t<div class=\"elementor-widget-container\">\n\t\t\t\t\t\t\t<div class=\"elementor-spacer\">\n\t\t\t<div class=\"elementor-spacer-inner\"><\/div>\n\t\t<\/div>\n\t\t\t\t\t\t<\/div>\n\t\t\t\t<\/div>\n\t\t\t\t<div class=\"elementor-element elementor-element-9ffd266 elementor-widget-tablet__width-initial elementor-widget elementor-widget-iheading\" data-id=\"9ffd266\" data-element_type=\"widget\" data-e-type=\"widget\" data-widget_type=\"iheading.default\">\n\t\t\t\t<div class=\"elementor-widget-container\">\n\t\t\t\t\t\t\t<div class=\"ot-heading left-align\">\n\t\t\t\n\t\t\t\t\n\n\t         \n\n\t        \t        \t<h1 class=\"main-heading\">El nostre equip<\/h1>\n\t        \t    <\/div>\n\t    \t\t\t\t<\/div>\n\t\t\t\t<\/div>\n\t\t\t\t\t<\/div>\n\t\t<\/div>\n\t\t\t\t<div class=\"elementor-column elementor-col-50 elementor-top-column elementor-element elementor-element-e79be5c ot-column-items-bottom ot-flex-column-vertical\" data-id=\"e79be5c\" data-element_type=\"column\" data-e-type=\"column\">\n\t\t\t<div class=\"elementor-widget-wrap\">\n\t\t\t\t\t\t\t<\/div>\n\t\t<\/div>\n\t\t\t\t\t<\/div>\n\t\t<\/section>\n\t\t\t\t<section class=\"elementor-section elementor-top-section elementor-element elementor-element-fba93ae elementor-section-boxed elementor-section-height-default elementor-section-height-default\" data-id=\"fba93ae\" data-element_type=\"section\" data-e-type=\"section\">\n\t\t\t\t\t\t<div class=\"elementor-container elementor-column-gap-default\">\n\t\t\t\t\t<div class=\"elementor-column elementor-col-33 elementor-top-column elementor-element elementor-element-a145531 ot-flex-column-vertical\" data-id=\"a145531\" data-element_type=\"column\" data-e-type=\"column\">\n\t\t\t<div class=\"elementor-widget-wrap elementor-element-populated\">\n\t\t\t\t\t\t<div class=\"elementor-element elementor-element-18e0468 elementor-widget__width-initial elementor-widget elementor-widget-image\" data-id=\"18e0468\" data-element_type=\"widget\" data-e-type=\"widget\" data-widget_type=\"image.default\">\n\t\t\t\t<div class=\"elementor-widget-container\">\n\t\t\t\t\t\t\t\t\t\t\t\t\t\t\t<img fetchpriority=\"high\" decoding=\"async\" width=\"1080\" height=\"1080\" src=\"https:\/\/www.gestaltkairos.com\/wp-content\/uploads\/2025\/04\/Posts-Gestalt-Catalunya69.jpg\" class=\"attachment-full size-full wp-image-29926\" alt=\"\" srcset=\"https:\/\/www.gestaltkairos.com\/wp-content\/uploads\/2025\/04\/Posts-Gestalt-Catalunya69.jpg 1080w, https:\/\/www.gestaltkairos.com\/wp-content\/uploads\/2025\/04\/Posts-Gestalt-Catalunya69-300x300.jpg 300w, https:\/\/www.gestaltkairos.com\/wp-content\/uploads\/2025\/04\/Posts-Gestalt-Catalunya69-1024x1024.jpg 1024w, https:\/\/www.gestaltkairos.com\/wp-content\/uploads\/2025\/04\/Posts-Gestalt-Catalunya69-150x150.jpg 150w, https:\/\/www.gestaltkairos.com\/wp-content\/uploads\/2025\/04\/Posts-Gestalt-Catalunya69-768x768.jpg 768w, https:\/\/www.gestaltkairos.com\/wp-content\/uploads\/2025\/04\/Posts-Gestalt-Catalunya69-12x12.jpg 12w, https:\/\/www.gestaltkairos.com\/wp-content\/uploads\/2025\/04\/Posts-Gestalt-Catalunya69-760x760.jpg 760w\" sizes=\"(max-width: 1080px) 100vw, 1080px\" \/>\t\t\t\t\t\t\t\t\t\t\t\t\t\t\t<\/div>\n\t\t\t\t<\/div>\n\t\t\t\t\t<\/div>\n\t\t<\/div>\n\t\t\t\t<div class=\"elementor-column elementor-col-66 elementor-top-column elementor-element elementor-element-0a0e036 ot-flex-column-vertical\" data-id=\"0a0e036\" data-element_type=\"column\" data-e-type=\"column\">\n\t\t\t<div class=\"elementor-widget-wrap elementor-element-populated\">\n\t\t\t\t\t\t<div class=\"elementor-element elementor-element-b43ee14 elementor-widget elementor-widget-iheading\" data-id=\"b43ee14\" data-element_type=\"widget\" data-e-type=\"widget\" data-widget_type=\"iheading.default\">\n\t\t\t\t<div class=\"elementor-widget-container\">\n\t\t\t\t\t\t\t<div class=\"ot-heading left-align\">\n\t\t\t\n\t\t\t\t\n\n\t        \t            <h6 class=\"sub-heading\"><span>Psic\u00f2loga i Terapeuta Gestalt<\/span><\/h6>\n\t         \n\n\t        \t        \t<h2 class=\"main-heading\">Naila Mart\u00ednez Poveda<\/h2>\n\t        \t    <\/div>\n\t    \t\t\t\t<\/div>\n\t\t\t\t<\/div>\n\t\t\t\t<div class=\"elementor-element elementor-element-2ad3412 elementor-widget elementor-widget-text-editor\" data-id=\"2ad3412\" data-element_type=\"widget\" data-e-type=\"widget\" data-widget_type=\"text-editor.default\">\n\t\t\t\t<div class=\"elementor-widget-container\">\n\t\t\t\t\t\t\t\t\t<ul><li>Graduada en Psicologia per la Universitat de Girona.<\/li><li>Terapeuta Gestalt formada al Centre Gestalt Kairos.<\/li><li>Post-graduada en intel\u00b7lig\u00e8ncia emocional per la Universitat de Girona.<\/li><li>Formada en Psicopatologia Gest\u00e0ltica al CTP de Madrid amb la Carmen V\u00e1zquez Band\u00edn.<\/li><li>Post-grau internacional de Ter\u00e0pia Gestalt en la Teoria del Self i la Perspectiva de Camp.<\/li><li>Especialitzada en transtorns d&#8217;ansietat i TOC.<\/li><\/ul>\t\t\t\t\t\t\t\t<\/div>\n\t\t\t\t<\/div>\n\t\t\t\t<div class=\"elementor-element elementor-element-f24910d elementor-widget elementor-widget-text-editor\" data-id=\"f24910d\" data-element_type=\"widget\" data-e-type=\"widget\" data-widget_type=\"text-editor.default\">\n\t\t\t\t<div class=\"elementor-widget-container\">\n\t\t\t\t\t\t\t\t\t<p>&#8220;Cualquier resistencia es originalmente adquirida como asistencia para algo&#8221;<\/p><p>Laura Perls<\/p>\t\t\t\t\t\t\t\t<\/div>\n\t\t\t\t<\/div>\n\t\t\t\t<div class=\"elementor-element elementor-element-a935d41 elementor-mobile-align-center elementor-widget elementor-widget-button\" data-id=\"a935d41\" data-element_type=\"widget\" data-e-type=\"widget\" data-widget_type=\"button.default\">\n\t\t\t\t<div class=\"elementor-widget-container\">\n\t\t\t\t\t\t\t\t\t<div class=\"elementor-button-wrapper\">\n\t\t\t\t\t<a class=\"elementor-button elementor-button-link elementor-size-sm elementor-animation-grow\" href=\"https:\/\/www.gestaltkairos.com\/equip\/\">\n\t\t\t\t\t\t<span class=\"elementor-button-content-wrapper\">\n\t\t\t\t\t\t\t\t\t<span class=\"elementor-button-text\">Membres de l'equip<\/span>\n\t\t\t\t\t<\/span>\n\t\t\t\t\t<\/a>\n\t\t\t\t<\/div>\n\t\t\t\t\t\t\t\t<\/div>\n\t\t\t\t<\/div>\n\t\t\t\t\t<\/div>\n\t\t<\/div>\n\t\t\t\t\t<\/div>\n\t\t<\/section>\n\t\t\t\t<section class=\"elementor-section elementor-top-section elementor-element elementor-element-483af90 elementor-section-boxed elementor-section-height-default elementor-section-height-default\" data-id=\"483af90\" data-element_type=\"section\" data-e-type=\"section\">\n\t\t\t\t\t\t<div class=\"elementor-container elementor-column-gap-default\">\n\t\t\t\t\t<div class=\"elementor-column elementor-col-100 elementor-top-column elementor-element elementor-element-58621c1 ot-flex-column-vertical\" data-id=\"58621c1\" data-element_type=\"column\" data-e-type=\"column\">\n\t\t\t<div class=\"elementor-widget-wrap elementor-element-populated\">\n\t\t\t\t\t\t<div class=\"elementor-element elementor-element-6255fee elementor-widget elementor-widget-spacer\" data-id=\"6255fee\" data-element_type=\"widget\" data-e-type=\"widget\" data-widget_type=\"spacer.default\">\n\t\t\t\t<div class=\"elementor-widget-container\">\n\t\t\t\t\t\t\t<div class=\"elementor-spacer\">\n\t\t\t<div class=\"elementor-spacer-inner\"><\/div>\n\t\t<\/div>\n\t\t\t\t\t\t<\/div>\n\t\t\t\t<\/div>\n\t\t\t\t\t<\/div>\n\t\t<\/div>\n\t\t\t\t\t<\/div>\n\t\t<\/section>\n\t\t\t\t<\/div>\n\t\t","protected":false},"excerpt":{"rendered":"<p>El nostre equip Psic\u00f2loga i Terapeuta Gestalt Naila Mart\u00ednez Poveda Graduada en Psicologia per la Universitat de Girona. Terapeuta Gestalt formada al Centre Gestalt Kairos. Post-graduada en intel\u00b7lig\u00e8ncia emocional per la Universitat de Girona. Formada en Psicopatologia Gest\u00e0ltica al CTP de Madrid amb la Carmen V\u00e1zquez Band\u00edn. Post-grau internacional de Ter\u00e0pia Gestalt en la Teoria [&hellip;]<\/p>\n","protected":false},"author":3,"featured_media":0,"parent":0,"menu_order":0,"comment_status":"closed","ping_status":"closed","template":"","meta":{"footnotes":""},"class_list":["post-29892","page","type-page","status-publish","hentry"],"_links":{"self":[{"href":"https:\/\/www.gestaltkairos.com\/es\/wp-json\/wp\/v2\/pages\/29892","targetHints":{"allow":["GET"]}}],"collection":[{"href":"https:\/\/www.gestaltkairos.com\/es\/wp-json\/wp\/v2\/pages"}],"about":[{"href":"https:\/\/www.gestaltkairos.com\/es\/wp-json\/wp\/v2\/types\/page"}],"author":[{"embeddable":true,"href":"https:\/\/www.gestaltkairos.com\/es\/wp-json\/wp\/v2\/users\/3"}],"replies":[{"embeddable":true,"href":"https:\/\/www.gestaltkairos.com\/es\/wp-json\/wp\/v2\/comments?post=29892"}],"version-history":[{"count":22,"href":"https:\/\/www.gestaltkairos.com\/es\/wp-json\/wp\/v2\/pages\/29892\/revisions"}],"predecessor-version":[{"id":29953,"href":"https:\/\/www.gestaltkairos.com\/es\/wp-json\/wp\/v2\/pages\/29892\/revisions\/29953"}],"wp:attachment":[{"href":"https:\/\/www.gestaltkairos.com\/es\/wp-json\/wp\/v2\/media?parent=29892"}],"curies":[{"name":"wp","href":"https:\/\/api.w.org\/{rel}","templated":true}]}}