{"id":30309,"date":"2025-10-02T14:51:32","date_gmt":"2025-10-02T12:51:32","guid":{"rendered":"https:\/\/www.gestaltkairos.com\/?page_id=30309"},"modified":"2025-10-10T09:42:29","modified_gmt":"2025-10-10T07:42:29","slug":"laura-camprubi","status":"publish","type":"page","link":"https:\/\/www.gestaltkairos.com\/es\/laura-camprubi\/","title":{"rendered":"Laura Camprub\u00ed"},"content":{"rendered":"\t\t<div data-elementor-type=\"wp-page\" data-elementor-id=\"30309\" class=\"elementor elementor-30309\" data-elementor-post-type=\"page\">\n\t\t\t\t\t\t<section class=\"elementor-section elementor-top-section elementor-element elementor-element-50cea9d elementor-section-boxed elementor-section-height-default elementor-section-height-default\" data-id=\"50cea9d\" data-element_type=\"section\" data-e-type=\"section\" data-settings=\"{&quot;background_background&quot;:&quot;slideshow&quot;,&quot;background_slideshow_gallery&quot;:[{&quot;id&quot;:12523,&quot;url&quot;:&quot;https:\\\/\\\/www.gestaltkairos.com\\\/wp-content\\\/uploads\\\/2023\\\/06\\\/1.jpg&quot;},{&quot;id&quot;:12535,&quot;url&quot;:&quot;https:\\\/\\\/www.gestaltkairos.com\\\/wp-content\\\/uploads\\\/2023\\\/06\\\/5.jpg&quot;}],&quot;background_slideshow_slide_duration&quot;:3000,&quot;background_slideshow_ken_burns&quot;:&quot;yes&quot;,&quot;background_slideshow_loop&quot;:&quot;yes&quot;,&quot;background_slideshow_slide_transition&quot;:&quot;fade&quot;,&quot;background_slideshow_transition_duration&quot;:500,&quot;background_slideshow_ken_burns_zoom_direction&quot;:&quot;in&quot;}\">\n\t\t\t\t\t\t\t<div class=\"elementor-background-overlay\"><\/div>\n\t\t\t\t\t\t\t<div class=\"elementor-container elementor-column-gap-default\">\n\t\t\t\t\t<div class=\"elementor-column elementor-col-50 elementor-top-column elementor-element elementor-element-1b10825 ot-flex-column-vertical\" data-id=\"1b10825\" data-element_type=\"column\" data-e-type=\"column\">\n\t\t\t<div class=\"elementor-widget-wrap elementor-element-populated\">\n\t\t\t\t\t\t<div class=\"elementor-element elementor-element-be335c7 elementor-widget elementor-widget-spacer\" data-id=\"be335c7\" data-element_type=\"widget\" data-e-type=\"widget\" data-widget_type=\"spacer.default\">\n\t\t\t\t<div class=\"elementor-widget-container\">\n\t\t\t\t\t\t\t<div class=\"elementor-spacer\">\n\t\t\t<div class=\"elementor-spacer-inner\"><\/div>\n\t\t<\/div>\n\t\t\t\t\t\t<\/div>\n\t\t\t\t<\/div>\n\t\t\t\t<div class=\"elementor-element elementor-element-7ffca04 elementor-widget-tablet__width-initial elementor-widget elementor-widget-iheading\" data-id=\"7ffca04\" data-element_type=\"widget\" data-e-type=\"widget\" data-widget_type=\"iheading.default\">\n\t\t\t\t<div class=\"elementor-widget-container\">\n\t\t\t\t\t\t\t<div class=\"ot-heading left-align\">\n\t\t\t\n\t\t\t\t\n\n\t         \n\n\t        \t        \t<h1 class=\"main-heading\">El nostre equip<\/h1>\n\t        \t    <\/div>\n\t    \t\t\t\t<\/div>\n\t\t\t\t<\/div>\n\t\t\t\t\t<\/div>\n\t\t<\/div>\n\t\t\t\t<div class=\"elementor-column elementor-col-50 elementor-top-column elementor-element elementor-element-89f1ee9 ot-column-items-bottom ot-flex-column-vertical\" data-id=\"89f1ee9\" data-element_type=\"column\" data-e-type=\"column\">\n\t\t\t<div class=\"elementor-widget-wrap\">\n\t\t\t\t\t\t\t<\/div>\n\t\t<\/div>\n\t\t\t\t\t<\/div>\n\t\t<\/section>\n\t\t\t\t<section class=\"elementor-section elementor-top-section elementor-element elementor-element-a7337c2 elementor-section-boxed elementor-section-height-default elementor-section-height-default\" data-id=\"a7337c2\" data-element_type=\"section\" data-e-type=\"section\">\n\t\t\t\t\t\t<div class=\"elementor-container elementor-column-gap-default\">\n\t\t\t\t\t<div class=\"elementor-column elementor-col-33 elementor-top-column elementor-element elementor-element-345ff4e ot-flex-column-vertical\" data-id=\"345ff4e\" data-element_type=\"column\" data-e-type=\"column\">\n\t\t\t<div class=\"elementor-widget-wrap elementor-element-populated\">\n\t\t\t\t\t\t<div class=\"elementor-element elementor-element-13bdf70 elementor-widget elementor-widget-image\" data-id=\"13bdf70\" data-element_type=\"widget\" data-e-type=\"widget\" data-widget_type=\"image.default\">\n\t\t\t\t<div class=\"elementor-widget-container\">\n\t\t\t\t\t\t\t\t\t\t\t\t\t\t\t<img fetchpriority=\"high\" decoding=\"async\" width=\"1024\" height=\"1024\" src=\"https:\/\/www.gestaltkairos.com\/wp-content\/uploads\/2025\/10\/Posts-Gestalt-Catalunya29-1024x1024.jpg\" class=\"attachment-large size-large wp-image-30298\" alt=\"\" srcset=\"https:\/\/www.gestaltkairos.com\/wp-content\/uploads\/2025\/10\/Posts-Gestalt-Catalunya29-1024x1024.jpg 1024w, https:\/\/www.gestaltkairos.com\/wp-content\/uploads\/2025\/10\/Posts-Gestalt-Catalunya29-300x300.jpg 300w, https:\/\/www.gestaltkairos.com\/wp-content\/uploads\/2025\/10\/Posts-Gestalt-Catalunya29-150x150.jpg 150w, https:\/\/www.gestaltkairos.com\/wp-content\/uploads\/2025\/10\/Posts-Gestalt-Catalunya29-768x768.jpg 768w, https:\/\/www.gestaltkairos.com\/wp-content\/uploads\/2025\/10\/Posts-Gestalt-Catalunya29-12x12.jpg 12w, https:\/\/www.gestaltkairos.com\/wp-content\/uploads\/2025\/10\/Posts-Gestalt-Catalunya29-760x760.jpg 760w, https:\/\/www.gestaltkairos.com\/wp-content\/uploads\/2025\/10\/Posts-Gestalt-Catalunya29.jpg 1080w\" sizes=\"(max-width: 1024px) 100vw, 1024px\" \/>\t\t\t\t\t\t\t\t\t\t\t\t\t\t\t<\/div>\n\t\t\t\t<\/div>\n\t\t\t\t\t<\/div>\n\t\t<\/div>\n\t\t\t\t<div class=\"elementor-column elementor-col-66 elementor-top-column elementor-element elementor-element-ee725d9 ot-flex-column-vertical\" data-id=\"ee725d9\" data-element_type=\"column\" data-e-type=\"column\">\n\t\t\t<div class=\"elementor-widget-wrap elementor-element-populated\">\n\t\t\t\t\t\t<div class=\"elementor-element elementor-element-200737b elementor-widget elementor-widget-iheading\" data-id=\"200737b\" data-element_type=\"widget\" data-e-type=\"widget\" data-widget_type=\"iheading.default\">\n\t\t\t\t<div class=\"elementor-widget-container\">\n\t\t\t\t\t\t\t<div class=\"ot-heading left-align\">\n\t\t\t\n\t\t\t\t\n\n\t        \t            <h6 class=\"sub-heading\"><span>Psic\u00f2loga sanit\u00e0ria i Terapeuta Gestalt<\/span><\/h6>\n\t         \n\n\t        \t        \t<h2 class=\"main-heading\">Laura Camprub\u00ed<\/h2>\n\t        \t    <\/div>\n\t    \t\t\t\t<\/div>\n\t\t\t\t<\/div>\n\t\t\t\t<div class=\"elementor-element elementor-element-4585831 elementor-widget elementor-widget-text-editor\" data-id=\"4585831\" data-element_type=\"widget\" data-e-type=\"widget\" data-widget_type=\"text-editor.default\">\n\t\t\t\t<div class=\"elementor-widget-container\">\n\t\t\t\t\t\t\t\t\t<ul><li>Psic\u00f2loga general sanit\u00e0ria (n\u00famero de col\u00b7legiada 30498)<\/li><li>Terapeuta Gestalt formada a l&#8217;Escola Gestalt Kairos.<\/li><li>Membre Adherent de la AETG.<\/li><li><div dir=\"ltr\" data-setdir=\"false\">Postgrau en Psicopatologia Gest\u00e0ltica de la costa Est, amb la Carmen V\u00e1zquez.<\/div><\/li><li>Actualment, ampliant la formaci\u00f3 en Psicopatolgia gest\u00e0ltica al centre de Ter\u00e0pia i Psicologia CTP, a Madrid.<\/li><li>Professora de Ioga, certificat per l&#8217;Associaci\u00f3 de Ioga Integral i Psicologia de l&#8217;Autorealitzaci\u00f3.<\/li><li>Formada en Ter\u00e0pia Corporal Integrativa a l&#8217;Espai Gestalt de Barcelona.<\/li><li><div dir=\"ltr\" data-setdir=\"false\">M\u00e0ster en trastorn Mental Greu per la Fundaci\u00f3 Bosch i Gimpera de Barcelona.<\/div><\/li><\/ul>\t\t\t\t\t\t\t\t<\/div>\n\t\t\t\t<\/div>\n\t\t\t\t<div class=\"elementor-element elementor-element-1cdc04f elementor-widget elementor-widget-text-editor\" data-id=\"1cdc04f\" data-element_type=\"widget\" data-e-type=\"widget\" data-widget_type=\"text-editor.default\">\n\t\t\t\t<div class=\"elementor-widget-container\">\n\t\t\t\t\t\t\t\t\t<div dir=\"ltr\" data-setdir=\"false\"><i>&#8220;La curiosa paradoxa \u00e9s que quan m&#8217;accepto tal com s\u00f3c, aleshores puc canviar&#8221; <\/i><\/div><div dir=\"ltr\" data-setdir=\"false\"><i>\u00a0 \u00a0 \u00a0 \u00a0 \u00a0 \u00a0 \u00a0 \u00a0 \u00a0 \u00a0 \u00a0 \u00a0 \u00a0 \u00a0 \u00a0 \u00a0 \u00a0 \u00a0 \u00a0 \u00a0 \u00a0 \u00a0 \u00a0 \u00a0 \u00a0 \u00a0 \u00a0 \u00a0 \u00a0 \u00a0 \u00a0 \u00a0 \u00a0 \u00a0 \u00a0 \u00a0 \u00a0 \u00a0 \u00a0 \u00a0 \u00a0Carl Rogers<\/i><\/div><div dir=\"ltr\" data-setdir=\"false\">\u00a0<\/div>\t\t\t\t\t\t\t\t<\/div>\n\t\t\t\t<\/div>\n\t\t\t\t<div class=\"elementor-element elementor-element-f12a8a2 elementor-mobile-align-center elementor-widget elementor-widget-button\" data-id=\"f12a8a2\" data-element_type=\"widget\" data-e-type=\"widget\" data-widget_type=\"button.default\">\n\t\t\t\t<div class=\"elementor-widget-container\">\n\t\t\t\t\t\t\t\t\t<div class=\"elementor-button-wrapper\">\n\t\t\t\t\t<a class=\"elementor-button elementor-button-link elementor-size-sm elementor-animation-grow\" href=\"https:\/\/www.gestaltkairos.com\/equip\/\">\n\t\t\t\t\t\t<span class=\"elementor-button-content-wrapper\">\n\t\t\t\t\t\t\t\t\t<span class=\"elementor-button-text\">Membres de l'equip<\/span>\n\t\t\t\t\t<\/span>\n\t\t\t\t\t<\/a>\n\t\t\t\t<\/div>\n\t\t\t\t\t\t\t\t<\/div>\n\t\t\t\t<\/div>\n\t\t\t\t<div class=\"elementor-element elementor-element-2ce195f elementor-widget elementor-widget-spacer\" data-id=\"2ce195f\" data-element_type=\"widget\" data-e-type=\"widget\" data-widget_type=\"spacer.default\">\n\t\t\t\t<div class=\"elementor-widget-container\">\n\t\t\t\t\t\t\t<div class=\"elementor-spacer\">\n\t\t\t<div class=\"elementor-spacer-inner\"><\/div>\n\t\t<\/div>\n\t\t\t\t\t\t<\/div>\n\t\t\t\t<\/div>\n\t\t\t\t\t<\/div>\n\t\t<\/div>\n\t\t\t\t\t<\/div>\n\t\t<\/section>\n\t\t\t\t<\/div>\n\t\t","protected":false},"excerpt":{"rendered":"<p>El nostre equip Psic\u00f2loga sanit\u00e0ria i Terapeuta Gestalt Laura Camprub\u00ed Psic\u00f2loga general sanit\u00e0ria (n\u00famero de col\u00b7legiada 30498) Terapeuta Gestalt formada a l&#8217;Escola Gestalt Kairos. Membre Adherent de la AETG. Postgrau en Psicopatologia Gest\u00e0ltica de la costa Est, amb la Carmen V\u00e1zquez. Actualment, ampliant la formaci\u00f3 en Psicopatolgia gest\u00e0ltica al centre de Ter\u00e0pia i Psicologia CTP, [&hellip;]<\/p>\n","protected":false},"author":3,"featured_media":0,"parent":0,"menu_order":0,"comment_status":"closed","ping_status":"closed","template":"","meta":{"footnotes":""},"class_list":["post-30309","page","type-page","status-publish","hentry"],"_links":{"self":[{"href":"https:\/\/www.gestaltkairos.com\/es\/wp-json\/wp\/v2\/pages\/30309","targetHints":{"allow":["GET"]}}],"collection":[{"href":"https:\/\/www.gestaltkairos.com\/es\/wp-json\/wp\/v2\/pages"}],"about":[{"href":"https:\/\/www.gestaltkairos.com\/es\/wp-json\/wp\/v2\/types\/page"}],"author":[{"embeddable":true,"href":"https:\/\/www.gestaltkairos.com\/es\/wp-json\/wp\/v2\/users\/3"}],"replies":[{"embeddable":true,"href":"https:\/\/www.gestaltkairos.com\/es\/wp-json\/wp\/v2\/comments?post=30309"}],"version-history":[{"count":37,"href":"https:\/\/www.gestaltkairos.com\/es\/wp-json\/wp\/v2\/pages\/30309\/revisions"}],"predecessor-version":[{"id":30443,"href":"https:\/\/www.gestaltkairos.com\/es\/wp-json\/wp\/v2\/pages\/30309\/revisions\/30443"}],"wp:attachment":[{"href":"https:\/\/www.gestaltkairos.com\/es\/wp-json\/wp\/v2\/media?parent=30309"}],"curies":[{"name":"wp","href":"https:\/\/api.w.org\/{rel}","templated":true}]}}