{"id":6512,"date":"2021-04-29T09:16:58","date_gmt":"2021-04-29T07:16:58","guid":{"rendered":"https:\/\/factoria81.dev\/gestaltcatalunya\/?page_id=6512"},"modified":"2026-02-03T11:15:42","modified_gmt":"2026-02-03T10:15:42","slug":"qui-som","status":"publish","type":"page","link":"https:\/\/www.gestaltkairos.com\/es\/qui-som\/","title":{"rendered":"Qui som"},"content":{"rendered":"\t\t<div data-elementor-type=\"wp-page\" data-elementor-id=\"6512\" class=\"elementor elementor-6512\" data-elementor-post-type=\"page\">\n\t\t\t\t\t\t<section class=\"elementor-section elementor-top-section elementor-element elementor-element-a1d451f elementor-section-boxed elementor-section-height-default elementor-section-height-default\" data-id=\"a1d451f\" data-element_type=\"section\" data-e-type=\"section\" data-settings=\"{&quot;background_background&quot;:&quot;slideshow&quot;,&quot;background_slideshow_gallery&quot;:[{&quot;id&quot;:12523,&quot;url&quot;:&quot;https:\\\/\\\/www.gestaltkairos.com\\\/wp-content\\\/uploads\\\/2023\\\/06\\\/1.jpg&quot;},{&quot;id&quot;:12535,&quot;url&quot;:&quot;https:\\\/\\\/www.gestaltkairos.com\\\/wp-content\\\/uploads\\\/2023\\\/06\\\/5.jpg&quot;}],&quot;background_slideshow_slide_duration&quot;:3000,&quot;background_slideshow_ken_burns&quot;:&quot;yes&quot;,&quot;background_slideshow_loop&quot;:&quot;yes&quot;,&quot;background_slideshow_slide_transition&quot;:&quot;fade&quot;,&quot;background_slideshow_transition_duration&quot;:500,&quot;background_slideshow_ken_burns_zoom_direction&quot;:&quot;in&quot;}\">\n\t\t\t\t\t\t\t<div class=\"elementor-background-overlay\"><\/div>\n\t\t\t\t\t\t\t<div class=\"elementor-container elementor-column-gap-default\">\n\t\t\t\t\t<div class=\"elementor-column elementor-col-50 elementor-top-column elementor-element elementor-element-a2503ec ot-flex-column-vertical\" data-id=\"a2503ec\" data-element_type=\"column\" data-e-type=\"column\">\n\t\t\t<div class=\"elementor-widget-wrap elementor-element-populated\">\n\t\t\t\t\t\t<div class=\"elementor-element elementor-element-c7fdb00 elementor-widget elementor-widget-spacer\" data-id=\"c7fdb00\" data-element_type=\"widget\" data-e-type=\"widget\" data-widget_type=\"spacer.default\">\n\t\t\t\t<div class=\"elementor-widget-container\">\n\t\t\t\t\t\t\t<div class=\"elementor-spacer\">\n\t\t\t<div class=\"elementor-spacer-inner\"><\/div>\n\t\t<\/div>\n\t\t\t\t\t\t<\/div>\n\t\t\t\t<\/div>\n\t\t\t\t<div class=\"elementor-element elementor-element-f9b1569 elementor-widget-tablet__width-initial elementor-widget elementor-widget-iheading\" data-id=\"f9b1569\" data-element_type=\"widget\" data-e-type=\"widget\" data-widget_type=\"iheading.default\">\n\t\t\t\t<div class=\"elementor-widget-container\">\n\t\t\t\t\t\t\t<div class=\"ot-heading left-align\">\n\t\t\t\n\t\t\t\t\n\n\t         \n\n\t        \t        \t<h1 class=\"main-heading\">Gestalt Kairos: qui som<\/h1>\n\t        \t    <\/div>\n\t    \t\t\t\t<\/div>\n\t\t\t\t<\/div>\n\t\t\t\t\t<\/div>\n\t\t<\/div>\n\t\t\t\t<div class=\"elementor-column elementor-col-50 elementor-top-column elementor-element elementor-element-2e02739 ot-column-items-bottom ot-flex-column-vertical\" data-id=\"2e02739\" data-element_type=\"column\" data-e-type=\"column\">\n\t\t\t<div class=\"elementor-widget-wrap\">\n\t\t\t\t\t\t\t<\/div>\n\t\t<\/div>\n\t\t\t\t\t<\/div>\n\t\t<\/section>\n\t\t\t\t<section class=\"elementor-section elementor-top-section elementor-element elementor-element-2756c36 elementor-section-boxed elementor-section-height-default elementor-section-height-default\" data-id=\"2756c36\" data-element_type=\"section\" data-e-type=\"section\">\n\t\t\t\t\t\t<div class=\"elementor-container elementor-column-gap-default\">\n\t\t\t\t\t<div class=\"elementor-column elementor-col-66 elementor-top-column elementor-element elementor-element-d748b42 ot-flex-column-vertical\" data-id=\"d748b42\" data-element_type=\"column\" data-e-type=\"column\">\n\t\t\t<div class=\"elementor-widget-wrap elementor-element-populated\">\n\t\t\t\t\t\t<div class=\"elementor-element elementor-element-8206230 elementor-widget elementor-widget-iheading\" data-id=\"8206230\" data-element_type=\"widget\" data-e-type=\"widget\" data-widget_type=\"iheading.default\">\n\t\t\t\t<div class=\"elementor-widget-container\">\n\t\t\t\t\t\t\t<div class=\"ot-heading left-align\">\n\t\t\t\n\t\t\t\t\n\n\t        \t            <h6 class=\"sub-heading\"><span>Gestalt Kairos <\/span><\/h6>\n\t         \n\n\t        \t        \t<h2 class=\"main-heading\">Qui som<\/h2>\n\t        \t    <\/div>\n\t    \t\t\t\t<\/div>\n\t\t\t\t<\/div>\n\t\t\t\t<div class=\"elementor-element elementor-element-2baaa33a elementor-widget elementor-widget-text-editor\" data-id=\"2baaa33a\" data-element_type=\"widget\" data-e-type=\"widget\" data-widget_type=\"text-editor.default\">\n\t\t\t\t<div class=\"elementor-widget-container\">\n\t\t\t\t\t\t\t\t\t<p>Gestalt Kairos \u00e9s un referent de la ter\u00e0pia Gestalt i pionera en la uni\u00f3 de la costa est i oest. Destaca per tenir un equip de treball format i especialitzat, alhora que atent i amor\u00f3s. Un dels valors principals \u00e9s la cura cap als clients\/clientes i entre nosaltres. Una escola que s\u2019atreveix a idear i experimentar noves maneres de treballar adaptant-se al moment i a les necessitats de les persones per fer un m\u00f3n millor.\u00a0<\/p><p>El 2011 vam crear el que ara \u00e9s Gestalt Kairos que dona continu\u00eftat a totes les nostres activitats relacionades amb la ter\u00e0pia gestalt que fa anys que impartim. Ens trobem a Girona.<\/p><p>Gestalt Kairos \u00e9s un espai de FORMACI\u00d3 i TER\u00c0PIA que potencia la trobada amb un mateix i entre persones d\u2019una forma conscient i saludable. Facilitem processos formatius amens i potents per a la millora de la qualitat de vida. Tenim confian\u00e7a en la naturalesa humana i la seva capacitat d\u2019autorregulaci\u00f3.<\/p><p>Els nostres valors: estar present, transpar\u00e8ncia, sinceritat, humanitat, ecologia i l\u2019espiritualitat.<\/p><p>Volem agrair a totes aquelles persones que han anat confiant en nosaltres assistint a les nostres formacions, cursos i tallers. Sense elles no seria possible continuar construint aquest projecte com\u00fa. Agrair tota l\u2019entrega i saviesa que han aportat per seguir creixent junts i expandir el respecte, la consci\u00e8ncia i la recerca de la pau interior i exterior.<\/p>\t\t\t\t\t\t\t\t<\/div>\n\t\t\t\t<\/div>\n\t\t\t\t\t<\/div>\n\t\t<\/div>\n\t\t\t\t<div class=\"elementor-column elementor-col-33 elementor-top-column elementor-element elementor-element-fdbb201 ot-flex-column-vertical\" data-id=\"fdbb201\" data-element_type=\"column\" data-e-type=\"column\">\n\t\t\t<div class=\"elementor-widget-wrap elementor-element-populated\">\n\t\t\t\t\t\t<div class=\"elementor-element elementor-element-1c2e002 elementor-widget elementor-widget-image\" data-id=\"1c2e002\" data-element_type=\"widget\" data-e-type=\"widget\" data-widget_type=\"image.default\">\n\t\t\t\t<div class=\"elementor-widget-container\">\n\t\t\t\t\t\t\t\t\t\t\t\t\t\t\t<img fetchpriority=\"high\" decoding=\"async\" width=\"1024\" height=\"257\" src=\"https:\/\/www.gestaltkairos.com\/wp-content\/uploads\/2021\/02\/Gestalt-Kairos-hortizontal-color-1024x257.png\" class=\"attachment-large size-large wp-image-28608\" alt=\"gestalt a girona\" srcset=\"https:\/\/www.gestaltkairos.com\/wp-content\/uploads\/2021\/02\/Gestalt-Kairos-hortizontal-color-1024x257.png 1024w, https:\/\/www.gestaltkairos.com\/wp-content\/uploads\/2021\/02\/Gestalt-Kairos-hortizontal-color-300x75.png 300w, https:\/\/www.gestaltkairos.com\/wp-content\/uploads\/2021\/02\/Gestalt-Kairos-hortizontal-color-768x193.png 768w, https:\/\/www.gestaltkairos.com\/wp-content\/uploads\/2021\/02\/Gestalt-Kairos-hortizontal-color-18x5.png 18w, https:\/\/www.gestaltkairos.com\/wp-content\/uploads\/2021\/02\/Gestalt-Kairos-hortizontal-color.png 1200w\" sizes=\"(max-width: 1024px) 100vw, 1024px\" \/>\t\t\t\t\t\t\t\t\t\t\t\t\t\t\t<\/div>\n\t\t\t\t<\/div>\n\t\t\t\t<div class=\"elementor-element elementor-element-de47fef elementor-widget elementor-widget-list_menu_item\" data-id=\"de47fef\" data-element_type=\"widget\" data-e-type=\"widget\" data-widget_type=\"list_menu_item.default\">\n\t\t\t\t<div class=\"elementor-widget-container\">\n\t\t\t\t\t\t        <div class=\"list-menu-item-wrapper\">\n\t        \t<ul class=\"unstyle \">\n\t        \t\t\t        \t\t\t<li>\n\t        \t\t\t\t<a href=\"https:\/\/www.gestaltkairos.com\/equip\/\">\t\t\t\t\t\t\t<span>L'equip<\/span>\n\t\t\t\t\t\t\t\t\t\t\t\t\t\t\t<\/a>\n\t\t\t\t\t\t\t\t        \t\t\t<\/li>\n\t        \t\t\t        \t\t\t<li>\n\t        \t\t\t\t<a href=\"https:\/\/www.helenabellod.com\/\" target=\"_blank\" rel=\"nofollow noopener\">\t\t\t\t\t\t\t<span>Col\u00b7laboraci\u00f3 amb Helena Bellod<\/span>\n\t\t\t\t\t\t\t\t\t\t\t\t\t\t\t<\/a>\n\t\t\t\t\t\t\t\t        \t\t\t<\/li>\n\t        \t\t\t        \t\t\t<li>\n\t        \t\t\t\t<a href=\"https:\/\/www.gestaltkairos.com\/formacio-terapia-gestalt-adults-girona\/\" target=\"_blank\" rel=\"nofollow\">\t\t\t\t\t\t\t<span>Formaci\u00f3 en ter\u00e0pia Gestalt<\/span>\n\t\t\t\t\t\t\t\t\t\t\t\t\t\t\t<\/a>\n\t\t\t\t\t\t\t\t        \t\t\t<\/li>\n\t        \t\t\t        \t<\/ul>\n\t        <\/div>\n\t    \t\t\t\t<\/div>\n\t\t\t\t<\/div>\n\t\t\t\t<div class=\"elementor-element elementor-element-cfffa50 elementor-widget elementor-widget-button\" data-id=\"cfffa50\" data-element_type=\"widget\" data-e-type=\"widget\" data-widget_type=\"button.default\">\n\t\t\t\t<div class=\"elementor-widget-container\">\n\t\t\t\t\t\t\t\t\t<div class=\"elementor-button-wrapper\">\n\t\t\t\t\t<a class=\"elementor-button elementor-button-link elementor-size-sm\" href=\"https:\/\/www.gestaltkairos.com\/wp-content\/uploads\/2026\/02\/Codigo-Etico-actualizacion-2024-160925.pdf\" target=\"_blank\">\n\t\t\t\t\t\t<span class=\"elementor-button-content-wrapper\">\n\t\t\t\t\t\t\t\t\t<span class=\"elementor-button-text\">CODI \u00c8TIC<\/span>\n\t\t\t\t\t<\/span>\n\t\t\t\t\t<\/a>\n\t\t\t\t<\/div>\n\t\t\t\t\t\t\t\t<\/div>\n\t\t\t\t<\/div>\n\t\t\t\t\t<\/div>\n\t\t<\/div>\n\t\t\t\t\t<\/div>\n\t\t<\/section>\n\t\t\t\t<section class=\"elementor-section elementor-top-section elementor-element elementor-element-55a2426 elementor-section-boxed elementor-section-height-default elementor-section-height-default\" data-id=\"55a2426\" data-element_type=\"section\" data-e-type=\"section\" data-settings=\"{&quot;background_background&quot;:&quot;classic&quot;}\">\n\t\t\t\t\t\t\t<div class=\"elementor-background-overlay\"><\/div>\n\t\t\t\t\t\t\t<div class=\"elementor-container elementor-column-gap-default\">\n\t\t\t\t\t<div class=\"elementor-column elementor-col-100 elementor-top-column elementor-element elementor-element-e6c42e1 ot-flex-column-vertical\" data-id=\"e6c42e1\" data-element_type=\"column\" data-e-type=\"column\">\n\t\t\t<div class=\"elementor-widget-wrap elementor-element-populated\">\n\t\t\t\t\t\t<div class=\"elementor-element elementor-element-287edd3 elementor-invisible elementor-widget elementor-widget-heading\" data-id=\"287edd3\" data-element_type=\"widget\" data-e-type=\"widget\" data-settings=\"{&quot;_animation&quot;:&quot;fadeIn&quot;,&quot;_animation_delay&quot;:100}\" data-widget_type=\"heading.default\">\n\t\t\t\t<div class=\"elementor-widget-container\">\n\t\t\t\t\t<h2 class=\"elementor-heading-title elementor-size-default\">Ens coneixem?<\/h2>\t\t\t\t<\/div>\n\t\t\t\t<\/div>\n\t\t\t\t<div class=\"elementor-element elementor-element-9ec6ce5 elementor-align-center elementor-mobile-align-justify elementor-widget elementor-widget-button\" data-id=\"9ec6ce5\" data-element_type=\"widget\" data-e-type=\"widget\" data-widget_type=\"button.default\">\n\t\t\t\t<div class=\"elementor-widget-container\">\n\t\t\t\t\t\t\t\t\t<div class=\"elementor-button-wrapper\">\n\t\t\t\t\t<a class=\"elementor-button elementor-button-link elementor-size-md\" href=\"https:\/\/www.gestaltkairos.com\/contacte\/\">\n\t\t\t\t\t\t<span class=\"elementor-button-content-wrapper\">\n\t\t\t\t\t\t\t\t\t<span class=\"elementor-button-text\">Contacta<\/span>\n\t\t\t\t\t<\/span>\n\t\t\t\t\t<\/a>\n\t\t\t\t<\/div>\n\t\t\t\t\t\t\t\t<\/div>\n\t\t\t\t<\/div>\n\t\t\t\t\t<\/div>\n\t\t<\/div>\n\t\t\t\t\t<\/div>\n\t\t<\/section>\n\t\t\t\t<\/div>\n\t\t","protected":false},"excerpt":{"rendered":"<p>Gestalt Kairos: qui som Gestalt Kairos Qui som Gestalt Kairos \u00e9s un referent de la ter\u00e0pia Gestalt i pionera en la uni\u00f3 de la costa est i oest. Destaca per tenir un equip de treball format i especialitzat, alhora que atent i amor\u00f3s. Un dels valors principals \u00e9s la cura cap als clients\/clientes i entre [&hellip;]<\/p>\n","protected":false},"author":1,"featured_media":0,"parent":0,"menu_order":0,"comment_status":"closed","ping_status":"closed","template":"","meta":{"footnotes":""},"class_list":["post-6512","page","type-page","status-publish","hentry"],"_links":{"self":[{"href":"https:\/\/www.gestaltkairos.com\/es\/wp-json\/wp\/v2\/pages\/6512","targetHints":{"allow":["GET"]}}],"collection":[{"href":"https:\/\/www.gestaltkairos.com\/es\/wp-json\/wp\/v2\/pages"}],"about":[{"href":"https:\/\/www.gestaltkairos.com\/es\/wp-json\/wp\/v2\/types\/page"}],"author":[{"embeddable":true,"href":"https:\/\/www.gestaltkairos.com\/es\/wp-json\/wp\/v2\/users\/1"}],"replies":[{"embeddable":true,"href":"https:\/\/www.gestaltkairos.com\/es\/wp-json\/wp\/v2\/comments?post=6512"}],"version-history":[{"count":144,"href":"https:\/\/www.gestaltkairos.com\/es\/wp-json\/wp\/v2\/pages\/6512\/revisions"}],"predecessor-version":[{"id":30863,"href":"https:\/\/www.gestaltkairos.com\/es\/wp-json\/wp\/v2\/pages\/6512\/revisions\/30863"}],"wp:attachment":[{"href":"https:\/\/www.gestaltkairos.com\/es\/wp-json\/wp\/v2\/media?parent=6512"}],"curies":[{"name":"wp","href":"https:\/\/api.w.org\/{rel}","templated":true}]}}