{"id":6618,"date":"2021-04-29T11:01:47","date_gmt":"2021-04-29T09:01:47","guid":{"rendered":"https:\/\/factoria81.dev\/gestaltcatalunya\/?page_id=6618"},"modified":"2026-02-09T16:15:39","modified_gmt":"2026-02-09T15:15:39","slug":"tallers-i-grups","status":"publish","type":"page","link":"https:\/\/www.gestaltkairos.com\/es\/tallers-i-grups\/","title":{"rendered":"Tallers i Grups"},"content":{"rendered":"\t\t<div data-elementor-type=\"wp-page\" data-elementor-id=\"6618\" class=\"elementor elementor-6618\" data-elementor-post-type=\"page\">\n\t\t\t\t\t\t<section class=\"elementor-section elementor-top-section elementor-element elementor-element-6214d5c elementor-section-boxed elementor-section-height-default elementor-section-height-default\" data-id=\"6214d5c\" data-element_type=\"section\" data-e-type=\"section\" data-settings=\"{&quot;background_background&quot;:&quot;slideshow&quot;,&quot;background_slideshow_gallery&quot;:[{&quot;id&quot;:29063,&quot;url&quot;:&quot;https:\\\/\\\/www.gestaltkairos.com\\\/wp-content\\\/uploads\\\/2024\\\/09\\\/1-2.jpg&quot;},{&quot;id&quot;:28949,&quot;url&quot;:&quot;https:\\\/\\\/www.gestaltkairos.com\\\/wp-content\\\/uploads\\\/2024\\\/09\\\/viatge.jpg&quot;}],&quot;background_slideshow_loop&quot;:&quot;yes&quot;,&quot;background_slideshow_slide_duration&quot;:5000,&quot;background_slideshow_slide_transition&quot;:&quot;fade&quot;,&quot;background_slideshow_transition_duration&quot;:500}\">\n\t\t\t\t\t\t\t<div class=\"elementor-background-overlay\"><\/div>\n\t\t\t\t\t\t\t<div class=\"elementor-container elementor-column-gap-default\">\n\t\t\t\t\t<div class=\"elementor-column elementor-col-50 elementor-top-column elementor-element elementor-element-8defb3a ot-flex-column-vertical\" data-id=\"8defb3a\" data-element_type=\"column\" data-e-type=\"column\">\n\t\t\t<div class=\"elementor-widget-wrap elementor-element-populated\">\n\t\t\t\t\t\t<div class=\"elementor-element elementor-element-0fc9634 elementor-widget elementor-widget-spacer\" data-id=\"0fc9634\" data-element_type=\"widget\" data-e-type=\"widget\" data-widget_type=\"spacer.default\">\n\t\t\t\t<div class=\"elementor-widget-container\">\n\t\t\t\t\t\t\t<div class=\"elementor-spacer\">\n\t\t\t<div class=\"elementor-spacer-inner\"><\/div>\n\t\t<\/div>\n\t\t\t\t\t\t<\/div>\n\t\t\t\t<\/div>\n\t\t\t\t<div class=\"elementor-element elementor-element-dda6a11 elementor-widget-tablet__width-initial elementor-widget elementor-widget-iheading\" data-id=\"dda6a11\" data-element_type=\"widget\" data-e-type=\"widget\" data-widget_type=\"iheading.default\">\n\t\t\t\t<div class=\"elementor-widget-container\">\n\t\t\t\t\t\t\t<div class=\"ot-heading left-align\">\n\t\t\t\n\t\t\t\t\n\n\t         \n\n\t        \t        \t<h1 class=\"main-heading\">Tallers i Grups Gestalt a Girona<\/h1>\n\t        \t    <\/div>\n\t    \t\t\t\t<\/div>\n\t\t\t\t<\/div>\n\t\t\t\t\t<\/div>\n\t\t<\/div>\n\t\t\t\t<div class=\"elementor-column elementor-col-50 elementor-top-column elementor-element elementor-element-1d31802 ot-column-items-bottom ot-flex-column-vertical\" data-id=\"1d31802\" data-element_type=\"column\" data-e-type=\"column\">\n\t\t\t<div class=\"elementor-widget-wrap\">\n\t\t\t\t\t\t\t<\/div>\n\t\t<\/div>\n\t\t\t\t\t<\/div>\n\t\t<\/section>\n\t\t\t\t<section class=\"elementor-section elementor-top-section elementor-element elementor-element-8b314af elementor-section-boxed elementor-section-height-default elementor-section-height-default\" data-id=\"8b314af\" data-element_type=\"section\" data-e-type=\"section\">\n\t\t\t\t\t\t<div class=\"elementor-container elementor-column-gap-default\">\n\t\t\t\t\t<div class=\"elementor-column elementor-col-50 elementor-top-column elementor-element elementor-element-aaf5646 ot-flex-column-vertical\" data-id=\"aaf5646\" data-element_type=\"column\" data-e-type=\"column\">\n\t\t\t<div class=\"elementor-widget-wrap elementor-element-populated\">\n\t\t\t\t\t\t<div class=\"elementor-element elementor-element-b5e40db elementor-widget elementor-widget-iservice_box2\" data-id=\"b5e40db\" data-element_type=\"widget\" data-e-type=\"widget\" data-widget_type=\"iservice_box2.default\">\n\t\t\t\t<div class=\"elementor-widget-container\">\n\t\t\t\t\t\n\t\t\n\t\t<div class=\"service-box-2 elementor-animation-\">\n\t        <div class=\"content-box\">\n\t            <h5 class=\"service-box-title\">Grup de supervisi\u00f3 <\/h5>\n\t            <p><\/p>\n\t        <\/div>\n\t\t\t<a href=\"https:\/\/www.gestaltkairos.com\/tallers\/grup-de-supervisio-i-practiques\/\" class=\"octf-btn octf-btn-secondary octf-btn-icon\">VEURE <i class=\"flaticon-right-arrow-1\"><\/i><\/a>\n\t    <\/div>\n\n\t    \t\t\t\t<\/div>\n\t\t\t\t<\/div>\n\t\t\t\t\t<\/div>\n\t\t<\/div>\n\t\t\t\t<div class=\"elementor-column elementor-col-50 elementor-top-column elementor-element elementor-element-420af6a ot-flex-column-vertical\" data-id=\"420af6a\" data-element_type=\"column\" data-e-type=\"column\">\n\t\t\t<div class=\"elementor-widget-wrap elementor-element-populated\">\n\t\t\t\t\t\t<div class=\"elementor-element elementor-element-45cafb8 elementor-widget elementor-widget-iservice_box2\" data-id=\"45cafb8\" data-element_type=\"widget\" data-e-type=\"widget\" data-widget_type=\"iservice_box2.default\">\n\t\t\t\t<div class=\"elementor-widget-container\">\n\t\t\t\t\t\n\t\t\n\t\t<div class=\"service-box-2 elementor-animation-\">\n\t        <div class=\"content-box\">\n\t            <h5 class=\"service-box-title\">Cursos d'estiu<\/h5>\n\t            <p><\/p>\n\t        <\/div>\n\t\t\t<a href=\"https:\/\/www.gestaltkairos.com\/cursos-estiu\/\" class=\"octf-btn octf-btn-secondary octf-btn-icon\">VEURE <i class=\"flaticon-right-arrow-1\"><\/i><\/a>\n\t    <\/div>\n\n\t    \t\t\t\t<\/div>\n\t\t\t\t<\/div>\n\t\t\t\t\t<\/div>\n\t\t<\/div>\n\t\t\t\t\t<\/div>\n\t\t<\/section>\n\t\t\t\t<section class=\"elementor-section elementor-top-section elementor-element elementor-element-382834e elementor-section-boxed elementor-section-height-default elementor-section-height-default\" data-id=\"382834e\" data-element_type=\"section\" data-e-type=\"section\">\n\t\t\t\t\t\t<div class=\"elementor-container elementor-column-gap-default\">\n\t\t\t\t\t<div class=\"elementor-column elementor-col-50 elementor-top-column elementor-element elementor-element-a6d839f ot-flex-column-vertical\" data-id=\"a6d839f\" data-element_type=\"column\" data-e-type=\"column\">\n\t\t\t<div class=\"elementor-widget-wrap elementor-element-populated\">\n\t\t\t\t\t\t<div class=\"elementor-element elementor-element-ddac28b elementor-widget elementor-widget-iservice_box2\" data-id=\"ddac28b\" data-element_type=\"widget\" data-e-type=\"widget\" data-widget_type=\"iservice_box2.default\">\n\t\t\t\t<div class=\"elementor-widget-container\">\n\t\t\t\t\t\n\t\t\n\t\t<div class=\"service-box-2 elementor-animation-\">\n\t        <div class=\"content-box\">\n\t            <h5 class=\"service-box-title\">Taller de teatre gest\u00e0ltic<\/h5>\n\t            <p><\/p>\n\t        <\/div>\n\t\t\t<a href=\"https:\/\/www.gestaltkairos.com\/taller-de-teatre-gestalt\/\" class=\"octf-btn octf-btn-secondary octf-btn-icon\">VEURE <i class=\"flaticon-right-arrow-1\"><\/i><\/a>\n\t    <\/div>\n\n\t    \t\t\t\t<\/div>\n\t\t\t\t<\/div>\n\t\t\t\t\t<\/div>\n\t\t<\/div>\n\t\t\t\t<div class=\"elementor-column elementor-col-50 elementor-top-column elementor-element elementor-element-3b20256 ot-flex-column-vertical\" data-id=\"3b20256\" data-element_type=\"column\" data-e-type=\"column\">\n\t\t\t<div class=\"elementor-widget-wrap elementor-element-populated\">\n\t\t\t\t\t\t<div class=\"elementor-element elementor-element-73cc8b2 elementor-widget elementor-widget-iservice_box2\" data-id=\"73cc8b2\" data-element_type=\"widget\" data-e-type=\"widget\" data-widget_type=\"iservice_box2.default\">\n\t\t\t\t<div class=\"elementor-widget-container\">\n\t\t\t\t\t\n\t\t\n\t\t<div class=\"service-box-2 elementor-animation-\">\n\t        <div class=\"content-box\">\n\t            <h5 class=\"service-box-title\">Grup de maternitat<\/h5>\n\t            <p><\/p>\n\t        <\/div>\n\t\t\t<a href=\"https:\/\/www.gestaltkairos.com\/grup-acompanyar-nos-per-maternar-gestalt\/\" class=\"octf-btn octf-btn-secondary octf-btn-icon\">VEURE <i class=\"flaticon-right-arrow-1\"><\/i><\/a>\n\t    <\/div>\n\n\t    \t\t\t\t<\/div>\n\t\t\t\t<\/div>\n\t\t\t\t\t<\/div>\n\t\t<\/div>\n\t\t\t\t\t<\/div>\n\t\t<\/section>\n\t\t\t\t<section class=\"elementor-section elementor-top-section elementor-element elementor-element-6d9f063 elementor-section-boxed elementor-section-height-default elementor-section-height-default\" data-id=\"6d9f063\" data-element_type=\"section\" data-e-type=\"section\">\n\t\t\t\t\t\t<div class=\"elementor-container elementor-column-gap-default\">\n\t\t\t\t\t<div class=\"elementor-column elementor-col-50 elementor-top-column elementor-element elementor-element-d40a5cf ot-flex-column-vertical\" data-id=\"d40a5cf\" data-element_type=\"column\" data-e-type=\"column\">\n\t\t\t<div class=\"elementor-widget-wrap elementor-element-populated\">\n\t\t\t\t\t\t<div class=\"elementor-element elementor-element-11ced90 elementor-widget elementor-widget-iservice_box2\" data-id=\"11ced90\" data-element_type=\"widget\" data-e-type=\"widget\" data-widget_type=\"iservice_box2.default\">\n\t\t\t\t<div class=\"elementor-widget-container\">\n\t\t\t\t\t\n\t\t\n\t\t<div class=\"service-box-2 elementor-animation-\">\n\t        <div class=\"content-box\">\n\t            <h5 class=\"service-box-title\">Portes Obertes<\/h5>\n\t            <p><\/p>\n\t        <\/div>\n\t\t\t<a href=\"https:\/\/www.gestaltkairos.com\/portes-obertes-gestalt-girona\/\" class=\"octf-btn octf-btn-secondary octf-btn-icon\">VEURE <i class=\"flaticon-right-arrow-1\"><\/i><\/a>\n\t    <\/div>\n\n\t    \t\t\t\t<\/div>\n\t\t\t\t<\/div>\n\t\t\t\t\t<\/div>\n\t\t<\/div>\n\t\t\t\t<div class=\"elementor-column elementor-col-50 elementor-top-column elementor-element elementor-element-993c850 ot-flex-column-vertical\" data-id=\"993c850\" data-element_type=\"column\" data-e-type=\"column\">\n\t\t\t<div class=\"elementor-widget-wrap elementor-element-populated\">\n\t\t\t\t\t\t<div class=\"elementor-element elementor-element-3853652 elementor-widget elementor-widget-iservice_box2\" data-id=\"3853652\" data-element_type=\"widget\" data-e-type=\"widget\" data-widget_type=\"iservice_box2.default\">\n\t\t\t\t<div class=\"elementor-widget-container\">\n\t\t\t\t\t\n\t\t\n\t\t<div class=\"service-box-2 elementor-animation-\">\n\t        <div class=\"content-box\">\n\t            <h5 class=\"service-box-title\">Cercle d'Homes<\/h5>\n\t            <p><\/p>\n\t        <\/div>\n\t\t\t<a href=\"https:\/\/www.gestaltkairos.com\/tallers\/cercle-dhomes\/\" class=\"octf-btn octf-btn-secondary octf-btn-icon\">VEURE <i class=\"flaticon-right-arrow-1\"><\/i><\/a>\n\t    <\/div>\n\n\t    \t\t\t\t<\/div>\n\t\t\t\t<\/div>\n\t\t\t\t\t<\/div>\n\t\t<\/div>\n\t\t\t\t\t<\/div>\n\t\t<\/section>\n\t\t\t\t<section class=\"elementor-section elementor-top-section elementor-element elementor-element-26f40a9 elementor-section-boxed elementor-section-height-default elementor-section-height-default\" data-id=\"26f40a9\" data-element_type=\"section\" data-e-type=\"section\">\n\t\t\t\t\t\t<div class=\"elementor-container elementor-column-gap-default\">\n\t\t\t\t\t<div class=\"elementor-column elementor-col-50 elementor-top-column elementor-element elementor-element-ead5c12 ot-flex-column-vertical\" data-id=\"ead5c12\" data-element_type=\"column\" data-e-type=\"column\">\n\t\t\t<div class=\"elementor-widget-wrap elementor-element-populated\">\n\t\t\t\t\t\t<div class=\"elementor-element elementor-element-3089c55 elementor-widget elementor-widget-iservice_box2\" data-id=\"3089c55\" data-element_type=\"widget\" data-e-type=\"widget\" data-widget_type=\"iservice_box2.default\">\n\t\t\t\t<div class=\"elementor-widget-container\">\n\t\t\t\t\t\n\t\t\n\t\t<div class=\"service-box-2 elementor-animation-\">\n\t        <div class=\"content-box\">\n\t            <h5 class=\"service-box-title\">Codepend\u00e8nciaemocional<\/h5>\n\t            <p><\/p>\n\t        <\/div>\n\t\t\t<a href=\"https:\/\/www.gestaltkairos.com\/grup-copdependencia-emocional\/\" class=\"octf-btn octf-btn-secondary octf-btn-icon\">VEURE <i class=\"flaticon-right-arrow-1\"><\/i><\/a>\n\t    <\/div>\n\n\t    \t\t\t\t<\/div>\n\t\t\t\t<\/div>\n\t\t\t\t\t<\/div>\n\t\t<\/div>\n\t\t\t\t<div class=\"elementor-column elementor-col-50 elementor-top-column elementor-element elementor-element-ef568dd ot-flex-column-vertical\" data-id=\"ef568dd\" data-element_type=\"column\" data-e-type=\"column\">\n\t\t\t<div class=\"elementor-widget-wrap elementor-element-populated\">\n\t\t\t\t\t\t<div class=\"elementor-element elementor-element-7319c07 elementor-widget elementor-widget-iservice_box2\" data-id=\"7319c07\" data-element_type=\"widget\" data-e-type=\"widget\" data-widget_type=\"iservice_box2.default\">\n\t\t\t\t<div class=\"elementor-widget-container\">\n\t\t\t\t\t\n\t\t\n\t\t<div class=\"service-box-2 elementor-animation-\">\n\t        <div class=\"content-box\">\n\t            <h5 class=\"service-box-title\">Taller sexualitat sentida<\/h5>\n\t            <p><\/p>\n\t        <\/div>\n\t\t\t<a class=\"octf-btn octf-btn-secondary octf-btn-icon\">VEURE <i class=\"flaticon-right-arrow-1\"><\/i><\/a>\n\t    <\/div>\n\n\t    \t\t\t\t<\/div>\n\t\t\t\t<\/div>\n\t\t\t\t\t<\/div>\n\t\t<\/div>\n\t\t\t\t\t<\/div>\n\t\t<\/section>\n\t\t\t\t<section class=\"elementor-section elementor-top-section elementor-element elementor-element-d0139d7 elementor-hidden-desktop elementor-hidden-tablet elementor-hidden-mobile elementor-section-boxed elementor-section-height-default elementor-section-height-default\" data-id=\"d0139d7\" data-element_type=\"section\" data-e-type=\"section\">\n\t\t\t\t\t\t<div class=\"elementor-container elementor-column-gap-default\">\n\t\t\t\t\t<div class=\"elementor-column elementor-col-50 elementor-top-column elementor-element elementor-element-bf9e673 ot-flex-column-vertical\" data-id=\"bf9e673\" data-element_type=\"column\" data-e-type=\"column\">\n\t\t\t<div class=\"elementor-widget-wrap elementor-element-populated\">\n\t\t\t\t\t\t<div class=\"elementor-element elementor-element-e99fc13 elementor-widget elementor-widget-iservice_box2\" data-id=\"e99fc13\" data-element_type=\"widget\" data-e-type=\"widget\" data-widget_type=\"iservice_box2.default\">\n\t\t\t\t<div class=\"elementor-widget-container\">\n\t\t\t\t\t\n\t\t\n\t\t<div class=\"service-box-2 elementor-animation-\">\n\t        <div class=\"content-box\">\n\t            <h5 class=\"service-box-title\">DANCEmandala<\/h5>\n\t            <p><\/p>\n\t        <\/div>\n\t\t\t<a href=\"https:\/\/www.gestaltkairos.com\/dancemandala\/\" class=\"octf-btn octf-btn-secondary octf-btn-icon\">VEURE <i class=\"flaticon-right-arrow-1\"><\/i><\/a>\n\t    <\/div>\n\n\t    \t\t\t\t<\/div>\n\t\t\t\t<\/div>\n\t\t\t\t\t<\/div>\n\t\t<\/div>\n\t\t\t\t<div class=\"elementor-column elementor-col-50 elementor-top-column elementor-element elementor-element-52e2f21 elementor-hidden-desktop elementor-hidden-tablet elementor-hidden-mobile ot-flex-column-vertical\" data-id=\"52e2f21\" data-element_type=\"column\" data-e-type=\"column\">\n\t\t\t<div class=\"elementor-widget-wrap elementor-element-populated\">\n\t\t\t\t\t\t<div class=\"elementor-element elementor-element-dd27bdf elementor-widget elementor-widget-iservice_box2\" data-id=\"dd27bdf\" data-element_type=\"widget\" data-e-type=\"widget\" data-widget_type=\"iservice_box2.default\">\n\t\t\t\t<div class=\"elementor-widget-container\">\n\t\t\t\t\t\n\t\t\n\t\t<div class=\"service-box-2 elementor-animation-\">\n\t        <div class=\"content-box\">\n\t            <h5 class=\"service-box-title\">Allibera't: LGBTIQ+<\/h5>\n\t            <p><\/p>\n\t        <\/div>\n\t\t\t<a href=\"https:\/\/www.gestaltkairos.com\/alliberat-lgtbiq\/\" class=\"octf-btn octf-btn-secondary octf-btn-icon\">VEURE <i class=\"flaticon-right-arrow-1\"><\/i><\/a>\n\t    <\/div>\n\n\t    \t\t\t\t<\/div>\n\t\t\t\t<\/div>\n\t\t\t\t\t<\/div>\n\t\t<\/div>\n\t\t\t\t\t<\/div>\n\t\t<\/section>\n\t\t\t\t<section class=\"elementor-section elementor-top-section elementor-element elementor-element-5c4c9ba elementor-section-boxed elementor-section-height-default elementor-section-height-default\" data-id=\"5c4c9ba\" data-element_type=\"section\" data-e-type=\"section\">\n\t\t\t\t\t\t<div class=\"elementor-container elementor-column-gap-default\">\n\t\t\t\t\t<div class=\"elementor-column elementor-col-100 elementor-top-column elementor-element elementor-element-f486b61 ot-flex-column-vertical\" data-id=\"f486b61\" data-element_type=\"column\" data-e-type=\"column\">\n\t\t\t<div class=\"elementor-widget-wrap elementor-element-populated\">\n\t\t\t\t\t\t<div class=\"elementor-element elementor-element-9137be7 elementor-widget elementor-widget-spacer\" data-id=\"9137be7\" data-element_type=\"widget\" data-e-type=\"widget\" data-widget_type=\"spacer.default\">\n\t\t\t\t<div class=\"elementor-widget-container\">\n\t\t\t\t\t\t\t<div class=\"elementor-spacer\">\n\t\t\t<div class=\"elementor-spacer-inner\"><\/div>\n\t\t<\/div>\n\t\t\t\t\t\t<\/div>\n\t\t\t\t<\/div>\n\t\t\t\t\t<\/div>\n\t\t<\/div>\n\t\t\t\t\t<\/div>\n\t\t<\/section>\n\t\t\t\t<\/div>\n\t\t","protected":false},"excerpt":{"rendered":"<p>Tallers i Grups Gestalt a Girona Grup de supervisi\u00f3 VEURE Cursos d&#8217;estiu VEURE Taller de teatre gest\u00e0ltic VEURE Grup de maternitat VEURE Portes Obertes VEURE Cercle d&#8217;Homes VEURE Codepend\u00e8nciaemocional VEURE Taller sexualitat sentida VEURE DANCEmandala VEURE Allibera&#8217;t: LGBTIQ+ VEURE<\/p>","protected":false},"author":1,"featured_media":0,"parent":0,"menu_order":0,"comment_status":"closed","ping_status":"closed","template":"","meta":{"footnotes":""},"class_list":["post-6618","page","type-page","status-publish","hentry"],"_links":{"self":[{"href":"https:\/\/www.gestaltkairos.com\/es\/wp-json\/wp\/v2\/pages\/6618","targetHints":{"allow":["GET"]}}],"collection":[{"href":"https:\/\/www.gestaltkairos.com\/es\/wp-json\/wp\/v2\/pages"}],"about":[{"href":"https:\/\/www.gestaltkairos.com\/es\/wp-json\/wp\/v2\/types\/page"}],"author":[{"embeddable":true,"href":"https:\/\/www.gestaltkairos.com\/es\/wp-json\/wp\/v2\/users\/1"}],"replies":[{"embeddable":true,"href":"https:\/\/www.gestaltkairos.com\/es\/wp-json\/wp\/v2\/comments?post=6618"}],"version-history":[{"count":186,"href":"https:\/\/www.gestaltkairos.com\/es\/wp-json\/wp\/v2\/pages\/6618\/revisions"}],"predecessor-version":[{"id":31004,"href":"https:\/\/www.gestaltkairos.com\/es\/wp-json\/wp\/v2\/pages\/6618\/revisions\/31004"}],"wp:attachment":[{"href":"https:\/\/www.gestaltkairos.com\/es\/wp-json\/wp\/v2\/media?parent=6618"}],"curies":[{"name":"wp","href":"https:\/\/api.w.org\/{rel}","templated":true}]}}