{"id":7189,"date":"2021-05-07T11:57:53","date_gmt":"2021-05-07T09:57:53","guid":{"rendered":"https:\/\/factoria81.dev\/gestaltcatalunya\/?page_id=7189"},"modified":"2025-10-08T15:20:10","modified_gmt":"2025-10-08T13:20:10","slug":"terapia-gestalt-familiar","status":"publish","type":"page","link":"https:\/\/www.gestaltkairos.com\/es\/terapia-gestalt-familiar\/","title":{"rendered":"Ter\u00e0pia Gestalt familiar"},"content":{"rendered":"<div data-elementor-type=\"wp-page\" data-elementor-id=\"7189\" class=\"elementor elementor-7189\" data-elementor-post-type=\"page\">\n\t\t\t\t\t\t<section class=\"elementor-section elementor-top-section elementor-element elementor-element-88b4a1a elementor-section-content-middle elementor-reverse-mobile elementor-section-height-min-height elementor-section-items-stretch elementor-section-boxed elementor-section-height-default\" data-id=\"88b4a1a\" data-element_type=\"section\" data-e-type=\"section\" data-settings=\"{&quot;background_background&quot;:&quot;gradient&quot;,&quot;shape_divider_bottom&quot;:&quot;mountains&quot;}\">\n\t\t\t\t\t\t\t<div class=\"elementor-background-overlay\"><\/div>\n\t\t\t\t\t\t<div class=\"elementor-shape elementor-shape-bottom\" aria-hidden=\"true\" data-negative=\"false\">\n\t\t\t<svg xmlns=\"http:\/\/www.w3.org\/2000\/svg\" viewbox=\"0 0 1000 100\" preserveaspectratio=\"none\">\n\t<path class=\"elementor-shape-fill\" opacity=\"0.33\" d=\"M473,67.3c-203.9,88.3-263.1-34-320.3,0C66,119.1,0,59.7,0,59.7V0h1000v59.7 c0,0-62.1,26.1-94.9,29.3c-32.8,3.3-62.8-12.3-75.8-22.1C806,49.6,745.3,8.7,694.9,4.7S492.4,59,473,67.3z\"\/>\n\t<path class=\"elementor-shape-fill\" opacity=\"0.66\" d=\"M734,67.3c-45.5,0-77.2-23.2-129.1-39.1c-28.6-8.7-150.3-10.1-254,39.1 s-91.7-34.4-149.2,0C115.7,118.3,0,39.8,0,39.8V0h1000v36.5c0,0-28.2-18.5-92.1-18.5C810.2,18.1,775.7,67.3,734,67.3z\"\/>\n\t<path class=\"elementor-shape-fill\" d=\"M766.1,28.9c-200-57.5-266,65.5-395.1,19.5C242,1.8,242,5.4,184.8,20.6C128,35.8,132.3,44.9,89.9,52.5C28.6,63.7,0,0,0,0 h1000c0,0-9.9,40.9-83.6,48.1S829.6,47,766.1,28.9z\"\/>\n<\/svg>\t\t<\/div>\n\t\t\t\t\t<div class=\"elementor-container elementor-column-gap-no\">\n\t\t\t\t\t<div class=\"elementor-column elementor-col-100 elementor-top-column elementor-element elementor-element-91b543a ot-column-items-center ot-flex-column-vertical\" data-id=\"91b543a\" data-element_type=\"column\" data-e-type=\"column\">\n\t\t\t<div class=\"elementor-widget-wrap elementor-element-populated\">\n\t\t\t\t\t\t<div class=\"elementor-element elementor-element-bf24492 elementor-widget elementor-widget-iheading\" data-id=\"bf24492\" data-element_type=\"widget\" data-e-type=\"widget\" data-widget_type=\"iheading.default\">\n\t\t\t\t<div class=\"elementor-widget-container\">\n\t\t\t\t\t\t\t<div class=\"ot-heading center-align\">\n\t\t\t\n\t\t\t\t\n\n\t        \t            <h5 class=\"sub-heading\"><span>sessions de ter\u00e0pia per a fam\u00edlies a Girona<\/span><\/h5>\n\t         \n\n\t        \t        \t<h1 class=\"main-heading\">Ter\u00e0pia Gestalt familiar<\/h1>\n\t        \t    <\/div>\n\t    \t\t\t\t<\/div>\n\t\t\t\t<\/div>\n\t\t\t\t\t<\/div>\n\t\t<\/div>\n\t\t\t\t\t<\/div>\n\t\t<\/section>\n\t\t\t\t<section class=\"elementor-section elementor-top-section elementor-element elementor-element-dd73c8c elementor-section-boxed elementor-section-height-default elementor-section-height-default\" data-id=\"dd73c8c\" data-element_type=\"section\" data-e-type=\"section\">\n\t\t\t\t\t\t<div class=\"elementor-container elementor-column-gap-default\">\n\t\t\t\t\t<div class=\"elementor-column elementor-col-100 elementor-top-column elementor-element elementor-element-5a58bec ot-flex-column-vertical\" data-id=\"5a58bec\" data-element_type=\"column\" data-e-type=\"column\">\n\t\t\t<div class=\"elementor-widget-wrap elementor-element-populated\">\n\t\t\t\t\t\t<div class=\"elementor-element elementor-element-5fb74fb elementor-widget elementor-widget-iheading\" data-id=\"5fb74fb\" data-element_type=\"widget\" data-e-type=\"widget\" data-widget_type=\"iheading.default\">\n\t\t\t\t<div class=\"elementor-widget-container\">\n\t\t\t\t\t\t\t<div class=\"ot-heading left-align\">\n\t\t\t\n\t\t\t\t\n\n\t        \t            <h6 class=\"sub-heading\"><span>ter\u00e0pia familiar a Girona<\/span><\/h6>\n\t         \n\n\t        \t        \t<h2 class=\"main-heading\">Ter\u00e0pia Gestalt familiar<\/h2>\n\t        \t    <\/div>\n\t    \t\t\t\t<\/div>\n\t\t\t\t<\/div>\n\t\t\t\t<div class=\"elementor-element elementor-element-54a25a4 elementor-widget elementor-widget-text-editor\" data-id=\"54a25a4\" data-element_type=\"widget\" data-e-type=\"widget\" data-widget_type=\"text-editor.default\">\n\t\t\t\t<div class=\"elementor-widget-container\">\n\t\t\t\t\t\t\t\t\t<p>En les relacions familiars hi intervenen diferents aspectes que fan que la relaci\u00f3 familiar sigui percebuda com a nutritiva o com a limitant, impedint el benestar d\u2019un o m\u00e9s membres de la fam\u00edlia.<\/p><p>Alguns dels factors que dificulten les relacions familiars poden ser:<\/p>\t\t\t\t\t\t\t\t<\/div>\n\t\t\t\t<\/div>\n\t\t\t\t<div class=\"elementor-element elementor-element-2d7e365 elementor-widget elementor-widget-spacer\" data-id=\"2d7e365\" data-element_type=\"widget\" data-e-type=\"widget\" data-widget_type=\"spacer.default\">\n\t\t\t\t<div class=\"elementor-widget-container\">\n\t\t\t\t\t\t\t<div class=\"elementor-spacer\">\n\t\t\t<div class=\"elementor-spacer-inner\"><\/div>\n\t\t<\/div>\n\t\t\t\t\t\t<\/div>\n\t\t\t\t<\/div>\n\t\t\t\t\t<\/div>\n\t\t<\/div>\n\t\t\t\t\t<\/div>\n\t\t<\/section>\n\t\t\t\t<section class=\"elementor-section elementor-top-section elementor-element elementor-element-5a3da83 elementor-section-boxed elementor-section-height-default elementor-section-height-default\" data-id=\"5a3da83\" data-element_type=\"section\" data-e-type=\"section\">\n\t\t\t\t\t\t<div class=\"elementor-container elementor-column-gap-default\">\n\t\t\t\t\t<div class=\"elementor-column elementor-col-100 elementor-top-column elementor-element elementor-element-d244bb4 ot-flex-column-vertical\" data-id=\"d244bb4\" data-element_type=\"column\" data-e-type=\"column\">\n\t\t\t<div class=\"elementor-widget-wrap elementor-element-populated\">\n\t\t\t\t\t\t<div class=\"elementor-element elementor-element-4dee037 elementor-widget elementor-widget-iiconbox_grid\" data-id=\"4dee037\" data-element_type=\"widget\" data-e-type=\"widget\" data-widget_type=\"iiconbox_grid.default\">\n\t\t\t\t<div class=\"elementor-widget-container\">\n\t\t\t\t\t\t\t<div class=\"icon-box-grid\">\n\t\t\t\t\t\t<div class=\"col-md-12 no-padding\">\n\t\t\t\t<div class=\"icon-box\">\n\t\t\t\t\t<div class=\"icon-main\">\n\n\t\t\t\t        \n\t\t\t\t        \t<i aria-hidden=\"true\" class=\"far fa-comments\"><\/i>\n\t\t\t\t        \n\t\t\t\t\t    \t\t\t\t        \t\t\t        <\/div>\n\t\t\t        <div class=\"content-box\">\n\t\t\t        \t\t\t\t            <h5 class=\"box-title\">Com s\u00f3n les sessions?<\/h5>\n\t\t\t            <p>Es desenvolupa en sessions de 90 minuts setmanals, quinzenals o mensuals. Durant les sessions de parella hi hauran dos terapeutes per poder donar espai a l\u2019energia masculina i femenina. La coter\u00e0pia permet aconseguir una atenci\u00f3 m\u00e9s directa i m\u00e9s equilibrada per tal d\u2019obtenir un acompanyament m\u00e9s complet.<\/p>\n\t\t\t        <\/div>\n\t\t\t    <\/div>\n\t\t    <\/div>\n\t\t    \t\t<\/div>\n\t    \t\t\t\t<\/div>\n\t\t\t\t<\/div>\n\t\t\t\t<div class=\"elementor-element elementor-element-5799c8b elementor-widget elementor-widget-spacer\" data-id=\"5799c8b\" data-element_type=\"widget\" data-e-type=\"widget\" data-widget_type=\"spacer.default\">\n\t\t\t\t<div class=\"elementor-widget-container\">\n\t\t\t\t\t\t\t<div class=\"elementor-spacer\">\n\t\t\t<div class=\"elementor-spacer-inner\"><\/div>\n\t\t<\/div>\n\t\t\t\t\t\t<\/div>\n\t\t\t\t<\/div>\n\t\t\t\t\t<\/div>\n\t\t<\/div>\n\t\t\t\t\t<\/div>\n\t\t<\/section>\n\t\t\t\t<section class=\"elementor-section elementor-top-section elementor-element elementor-element-774ebd6 elementor-section-boxed elementor-section-height-default elementor-section-height-default\" data-id=\"774ebd6\" data-element_type=\"section\" data-e-type=\"section\">\n\t\t\t\t\t\t<div class=\"elementor-container elementor-column-gap-default\">\n\t\t\t\t\t<div class=\"elementor-column elementor-col-50 elementor-top-column elementor-element elementor-element-58a208d ot-flex-column-vertical\" data-id=\"58a208d\" data-element_type=\"column\" data-e-type=\"column\">\n\t\t\t<div class=\"elementor-widget-wrap elementor-element-populated\">\n\t\t\t\t\t\t<div class=\"elementor-element elementor-element-65c4f67 elementor-widget elementor-widget-iaccordions\" data-id=\"65c4f67\" data-element_type=\"widget\" data-e-type=\"widget\" data-widget_type=\"iaccordions.default\">\n\t\t\t\t<div class=\"elementor-widget-container\">\n\t\t\t\t\t\n\t\t<div class=\"ot-accordions\">\n\t\t\t\t\t\t<div class=\"acc-item\">\n\t\t\t\t<span class=\"acc-toggle\">Durada de les sessions <i class=\"down flaticon-arrow-pointing-to-down\"><\/i><i class=\"up flaticon-arrow-pointing-to-up\"><\/i><\/span>\n\t\t\t\t<div class=\"acc-content\">\n\t\t\t\t\t<p>Durada de la sessi\u00f3: 90 minuts setmanals, quinzenals o mensuals.\u00a0<\/p>\t\t\t\t<\/div>\n\t\t\t<\/div>\n\t\t\t\t\t\t<div class=\"acc-item\">\n\t\t\t\t<span class=\"acc-toggle\">Preu de les sessions <i class=\"down flaticon-arrow-pointing-to-down\"><\/i><i class=\"up flaticon-arrow-pointing-to-up\"><\/i><\/span>\n\t\t\t\t<div class=\"acc-content\">\n\t\t\t\t\t<p>Preu: 90 \u20ac \/ sessi\u00f3<\/p>\t\t\t\t<\/div>\n\t\t\t<\/div>\n\t\t\t\t    <\/div>\n\n\t    \t\t\t\t<\/div>\n\t\t\t\t<\/div>\n\t\t\t\t\t<\/div>\n\t\t<\/div>\n\t\t\t\t<div class=\"elementor-column elementor-col-50 elementor-top-column elementor-element elementor-element-7715ce2 ot-flex-column-vertical\" data-id=\"7715ce2\" data-element_type=\"column\" data-e-type=\"column\">\n\t\t\t<div class=\"elementor-widget-wrap\">\n\t\t\t\t\t\t\t<\/div>\n\t\t<\/div>\n\t\t\t\t\t<\/div>\n\t\t<\/section>\n\t\t\t\t<section class=\"elementor-section elementor-top-section elementor-element elementor-element-0dea9a3 elementor-section-boxed elementor-section-height-default elementor-section-height-default\" data-id=\"0dea9a3\" data-element_type=\"section\" data-e-type=\"section\">\n\t\t\t\t\t\t<div class=\"elementor-container elementor-column-gap-default\">\n\t\t\t\t\t<div class=\"elementor-column elementor-col-100 elementor-top-column elementor-element elementor-element-7e0ff60 ot-flex-column-vertical\" data-id=\"7e0ff60\" data-element_type=\"column\" data-e-type=\"column\">\n\t\t\t<div class=\"elementor-widget-wrap elementor-element-populated\">\n\t\t\t\t\t\t<div class=\"elementor-element elementor-element-93aca9c elementor-widget elementor-widget-text-editor\" data-id=\"93aca9c\" data-element_type=\"widget\" data-e-type=\"widget\" data-widget_type=\"text-editor.default\">\n\t\t\t\t<div class=\"elementor-widget-container\">\n\t\t\t\t\t\t\t\t\t<p>Impartit per: L\u2019equip de l\u2019Escola Gestalt Kairos<\/p>\t\t\t\t\t\t\t\t<\/div>\n\t\t\t\t<\/div>\n\t\t\t\t\t<\/div>\n\t\t<\/div>\n\t\t\t\t\t<\/div>\n\t\t<\/section>\n\t\t\t\t<section class=\"elementor-section elementor-top-section elementor-element elementor-element-e4b21c5 elementor-section-boxed elementor-section-height-default elementor-section-height-default\" data-id=\"e4b21c5\" data-element_type=\"section\" data-e-type=\"section\">\n\t\t\t\t\t\t<div class=\"elementor-container elementor-column-gap-default\">\n\t\t\t\t\t<div class=\"elementor-column elementor-col-100 elementor-top-column elementor-element elementor-element-7f001f0 ot-flex-column-vertical\" data-id=\"7f001f0\" data-element_type=\"column\" data-e-type=\"column\">\n\t\t\t<div class=\"elementor-widget-wrap elementor-element-populated\">\n\t\t\t\t\t\t<div class=\"elementor-element elementor-element-219f1b5 elementor-widget elementor-widget-spacer\" data-id=\"219f1b5\" data-element_type=\"widget\" data-e-type=\"widget\" data-widget_type=\"spacer.default\">\n\t\t\t\t<div class=\"elementor-widget-container\">\n\t\t\t\t\t\t\t<div class=\"elementor-spacer\">\n\t\t\t<div class=\"elementor-spacer-inner\"><\/div>\n\t\t<\/div>\n\t\t\t\t\t\t<\/div>\n\t\t\t\t<\/div>\n\t\t\t\t<div class=\"elementor-element elementor-element-6ee595e elementor-widget elementor-widget-iheading\" data-id=\"6ee595e\" data-element_type=\"widget\" data-e-type=\"widget\" data-widget_type=\"iheading.default\">\n\t\t\t\t<div class=\"elementor-widget-container\">\n\t\t\t\t\t\t\t<div class=\"ot-heading left-align\">\n\t\t\t\n\t\t\t\t\n\n\t        \t            <h6 class=\"sub-heading\"><span>escola gestalt kairos<\/span><\/h6>\n\t         \n\n\t        \t        \t<h2 class=\"main-heading\">Altres ter\u00e0pies <\/h2>\n\t        \t    <\/div>\n\t    \t\t\t\t<\/div>\n\t\t\t\t<\/div>\n\t\t\t\t\t<\/div>\n\t\t<\/div>\n\t\t\t\t\t<\/div>\n\t\t<\/section>\n\t\t\t\t<section class=\"elementor-section elementor-top-section elementor-element elementor-element-3d9fc4e elementor-section-boxed elementor-section-height-default elementor-section-height-default\" data-id=\"3d9fc4e\" data-element_type=\"section\" data-e-type=\"section\">\n\t\t\t\t\t\t<div class=\"elementor-container elementor-column-gap-default\">\n\t\t\t\t\t<div class=\"elementor-column elementor-col-100 elementor-top-column elementor-element elementor-element-692eb6e ot-flex-column-vertical\" data-id=\"692eb6e\" data-element_type=\"column\" data-e-type=\"column\">\n\t\t\t<div class=\"elementor-widget-wrap elementor-element-populated\">\n\t\t\t\t\t\t<section class=\"elementor-section elementor-inner-section elementor-element elementor-element-b23f346 elementor-section-full_width elementor-section-height-default elementor-section-height-default\" data-id=\"b23f346\" data-element_type=\"section\" data-e-type=\"section\">\n\t\t\t\t\t\t<div class=\"elementor-container elementor-column-gap-extended\">\n\t\t\t\t\t<div class=\"elementor-column elementor-col-33 elementor-inner-column elementor-element elementor-element-856f69b ot-flex-column-vertical\" data-id=\"856f69b\" data-element_type=\"column\" data-e-type=\"column\">\n\t\t\t<div class=\"elementor-widget-wrap elementor-element-populated\">\n\t\t\t\t\t\t<div class=\"elementor-element elementor-element-dcf44dd elementor-widget elementor-widget-ipricingtable\" data-id=\"dcf44dd\" data-element_type=\"widget\" data-e-type=\"widget\" data-widget_type=\"ipricingtable.default\">\n\t\t\t\t<div class=\"elementor-widget-container\">\n\t\t\t\t\t\n\t\t<div class=\"ot-pricing-table bg-shape s3\">\n\t\t\t<span class=\"title-table\">ter\u00e0pia<\/span>\n\t\t\t<div class=\"inner-table\">\n\t\t\t\t<img decoding=\"async\" src=\"https:\/\/factoria81.dev\/gestaltcatalunya\/wp-content\/uploads\/2021\/04\/Mesa-de-trabajo-5-8.png\" alt=\"ter\u00e0pia\">\n\t\t\t\t<h2>Ter\u00e0pia Gestalt de parella<\/h2>\n\t\t\t\t<p><\/p>\n\t\t\t\t<div class=\"details\">Lorem ipsum dolor sit amet, consectetur adipiscing elit. Fusce ultricies vel erat ac bibendum.<\/div>\n\t\t\t<\/div>\n\t\t\t<a class=\"octf-btn octf-btn-icon octf-btn-primary\">VEURE <i class=\"flaticon-right-arrow-1\"><\/i><\/a>\n\t\t<\/div>\n\n\t    \t\t\t\t<\/div>\n\t\t\t\t<\/div>\n\t\t\t\t\t<\/div>\n\t\t<\/div>\n\t\t\t\t<div class=\"elementor-column elementor-col-33 elementor-inner-column elementor-element elementor-element-ad5a09e ot-flex-column-vertical\" data-id=\"ad5a09e\" data-element_type=\"column\" data-e-type=\"column\">\n\t\t\t<div class=\"elementor-widget-wrap elementor-element-populated\">\n\t\t\t\t\t\t<div class=\"elementor-element elementor-element-a68ac7a elementor-widget elementor-widget-ipricingtable\" data-id=\"a68ac7a\" data-element_type=\"widget\" data-e-type=\"widget\" data-widget_type=\"ipricingtable.default\">\n\t\t\t\t<div class=\"elementor-widget-container\">\n\t\t\t\t\t\n\t\t<div class=\"ot-pricing-table bg-shape s1\">\n\t\t\t<span class=\"title-table\">ter\u00e0pia<\/span>\n\t\t\t<div class=\"inner-table\">\n\t\t\t\t<img decoding=\"async\" src=\"https:\/\/factoria81.dev\/gestaltcatalunya\/wp-content\/uploads\/2021\/04\/Mesa-de-trabajo-5-99.png\" alt=\"ter\u00e0pia\">\n\t\t\t\t<h2>Ter\u00e0pia Gestalt de parella<\/h2>\n\t\t\t\t<p><\/p>\n\t\t\t\t<div class=\"details\">Lorem ipsum dolor sit amet, consectetur adipiscing elit. Fusce ultricies vel erat ac bibendum.<\/div>\n\t\t\t<\/div>\n\t\t\t<a class=\"octf-btn octf-btn-icon octf-btn-secondary\">VEURE <i class=\"flaticon-right-arrow-1\"><\/i><\/a>\n\t\t<\/div>\n\n\t    \t\t\t\t<\/div>\n\t\t\t\t<\/div>\n\t\t\t\t\t<\/div>\n\t\t<\/div>\n\t\t\t\t<div class=\"elementor-column elementor-col-33 elementor-inner-column elementor-element elementor-element-7a2d88e ot-flex-column-vertical\" data-id=\"7a2d88e\" data-element_type=\"column\" data-e-type=\"column\">\n\t\t\t<div class=\"elementor-widget-wrap elementor-element-populated\">\n\t\t\t\t\t\t<div class=\"elementor-element elementor-element-c340683 elementor-widget elementor-widget-ipricingtable\" data-id=\"c340683\" data-element_type=\"widget\" data-e-type=\"widget\" data-widget_type=\"ipricingtable.default\">\n\t\t\t\t<div class=\"elementor-widget-container\">\n\t\t\t\t\t\n\t\t<div class=\"ot-pricing-table bg-shape s2\">\n\t\t\t<span class=\"title-table\">formaci\u00f3<\/span>\n\t\t\t<div class=\"inner-table\">\n\t\t\t\t<img decoding=\"async\" src=\"https:\/\/factoria81.dev\/gestaltcatalunya\/wp-content\/uploads\/2021\/05\/shiatsu.png\" alt=\"formaci\u00f3\">\n\t\t\t\t<h2>Formaci\u00f3 en Ter\u00e0pia Gestalt<\/h2>\n\t\t\t\t<p><\/p>\n\t\t\t\t<div class=\"details\"><ul>\n<li>Treball transpersonal<\/li>\n\n<li>Adults i nens<\/li>\n<li>Aprop de Girona<\/li>\n<\/ul><\/div>\n\t\t\t<\/div>\n\t\t\t<a href=\"#\" class=\"octf-btn octf-btn-icon octf-btn-third\">VEURE <i class=\"flaticon-right-arrow-1\"><\/i><\/a>\n\t\t<\/div>\n\n\t    \t\t\t\t<\/div>\n\t\t\t\t<\/div>\n\t\t\t\t\t<\/div>\n\t\t<\/div>\n\t\t\t\t\t<\/div>\n\t\t<\/section>\n\t\t\t\t\t<\/div>\n\t\t<\/div>\n\t\t\t\t\t<\/div>\n\t\t<\/section>\n\t\t\t\t<\/div>","protected":false},"excerpt":{"rendered":"<p>sessions de ter\u00e0pia per a fam\u00edlies a Girona Ter\u00e0pia Gestalt familiar ter\u00e0pia familiar a Girona Ter\u00e0pia Gestalt familiar En les relacions familiars hi intervenen diferents aspectes que fan que la relaci\u00f3 familiar sigui percebuda com a nutritiva o com a limitant, impedint el benestar d\u2019un o m\u00e9s membres de la fam\u00edlia. Alguns dels factors que [&hellip;]<\/p>","protected":false},"author":1,"featured_media":0,"parent":0,"menu_order":0,"comment_status":"closed","ping_status":"closed","template":"","meta":{"footnotes":""},"class_list":["post-7189","page","type-page","status-publish","hentry"],"_links":{"self":[{"href":"https:\/\/www.gestaltkairos.com\/es\/wp-json\/wp\/v2\/pages\/7189","targetHints":{"allow":["GET"]}}],"collection":[{"href":"https:\/\/www.gestaltkairos.com\/es\/wp-json\/wp\/v2\/pages"}],"about":[{"href":"https:\/\/www.gestaltkairos.com\/es\/wp-json\/wp\/v2\/types\/page"}],"author":[{"embeddable":true,"href":"https:\/\/www.gestaltkairos.com\/es\/wp-json\/wp\/v2\/users\/1"}],"replies":[{"embeddable":true,"href":"https:\/\/www.gestaltkairos.com\/es\/wp-json\/wp\/v2\/comments?post=7189"}],"version-history":[{"count":19,"href":"https:\/\/www.gestaltkairos.com\/es\/wp-json\/wp\/v2\/pages\/7189\/revisions"}],"predecessor-version":[{"id":30440,"href":"https:\/\/www.gestaltkairos.com\/es\/wp-json\/wp\/v2\/pages\/7189\/revisions\/30440"}],"wp:attachment":[{"href":"https:\/\/www.gestaltkairos.com\/es\/wp-json\/wp\/v2\/media?parent=7189"}],"curies":[{"name":"wp","href":"https:\/\/api.w.org\/{rel}","templated":true}]}}