{"id":7394,"date":"2021-05-12T17:37:46","date_gmt":"2021-05-12T15:37:46","guid":{"rendered":"https:\/\/factoria81.dev\/gestaltcatalunya\/?page_id=7394"},"modified":"2026-04-08T13:50:17","modified_gmt":"2026-04-08T11:50:17","slug":"formacio-en-reiki-usui-a-girona","status":"publish","type":"page","link":"https:\/\/www.gestaltkairos.com\/es\/formacio-en-reiki-usui-a-girona\/","title":{"rendered":"Formaci\u00f3 en Reiki Usui"},"content":{"rendered":"\t\t<div data-elementor-type=\"wp-page\" data-elementor-id=\"7394\" class=\"elementor elementor-7394\" data-elementor-post-type=\"page\">\n\t\t\t\t\t\t<section class=\"elementor-section elementor-top-section elementor-element elementor-element-4f0f007 elementor-section-boxed elementor-section-height-default elementor-section-height-default\" data-id=\"4f0f007\" data-element_type=\"section\" data-e-type=\"section\" data-settings=\"{&quot;background_background&quot;:&quot;slideshow&quot;,&quot;background_slideshow_gallery&quot;:[{&quot;id&quot;:29063,&quot;url&quot;:&quot;https:\\\/\\\/www.gestaltkairos.com\\\/wp-content\\\/uploads\\\/2024\\\/09\\\/1-2.jpg&quot;},{&quot;id&quot;:29064,&quot;url&quot;:&quot;https:\\\/\\\/www.gestaltkairos.com\\\/wp-content\\\/uploads\\\/2024\\\/09\\\/2-2.jpg&quot;}],&quot;background_slideshow_slide_duration&quot;:3000,&quot;background_slideshow_ken_burns&quot;:&quot;yes&quot;,&quot;background_slideshow_loop&quot;:&quot;yes&quot;,&quot;background_slideshow_slide_transition&quot;:&quot;fade&quot;,&quot;background_slideshow_transition_duration&quot;:500,&quot;background_slideshow_ken_burns_zoom_direction&quot;:&quot;in&quot;}\">\n\t\t\t\t\t\t\t<div class=\"elementor-background-overlay\"><\/div>\n\t\t\t\t\t\t\t<div class=\"elementor-container elementor-column-gap-default\">\n\t\t\t\t\t<div class=\"elementor-column elementor-col-50 elementor-top-column elementor-element elementor-element-dd9d31d ot-flex-column-vertical\" data-id=\"dd9d31d\" data-element_type=\"column\" data-e-type=\"column\">\n\t\t\t<div class=\"elementor-widget-wrap elementor-element-populated\">\n\t\t\t\t\t\t<div class=\"elementor-element elementor-element-64288aa elementor-widget elementor-widget-spacer\" data-id=\"64288aa\" data-element_type=\"widget\" data-e-type=\"widget\" data-widget_type=\"spacer.default\">\n\t\t\t\t<div class=\"elementor-widget-container\">\n\t\t\t\t\t\t\t<div class=\"elementor-spacer\">\n\t\t\t<div class=\"elementor-spacer-inner\"><\/div>\n\t\t<\/div>\n\t\t\t\t\t\t<\/div>\n\t\t\t\t<\/div>\n\t\t\t\t<div class=\"elementor-element elementor-element-9fc9817 elementor-widget-tablet__width-initial elementor-widget elementor-widget-iheading\" data-id=\"9fc9817\" data-element_type=\"widget\" data-e-type=\"widget\" data-widget_type=\"iheading.default\">\n\t\t\t\t<div class=\"elementor-widget-container\">\n\t\t\t\t\t\t\t<div class=\"ot-heading left-align\">\n\t\t\t\n\t\t\t\t\n\n\t         \n\n\t        \t        \t<h1 class=\"main-heading\">Formaci\u00f3 en Reiki Usui<\/h1>\n\t        \t    <\/div>\n\t    \t\t\t\t<\/div>\n\t\t\t\t<\/div>\n\t\t\t\t\t<\/div>\n\t\t<\/div>\n\t\t\t\t<div class=\"elementor-column elementor-col-50 elementor-top-column elementor-element elementor-element-aa0a37a ot-column-items-bottom ot-flex-column-vertical\" data-id=\"aa0a37a\" data-element_type=\"column\" data-e-type=\"column\">\n\t\t\t<div class=\"elementor-widget-wrap\">\n\t\t\t\t\t\t\t<\/div>\n\t\t<\/div>\n\t\t\t\t\t<\/div>\n\t\t<\/section>\n\t\t\t\t<section class=\"elementor-section elementor-top-section elementor-element elementor-element-a9e3acc elementor-section-boxed elementor-section-height-default elementor-section-height-default\" data-id=\"a9e3acc\" data-element_type=\"section\" data-e-type=\"section\">\n\t\t\t\t\t\t<div class=\"elementor-container elementor-column-gap-custom\">\n\t\t\t\t\t<div class=\"elementor-column elementor-col-100 elementor-top-column elementor-element elementor-element-6c5a5ba ot-flex-column-vertical\" data-id=\"6c5a5ba\" data-element_type=\"column\" data-e-type=\"column\">\n\t\t\t<div class=\"elementor-widget-wrap elementor-element-populated\">\n\t\t\t\t\t\t<div class=\"elementor-element elementor-element-45ce290 elementor-widget elementor-widget-iheading\" data-id=\"45ce290\" data-element_type=\"widget\" data-e-type=\"widget\" data-widget_type=\"iheading.default\">\n\t\t\t\t<div class=\"elementor-widget-container\">\n\t\t\t\t\t\t\t<div class=\"ot-heading left-align\">\n\t\t\t\n\t\t\t\t\n\n\t        \t            <h6 class=\"sub-heading\"><span>gestalt kairos<\/span><\/h6>\n\t         \n\n\t        \t        \t<h2 class=\"main-heading\">Formaci\u00f3 en Reiki Usui a Girona<\/h2>\n\t        \t    <\/div>\n\t    \t\t\t\t<\/div>\n\t\t\t\t<\/div>\n\t\t\t\t<div class=\"elementor-element elementor-element-cb24e9c elementor-widget elementor-widget-text-editor\" data-id=\"cb24e9c\" data-element_type=\"widget\" data-e-type=\"widget\" data-widget_type=\"text-editor.default\">\n\t\t\t\t<div class=\"elementor-widget-container\">\n\t\t\t\t\t\t\t\t\t<p><strong>El Reiki \u00e9s una ter\u00e0pia hol\u00edstica<\/strong> que tracta a l\u2019\u00e9sser hum\u00e0 com un tot: cos f\u00edsic, mental, emocional i espiritual. \u00c9s un sistema de sanaci\u00f3 i reequilibri bioenerg\u00e8tic a trav\u00e9s de la imposici\u00f3 de mans. Utilitza una t\u00e8cnica de canalitzaci\u00f3 i transmissi\u00f3 de l\u2019energia Universal d\u2019amor incondicional.<\/p><p>El Reiki \u201cno cura\u201d. La seva funci\u00f3 \u00e9s afavorir al poder auto curatiu del cos i restablir el seu equilibri energ\u00e8tic, proporcionant major benestar, relaxaci\u00f3, for\u00e7a i harmonia.<\/p><p>El Reiki actua en profunditat anant a l\u2019arrel del problema, permetent que l\u2019emoci\u00f3 o el patr\u00f3 de conducta que ha creat el desequilibri es manifesti i sigui sanat.<\/p><p>No t\u00e9 cap efecte secundari i ajuda al creixement personal i a l\u2019expansi\u00f3 de la consci\u00e8ncia.<\/p><p>En nombrosos pa\u00efsos \u00e9s utilitzat com un m\u00e8tode de prevenci\u00f3, tractament i relaxaci\u00f3 dins del sistema sanitari convencional. El Reiki \u00e9s una ter\u00e0pia complement\u00e0ria a la medicina convencional i a les ter\u00e0pies psicol\u00f2giques, reconeguda per l\u2019Organitzaci\u00f3 Mundial de la Salut (OMS) incl\u00fas en processos de\u00a0pre-operacions\u00a0i\u00a0post-operacions\u00a0o radioter\u00e0pia i quimioter\u00e0pia. En la majoria dels casos, el Reiki augmenta els efectes del tractament m\u00e8dic quan s\u2019utilitza en uni\u00f3 amb ell, mai reempla\u00e7ant a aquest.<\/p>\t\t\t\t\t\t\t\t<\/div>\n\t\t\t\t<\/div>\n\t\t\t\t<div class=\"elementor-element elementor-element-1d5a892 elementor-widget elementor-widget-iheading\" data-id=\"1d5a892\" data-element_type=\"widget\" data-e-type=\"widget\" data-widget_type=\"iheading.default\">\n\t\t\t\t<div class=\"elementor-widget-container\">\n\t\t\t\t\t\t\t<div class=\"ot-heading left-align\">\n\t\t\t\n\t\t\t\t\n\n\t        \t            <h6 class=\"sub-heading\"><span>gestalt kairos<\/span><\/h6>\n\t         \n\n\t        \t        \t<h2 class=\"main-heading\">Beneficis de la ter\u00e0pia de Reiki Usui<\/h2>\n\t        \t    <\/div>\n\t    \t\t\t\t<\/div>\n\t\t\t\t<\/div>\n\t\t\t\t\t<\/div>\n\t\t<\/div>\n\t\t\t\t\t<\/div>\n\t\t<\/section>\n\t\t\t\t<section class=\"elementor-section elementor-top-section elementor-element elementor-element-290a48b elementor-section-boxed elementor-section-height-default elementor-section-height-default\" data-id=\"290a48b\" data-element_type=\"section\" data-e-type=\"section\">\n\t\t\t\t\t\t<div class=\"elementor-container elementor-column-gap-default\">\n\t\t\t\t\t<div class=\"elementor-column elementor-col-50 elementor-top-column elementor-element elementor-element-15c826a ot-flex-column-vertical\" data-id=\"15c826a\" data-element_type=\"column\" data-e-type=\"column\">\n\t\t\t<div class=\"elementor-widget-wrap elementor-element-populated\">\n\t\t\t\t\t\t<div class=\"elementor-element elementor-element-1a251c4 elementor-widget elementor-widget-iiconbox\" data-id=\"1a251c4\" data-element_type=\"widget\" data-e-type=\"widget\" data-widget_type=\"iiconbox.default\">\n\t\t\t\t<div class=\"elementor-widget-container\">\n\t\t\t\t\t\t\t<div class=\"icon-box s3\">\n\t\t\t<div class=\"bg-s3\"><\/div>\n\t\t\t<div class=\"bg-before\"><\/div>\n\t\t\t<div class=\"bg-after\"><\/div>\n\t\t\t<div class=\"icon-main\">\n\t\t        \t\t        \t<i aria-hidden=\"true\" class=\"fas fa-leaf\"><\/i>\t\t        \t\t\t    \n\t\t\t    \t\t        \t        <\/div>\n\t        <div class=\"content-box\">\n\t            <h5 class=\"box-title\">A nivell f\u00edsic<\/h5>\n\t            <p>Accelera l\u2019habilitat natural del cos per l\u2019auto sanaci\u00f3 de malalties, emocions i dolors. Millora el funcionament i el rendiment fisiol\u00f2gic de les\u00a0c\u00e8l\u00b7lules\u00a0i \u00f2rgans. Millora les malalties o lesions i actua sobre les seves causes. Migranyes, depressi\u00f3, dolors menstruals, restrenyiment, etc. Dona fortalesa i harmonitza el sistema immunitari. Ajuda a netejar l\u2019organisme i la ment de\u00a0tota classe\u00a0de toxines. Facilita el somni i disminueix l\u2019abatiment. Acompanya en l\u2019embar\u00e0s i ajuda la recuperaci\u00f3 del postpart.<\/p>\n\t        <\/div>\n\t        \t\n\t    <\/div>\n\t    \t\t\t\t<\/div>\n\t\t\t\t<\/div>\n\t\t\t\t<div class=\"elementor-element elementor-element-27a9145 elementor-widget elementor-widget-spacer\" data-id=\"27a9145\" data-element_type=\"widget\" data-e-type=\"widget\" data-widget_type=\"spacer.default\">\n\t\t\t\t<div class=\"elementor-widget-container\">\n\t\t\t\t\t\t\t<div class=\"elementor-spacer\">\n\t\t\t<div class=\"elementor-spacer-inner\"><\/div>\n\t\t<\/div>\n\t\t\t\t\t\t<\/div>\n\t\t\t\t<\/div>\n\t\t\t\t<div class=\"elementor-element elementor-element-fb5fc58 elementor-widget elementor-widget-iiconbox\" data-id=\"fb5fc58\" data-element_type=\"widget\" data-e-type=\"widget\" data-widget_type=\"iiconbox.default\">\n\t\t\t\t<div class=\"elementor-widget-container\">\n\t\t\t\t\t\t\t<div class=\"icon-box s3\">\n\t\t\t<div class=\"bg-s3\"><\/div>\n\t\t\t<div class=\"bg-before\"><\/div>\n\t\t\t<div class=\"bg-after\"><\/div>\n\t\t\t<div class=\"icon-main\">\n\t\t        \t\t        \t<i aria-hidden=\"true\" class=\"fas fa-circle-notch\"><\/i>\t\t        \t\t\t    \n\t\t\t    \t\t        \t        <\/div>\n\t        <div class=\"content-box\">\n\t            <h5 class=\"box-title\">A nivell mental<\/h5>\n\t            <p>Ajuda a transformar h\u00e0bits nocius.\nAugmenta la claredat mental i la concentraci\u00f3.\nRedueix l\u2019estr\u00e8s.\nRelaxaci\u00f3 de les tensions.\nAjuda a millorar l\u2019insomni.\nDesenvolupa la consci\u00e8ncia.\nAugmenta la creativitat.\nAjuda als trastorns alimentaris (bul\u00edmia i anor\u00e8xia).<\/p>\n\t        <\/div>\n\t        \t\n\t    <\/div>\n\t    \t\t\t\t<\/div>\n\t\t\t\t<\/div>\n\t\t\t\t<div class=\"elementor-element elementor-element-512a9b1 elementor-widget elementor-widget-iheading\" data-id=\"512a9b1\" data-element_type=\"widget\" data-e-type=\"widget\" data-widget_type=\"iheading.default\">\n\t\t\t\t<div class=\"elementor-widget-container\">\n\t\t\t\t\t\t\t<div class=\"ot-heading left-align\">\n\t\t\t\n\t\t\t\t\n\n\t         \n\n\t        \t        \t<h2 class=\"main-heading\">A qui va dirigit?<\/h2>\n\t        \t    <\/div>\n\t    \t\t\t\t<\/div>\n\t\t\t\t<\/div>\n\t\t\t\t<div class=\"elementor-element elementor-element-33bb813 elementor-widget elementor-widget-iservice_box\" data-id=\"33bb813\" data-element_type=\"widget\" data-e-type=\"widget\" data-widget_type=\"iservice_box.default\">\n\t\t\t\t<div class=\"elementor-widget-container\">\n\t\t\t\t\t\n\t\t\t\t<div class=\"service-box s-box elementor-animation-\">\n\t\t\t<div class=\"overlay\"><\/div>\n\t        <span class=\"big-number\"><\/span>\n\t\t\t\t        <div class=\"icon-main number-box\">\n\t\t        \t\t        \t<i aria-hidden=\"true\" class=\"fas fa-users\"><\/i>\t\t        \t\t\t    \n\t\t\t    \n\t\t        \t        <\/div>\n\t        \t        <div class=\"content-box\">\n\t            <h5 class=\"service-box-title\"><\/h5>\n\t            <p>Tothom (adults sans, malalts, embarassades, adolescents, nens i beb\u00e8s), fins i tot tamb\u00e9 els animals i les plantes.<\/p>\n\t        <\/div>\n\t    <\/div>\n\t    \n\t    \t\t\t\t<\/div>\n\t\t\t\t<\/div>\n\t\t\t\t<div class=\"elementor-element elementor-element-486fae5 elementor-widget elementor-widget-iheading\" data-id=\"486fae5\" data-element_type=\"widget\" data-e-type=\"widget\" data-widget_type=\"iheading.default\">\n\t\t\t\t<div class=\"elementor-widget-container\">\n\t\t\t\t\t\t\t<div class=\"ot-heading left-align\">\n\t\t\t\n\t\t\t\t\n\n\t         \n\n\t        \t        \t<h2 class=\"main-heading\">M\u00e9s informaci\u00f3<\/h2>\n\t        \t    <\/div>\n\t    \t\t\t\t<\/div>\n\t\t\t\t<\/div>\n\t\t\t\t<div class=\"elementor-element elementor-element-c6928f7 elementor-widget elementor-widget-iaccordions\" data-id=\"c6928f7\" data-element_type=\"widget\" data-e-type=\"widget\" data-widget_type=\"iaccordions.default\">\n\t\t\t\t<div class=\"elementor-widget-container\">\n\t\t\t\t\t\n\t\t<div class=\"ot-accordions\">\n\t\t\t\t\t\t<div class=\"acc-item\">\n\t\t\t\t<span class=\"acc-toggle\">Horari <i class=\"down flaticon-arrow-pointing-to-down\"><\/i><i class=\"up flaticon-arrow-pointing-to-up\"><\/i><\/span>\n\t\t\t\t<div class=\"acc-content\">\n\t\t\t\t\t<p>Noves dates properament<\/p>\t\t\t\t<\/div>\n\t\t\t<\/div>\n\t\t\t\t\t\t<div class=\"acc-item\">\n\t\t\t\t<span class=\"acc-toggle\">Inversi\u00f3 <i class=\"down flaticon-arrow-pointing-to-down\"><\/i><i class=\"up flaticon-arrow-pointing-to-up\"><\/i><\/span>\n\t\t\t\t<div class=\"acc-content\">\n\t\t\t\t\t<p><strong>1r Nivell:<\/strong> 140\u202f\u20ac<br \/><strong>2n Nivell:<\/strong> 190\u202f\u20ac\u00a0<br \/><strong>3r Nivell:<\/strong> 295\u202f\u20ac\u00a0<br \/><strong>Maestria:<\/strong> 700\u202f\u20ac<\/p>\t\t\t\t<\/div>\n\t\t\t<\/div>\n\t\t\t\t    <\/div>\n\n\t    \t\t\t\t<\/div>\n\t\t\t\t<\/div>\n\t\t\t\t<div class=\"elementor-element elementor-element-8e3ca4c elementor-widget__width-auto elementor-widget elementor-widget-text-editor\" data-id=\"8e3ca4c\" data-element_type=\"widget\" data-e-type=\"widget\" data-widget_type=\"text-editor.default\">\n\t\t\t\t<div class=\"elementor-widget-container\">\n\t\t\t\t\t\t\t\t\t<p>Impartit per:\u00a0<\/p>\t\t\t\t\t\t\t\t<\/div>\n\t\t\t\t<\/div>\n\t\t\t\t<div class=\"elementor-element elementor-element-badcd2b elementor-align-center elementor-widget__width-initial elementor-widget elementor-widget-button\" data-id=\"badcd2b\" data-element_type=\"widget\" data-e-type=\"widget\" data-widget_type=\"button.default\">\n\t\t\t\t<div class=\"elementor-widget-container\">\n\t\t\t\t\t\t\t\t\t<div class=\"elementor-button-wrapper\">\n\t\t\t\t\t<a class=\"elementor-button elementor-button-link elementor-size-md elementor-animation-grow\" href=\"https:\/\/www.gestaltkairos.com\/equip\/\">\n\t\t\t\t\t\t<span class=\"elementor-button-content-wrapper\">\n\t\t\t\t\t\t\t\t\t<span class=\"elementor-button-text\">Equip Terap\u00e8utic de Gestalt Kairos<\/span>\n\t\t\t\t\t<\/span>\n\t\t\t\t\t<\/a>\n\t\t\t\t<\/div>\n\t\t\t\t\t\t\t\t<\/div>\n\t\t\t\t<\/div>\n\t\t\t\t\t<\/div>\n\t\t<\/div>\n\t\t\t\t<div class=\"elementor-column elementor-col-50 elementor-top-column elementor-element elementor-element-2b3c774 ot-flex-column-vertical\" data-id=\"2b3c774\" data-element_type=\"column\" data-e-type=\"column\">\n\t\t\t<div class=\"elementor-widget-wrap elementor-element-populated\">\n\t\t\t\t\t\t<div class=\"elementor-element elementor-element-183677e elementor-widget elementor-widget-iiconbox\" data-id=\"183677e\" data-element_type=\"widget\" data-e-type=\"widget\" data-widget_type=\"iiconbox.default\">\n\t\t\t\t<div class=\"elementor-widget-container\">\n\t\t\t\t\t\t\t<div class=\"icon-box s3\">\n\t\t\t<div class=\"bg-s3\"><\/div>\n\t\t\t<div class=\"bg-before\"><\/div>\n\t\t\t<div class=\"bg-after\"><\/div>\n\t\t\t<div class=\"icon-main\">\n\t\t        \t\t        \t<i aria-hidden=\"true\" class=\"fas fa-heartbeat\"><\/i>\t\t        \t\t\t    \n\t\t\t    \t\t        \t        <\/div>\n\t        <div class=\"content-box\">\n\t            <h5 class=\"box-title\">A nivell emocional<\/h5>\n\t            <p>Ajuda a la resoluci\u00f3 de problemes sentimentals, d\u2019agressivitat, de pors, d\u2019infelicitat.\nMillora l\u2019autoestima.\nAllibera les emocions reprimides.\nProdueix un estat de relaxaci\u00f3 reduint o eliminant l\u2019ansietat.\nEn el cas de pacients en fase terminal pot donar alleujament tant a la persona afectada com als seus acompanyants i familiars.<\/p>\n\t        <\/div>\n\t        \t\n\t    <\/div>\n\t    \t\t\t\t<\/div>\n\t\t\t\t<\/div>\n\t\t\t\t<div class=\"elementor-element elementor-element-bc12771 elementor-widget elementor-widget-spacer\" data-id=\"bc12771\" data-element_type=\"widget\" data-e-type=\"widget\" data-widget_type=\"spacer.default\">\n\t\t\t\t<div class=\"elementor-widget-container\">\n\t\t\t\t\t\t\t<div class=\"elementor-spacer\">\n\t\t\t<div class=\"elementor-spacer-inner\"><\/div>\n\t\t<\/div>\n\t\t\t\t\t\t<\/div>\n\t\t\t\t<\/div>\n\t\t\t\t<div class=\"elementor-element elementor-element-2951b91 elementor-widget elementor-widget-iiconbox\" data-id=\"2951b91\" data-element_type=\"widget\" data-e-type=\"widget\" data-widget_type=\"iiconbox.default\">\n\t\t\t\t<div class=\"elementor-widget-container\">\n\t\t\t\t\t\t\t<div class=\"icon-box s3\">\n\t\t\t<div class=\"bg-s3\"><\/div>\n\t\t\t<div class=\"bg-before\"><\/div>\n\t\t\t<div class=\"bg-after\"><\/div>\n\t\t\t<div class=\"icon-main\">\n\t\t        \t\t        \t<i aria-hidden=\"true\" class=\"fas fa-hands\"><\/i>\t\t        \t\t\t    \n\t\t\t    \t\t        \t        <\/div>\n\t        <div class=\"content-box\">\n\t            <h5 class=\"box-title\">A nivell espiritual<\/h5>\n\t            <p>Harmonitza.\nEquilibra les energies del cos.\nAugmenta el nivell energ\u00e8tic vital; proporcionant vitalitat f\u00edsica i an\u00edmica, pau, i equilibri.\nAlleuja el sofriment, aix\u00ed sigui f\u00edsic, emocional, mental o espiritual.<\/p>\n\t        <\/div>\n\t        \t\n\t    <\/div>\n\t    \t\t\t\t<\/div>\n\t\t\t\t<\/div>\n\t\t\t\t\t<\/div>\n\t\t<\/div>\n\t\t\t\t\t<\/div>\n\t\t<\/section>\n\t\t\t\t<section class=\"elementor-section elementor-top-section elementor-element elementor-element-c55471e elementor-section-height-min-height elementor-section-boxed elementor-section-height-default elementor-section-items-middle\" data-id=\"c55471e\" data-element_type=\"section\" data-e-type=\"section\" data-settings=\"{&quot;background_background&quot;:&quot;classic&quot;}\">\n\t\t\t\t\t\t\t<div class=\"elementor-background-overlay\"><\/div>\n\t\t\t\t\t\t\t<div class=\"elementor-container elementor-column-gap-default\">\n\t\t\t\t\t<div class=\"elementor-column elementor-col-100 elementor-top-column elementor-element elementor-element-b50f0d0 ot-flex-column-vertical\" data-id=\"b50f0d0\" data-element_type=\"column\" data-e-type=\"column\">\n\t\t\t<div class=\"elementor-widget-wrap elementor-element-populated\">\n\t\t\t\t\t\t<div class=\"elementor-element elementor-element-ac7cef4 elementor-invisible elementor-widget elementor-widget-heading\" data-id=\"ac7cef4\" data-element_type=\"widget\" data-e-type=\"widget\" data-settings=\"{&quot;_animation&quot;:&quot;fadeIn&quot;,&quot;_animation_delay&quot;:200}\" data-widget_type=\"heading.default\">\n\t\t\t\t<div class=\"elementor-widget-container\">\n\t\t\t\t\t<div class=\"elementor-heading-title elementor-size-medium\">Per a m\u00e9s informaci\u00f3 truqueu al <a href=\"tel:+34605631649\">605 63 16 49<\/a>  al <a href=\"tel:+34972092634\">972 092 634<\/a> o escriu a  <a href=\"mailto:girona@gestaltkairos.com\">girona@gestaltkairos.com<\/a>. <\/div>\t\t\t\t<\/div>\n\t\t\t\t<\/div>\n\t\t\t\t<div class=\"elementor-element elementor-element-2dbb3bd elementor-align-center elementor-widget__width-auto elementor-widget elementor-widget-button\" data-id=\"2dbb3bd\" data-element_type=\"widget\" data-e-type=\"widget\" data-widget_type=\"button.default\">\n\t\t\t\t<div class=\"elementor-widget-container\">\n\t\t\t\t\t\t\t\t\t<div class=\"elementor-button-wrapper\">\n\t\t\t\t\t<a class=\"elementor-button elementor-button-link elementor-size-md elementor-animation-grow\" href=\"tel:605631649\">\n\t\t\t\t\t\t<span class=\"elementor-button-content-wrapper\">\n\t\t\t\t\t\t\t\t\t<span class=\"elementor-button-text\">Truca<\/span>\n\t\t\t\t\t<\/span>\n\t\t\t\t\t<\/a>\n\t\t\t\t<\/div>\n\t\t\t\t\t\t\t\t<\/div>\n\t\t\t\t<\/div>\n\t\t\t\t<div class=\"elementor-element elementor-element-e50de20 elementor-align-center elementor-widget__width-auto elementor-widget elementor-widget-button\" data-id=\"e50de20\" data-element_type=\"widget\" data-e-type=\"widget\" data-widget_type=\"button.default\">\n\t\t\t\t<div class=\"elementor-widget-container\">\n\t\t\t\t\t\t\t\t\t<div class=\"elementor-button-wrapper\">\n\t\t\t\t\t<a class=\"elementor-button elementor-button-link elementor-size-md elementor-animation-grow\" href=\"mailto:girona@gestaltkairos.com\">\n\t\t\t\t\t\t<span class=\"elementor-button-content-wrapper\">\n\t\t\t\t\t\t\t\t\t<span class=\"elementor-button-text\">Envia un correu<\/span>\n\t\t\t\t\t<\/span>\n\t\t\t\t\t<\/a>\n\t\t\t\t<\/div>\n\t\t\t\t\t\t\t\t<\/div>\n\t\t\t\t<\/div>\n\t\t\t\t\t<\/div>\n\t\t<\/div>\n\t\t\t\t\t<\/div>\n\t\t<\/section>\n\t\t\t\t<section class=\"elementor-section elementor-top-section elementor-element elementor-element-6caf05d elementor-section-boxed elementor-section-height-default elementor-section-height-default\" data-id=\"6caf05d\" data-element_type=\"section\" data-e-type=\"section\">\n\t\t\t\t\t\t<div class=\"elementor-container elementor-column-gap-default\">\n\t\t\t\t\t<div class=\"elementor-column elementor-col-100 elementor-top-column elementor-element elementor-element-521b36d ot-flex-column-vertical\" data-id=\"521b36d\" data-element_type=\"column\" data-e-type=\"column\">\n\t\t\t<div class=\"elementor-widget-wrap elementor-element-populated\">\n\t\t\t\t\t\t<div class=\"elementor-element elementor-element-c552130 elementor-widget elementor-widget-iheading\" data-id=\"c552130\" data-element_type=\"widget\" data-e-type=\"widget\" data-widget_type=\"iheading.default\">\n\t\t\t\t<div class=\"elementor-widget-container\">\n\t\t\t\t\t\t\t<div class=\"ot-heading left-align\">\n\t\t\t\n\t\t\t\t\n\n\t        \t            <h6 class=\"sub-heading\"><span>gestalt Kairos<\/span><\/h6>\n\t         \n\n\t        \t        \t<h2 class=\"main-heading\">Altres cursos i formacions<\/h2>\n\t        \t    <\/div>\n\t    \t\t\t\t<\/div>\n\t\t\t\t<\/div>\n\t\t\t\t<div class=\"elementor-element elementor-element-d67e9bb elementor-icon-list--layout-inline elementor-list-item-link-full_width elementor-widget elementor-widget-icon-list\" data-id=\"d67e9bb\" data-element_type=\"widget\" data-e-type=\"widget\" data-widget_type=\"icon-list.default\">\n\t\t\t\t<div class=\"elementor-widget-container\">\n\t\t\t\t\t\t\t<ul class=\"elementor-icon-list-items elementor-inline-items\">\n\t\t\t\t\t\t\t<li class=\"elementor-icon-list-item elementor-inline-item\">\n\t\t\t\t\t\t\t\t\t\t\t<a href=\"https:\/\/www.gestaltkairos.com\/shiatsu-gestaltic\/\">\n\n\t\t\t\t\t\t\t\t\t\t\t\t<span class=\"elementor-icon-list-icon\">\n\t\t\t\t\t\t\t<i aria-hidden=\"true\" class=\"fas fa-chevron-right\"><\/i>\t\t\t\t\t\t<\/span>\n\t\t\t\t\t\t\t\t\t\t<span class=\"elementor-icon-list-text\">Shiatsu gest\u00e0ltic<\/span>\n\t\t\t\t\t\t\t\t\t\t\t<\/a>\n\t\t\t\t\t\t\t\t\t<\/li>\n\t\t\t\t\t\t\t\t<li class=\"elementor-icon-list-item elementor-inline-item\">\n\t\t\t\t\t\t\t\t\t\t\t<a href=\"https:\/\/www.gestaltkairos.com\/terapia-reiki\/\">\n\n\t\t\t\t\t\t\t\t\t\t\t\t<span class=\"elementor-icon-list-icon\">\n\t\t\t\t\t\t\t<i aria-hidden=\"true\" class=\"fas fa-chevron-right\"><\/i>\t\t\t\t\t\t<\/span>\n\t\t\t\t\t\t\t\t\t\t<span class=\"elementor-icon-list-text\">Ter\u00e0pia Reiki Usui<\/span>\n\t\t\t\t\t\t\t\t\t\t\t<\/a>\n\t\t\t\t\t\t\t\t\t<\/li>\n\t\t\t\t\t\t\t\t<li class=\"elementor-icon-list-item elementor-inline-item\">\n\t\t\t\t\t\t\t\t\t\t\t<a href=\"https:\/\/www.gestaltkairos.com\/formacio-en-terapia-de-cos-i-moviment\/\">\n\n\t\t\t\t\t\t\t\t\t\t\t\t<span class=\"elementor-icon-list-icon\">\n\t\t\t\t\t\t\t<i aria-hidden=\"true\" class=\"fas fa-chevron-right\"><\/i>\t\t\t\t\t\t<\/span>\n\t\t\t\t\t\t\t\t\t\t<span class=\"elementor-icon-list-text\">Formaci\u00f3 en ter\u00e0pia de cos i moviment<\/span>\n\t\t\t\t\t\t\t\t\t\t\t<\/a>\n\t\t\t\t\t\t\t\t\t<\/li>\n\t\t\t\t\t\t<\/ul>\n\t\t\t\t\t\t<\/div>\n\t\t\t\t<\/div>\n\t\t\t\t\t<\/div>\n\t\t<\/div>\n\t\t\t\t\t<\/div>\n\t\t<\/section>\n\t\t\t\t<\/div>\n\t\t","protected":false},"excerpt":{"rendered":"<p>Formaci\u00f3 en Reiki Usui gestalt kairos Formaci\u00f3 en Reiki Usui a Girona El Reiki \u00e9s una ter\u00e0pia hol\u00edstica que tracta a l\u2019\u00e9sser hum\u00e0 com un tot: cos f\u00edsic, mental, emocional i espiritual. \u00c9s un sistema de sanaci\u00f3 i reequilibri bioenerg\u00e8tic a trav\u00e9s de la imposici\u00f3 de mans. Utilitza una t\u00e8cnica de canalitzaci\u00f3 i transmissi\u00f3 de [&hellip;]<\/p>\n","protected":false},"author":1,"featured_media":0,"parent":0,"menu_order":0,"comment_status":"closed","ping_status":"closed","template":"","meta":{"footnotes":""},"class_list":["post-7394","page","type-page","status-publish","hentry"],"_links":{"self":[{"href":"https:\/\/www.gestaltkairos.com\/es\/wp-json\/wp\/v2\/pages\/7394","targetHints":{"allow":["GET"]}}],"collection":[{"href":"https:\/\/www.gestaltkairos.com\/es\/wp-json\/wp\/v2\/pages"}],"about":[{"href":"https:\/\/www.gestaltkairos.com\/es\/wp-json\/wp\/v2\/types\/page"}],"author":[{"embeddable":true,"href":"https:\/\/www.gestaltkairos.com\/es\/wp-json\/wp\/v2\/users\/1"}],"replies":[{"embeddable":true,"href":"https:\/\/www.gestaltkairos.com\/es\/wp-json\/wp\/v2\/comments?post=7394"}],"version-history":[{"count":129,"href":"https:\/\/www.gestaltkairos.com\/es\/wp-json\/wp\/v2\/pages\/7394\/revisions"}],"predecessor-version":[{"id":31133,"href":"https:\/\/www.gestaltkairos.com\/es\/wp-json\/wp\/v2\/pages\/7394\/revisions\/31133"}],"wp:attachment":[{"href":"https:\/\/www.gestaltkairos.com\/es\/wp-json\/wp\/v2\/media?parent=7394"}],"curies":[{"name":"wp","href":"https:\/\/api.w.org\/{rel}","templated":true}]}}