{"id":8268,"date":"2021-06-29T09:46:40","date_gmt":"2021-06-29T07:46:40","guid":{"rendered":"https:\/\/factoria81.dev\/gestaltcatalunya\/?page_id=8268"},"modified":"2026-04-16T14:39:10","modified_gmt":"2026-04-16T12:39:10","slug":"helena-bellod-cv","status":"publish","type":"page","link":"https:\/\/www.gestaltkairos.com\/es\/helena-bellod-cv\/","title":{"rendered":"Helena Bellod CV"},"content":{"rendered":"\t\t<div data-elementor-type=\"wp-page\" data-elementor-id=\"8268\" class=\"elementor elementor-8268\" data-elementor-post-type=\"page\">\n\t\t\t\t\t\t<section class=\"elementor-section elementor-top-section elementor-element elementor-element-bf64845 elementor-section-boxed elementor-section-height-default elementor-section-height-default\" data-id=\"bf64845\" data-element_type=\"section\" data-e-type=\"section\" data-settings=\"{&quot;background_background&quot;:&quot;slideshow&quot;,&quot;background_slideshow_gallery&quot;:[{&quot;id&quot;:12523,&quot;url&quot;:&quot;https:\\\/\\\/www.gestaltkairos.com\\\/wp-content\\\/uploads\\\/2023\\\/06\\\/1.jpg&quot;},{&quot;id&quot;:12535,&quot;url&quot;:&quot;https:\\\/\\\/www.gestaltkairos.com\\\/wp-content\\\/uploads\\\/2023\\\/06\\\/5.jpg&quot;}],&quot;background_slideshow_slide_duration&quot;:3000,&quot;background_slideshow_ken_burns&quot;:&quot;yes&quot;,&quot;background_slideshow_loop&quot;:&quot;yes&quot;,&quot;background_slideshow_slide_transition&quot;:&quot;fade&quot;,&quot;background_slideshow_transition_duration&quot;:500,&quot;background_slideshow_ken_burns_zoom_direction&quot;:&quot;in&quot;}\">\n\t\t\t\t\t\t\t<div class=\"elementor-background-overlay\"><\/div>\n\t\t\t\t\t\t\t<div class=\"elementor-container elementor-column-gap-default\">\n\t\t\t\t\t<div class=\"elementor-column elementor-col-50 elementor-top-column elementor-element elementor-element-59420b1 ot-flex-column-vertical\" data-id=\"59420b1\" data-element_type=\"column\" data-e-type=\"column\">\n\t\t\t<div class=\"elementor-widget-wrap elementor-element-populated\">\n\t\t\t\t\t\t<div class=\"elementor-element elementor-element-c7f82bd elementor-widget elementor-widget-spacer\" data-id=\"c7f82bd\" data-element_type=\"widget\" data-e-type=\"widget\" data-widget_type=\"spacer.default\">\n\t\t\t\t<div class=\"elementor-widget-container\">\n\t\t\t\t\t\t\t<div class=\"elementor-spacer\">\n\t\t\t<div class=\"elementor-spacer-inner\"><\/div>\n\t\t<\/div>\n\t\t\t\t\t\t<\/div>\n\t\t\t\t<\/div>\n\t\t\t\t<div class=\"elementor-element elementor-element-f7b5b56 elementor-widget-tablet__width-initial elementor-widget elementor-widget-iheading\" data-id=\"f7b5b56\" data-element_type=\"widget\" data-e-type=\"widget\" data-widget_type=\"iheading.default\">\n\t\t\t\t<div class=\"elementor-widget-container\">\n\t\t\t\t\t\t\t<div class=\"ot-heading left-align\">\n\t\t\t\n\t\t\t\t\n\n\t         \n\n\t        \t        \t<h1 class=\"main-heading\">El nostre equip<\/h1>\n\t        \t    <\/div>\n\t    \t\t\t\t<\/div>\n\t\t\t\t<\/div>\n\t\t\t\t\t<\/div>\n\t\t<\/div>\n\t\t\t\t<div class=\"elementor-column elementor-col-50 elementor-top-column elementor-element elementor-element-56c45d7 ot-column-items-bottom ot-flex-column-vertical\" data-id=\"56c45d7\" data-element_type=\"column\" data-e-type=\"column\">\n\t\t\t<div class=\"elementor-widget-wrap\">\n\t\t\t\t\t\t\t<\/div>\n\t\t<\/div>\n\t\t\t\t\t<\/div>\n\t\t<\/section>\n\t\t\t\t<section class=\"elementor-section elementor-top-section elementor-element elementor-element-a418159 elementor-section-boxed elementor-section-height-default elementor-section-height-default\" data-id=\"a418159\" data-element_type=\"section\" data-e-type=\"section\">\n\t\t\t\t\t\t<div class=\"elementor-container elementor-column-gap-default\">\n\t\t\t\t\t<div class=\"elementor-column elementor-col-33 elementor-top-column elementor-element elementor-element-bbde18b ot-flex-column-vertical\" data-id=\"bbde18b\" data-element_type=\"column\" data-e-type=\"column\">\n\t\t\t<div class=\"elementor-widget-wrap elementor-element-populated\">\n\t\t\t\t\t\t<div class=\"elementor-element elementor-element-29b67e1 elementor-widget elementor-widget-image\" data-id=\"29b67e1\" data-element_type=\"widget\" data-e-type=\"widget\" data-widget_type=\"image.default\">\n\t\t\t\t<div class=\"elementor-widget-container\">\n\t\t\t\t\t\t\t\t\t\t\t\t\t\t\t<img fetchpriority=\"high\" decoding=\"async\" width=\"724\" height=\"1024\" src=\"https:\/\/www.gestaltkairos.com\/wp-content\/uploads\/2026\/04\/Flyers-Gestalt-Catalunya1-724x1024.png\" class=\"attachment-large size-large wp-image-31340\" alt=\"\" srcset=\"https:\/\/www.gestaltkairos.com\/wp-content\/uploads\/2026\/04\/Flyers-Gestalt-Catalunya1-724x1024.png 724w, https:\/\/www.gestaltkairos.com\/wp-content\/uploads\/2026\/04\/Flyers-Gestalt-Catalunya1-212x300.png 212w, https:\/\/www.gestaltkairos.com\/wp-content\/uploads\/2026\/04\/Flyers-Gestalt-Catalunya1-768x1086.png 768w, https:\/\/www.gestaltkairos.com\/wp-content\/uploads\/2026\/04\/Flyers-Gestalt-Catalunya1-1086x1536.png 1086w, https:\/\/www.gestaltkairos.com\/wp-content\/uploads\/2026\/04\/Flyers-Gestalt-Catalunya1-8x12.png 8w, https:\/\/www.gestaltkairos.com\/wp-content\/uploads\/2026\/04\/Flyers-Gestalt-Catalunya1.png 1414w\" sizes=\"(max-width: 724px) 100vw, 724px\" \/>\t\t\t\t\t\t\t\t\t\t\t\t\t\t\t<\/div>\n\t\t\t\t<\/div>\n\t\t\t\t\t<\/div>\n\t\t<\/div>\n\t\t\t\t<div class=\"elementor-column elementor-col-66 elementor-top-column elementor-element elementor-element-717406d ot-flex-column-vertical\" data-id=\"717406d\" data-element_type=\"column\" data-e-type=\"column\">\n\t\t\t<div class=\"elementor-widget-wrap elementor-element-populated\">\n\t\t\t\t\t\t<div class=\"elementor-element elementor-element-a0d5ec4 elementor-widget elementor-widget-iheading\" data-id=\"a0d5ec4\" data-element_type=\"widget\" data-e-type=\"widget\" data-widget_type=\"iheading.default\">\n\t\t\t\t<div class=\"elementor-widget-container\">\n\t\t\t\t\t\t\t<div class=\"ot-heading left-align\">\n\t\t\t\n\t\t\t\t\n\n\t        \t            <h6 class=\"sub-heading\"><span>Fundadora i directora de Gestalt\u00a0Kairos i de Psicoter\u00e0pia i Formaci\u00f3 Girona<\/span><\/h6>\n\t         \n\n\t        \t        \t<h2 class=\"main-heading\">Helena Bellod Blanes<\/h2>\n\t        \t    <\/div>\n\t    \t\t\t\t<\/div>\n\t\t\t\t<\/div>\n\t\t\t\t<div class=\"elementor-element elementor-element-f0784ea elementor-widget elementor-widget-text-editor\" data-id=\"f0784ea\" data-element_type=\"widget\" data-e-type=\"widget\" data-widget_type=\"text-editor.default\">\n\t\t\t\t<div class=\"elementor-widget-container\">\n\t\t\t\t\t\t\t\t\t<ul><li>Psic\u00f2loga General Sanit\u00e0ria (n\u00fam. col\u00b7legiada 18893)<\/li><li>Psicoterapeuta Gestalt<\/li><li>Membre Didacta, Supervisor i Titular de la AETG<\/li><li>Tesina: Teor\u00eda de Campo y Terapia Gestalt<\/li><li>Postgrau en Diagn\u00f2stic i Estrat\u00e8gies terap\u00e8utiques d&#8217;Intervenci\u00f3 en la Pr\u00e0ctica\u00a0Gest\u00e1ltica, amb Carmen V\u00e1zquez.<\/li><li>Curs Self in motion amb Ruella Frank (Nova York).<\/li><li>Formaci\u00f3 en psicopatologia gest\u00e1ltica en l&#8217;Institut Internazionale di Psicopatologia e Psicoter\u00e0pia della Gestalt, en Torino, It\u00e0lia, amb Gianni Francesetti.<\/li><li>Formaci\u00f3 en psicopatologia gest\u00e1ltica amb Carmen V\u00e1zquez, Margueritta Spagnuolo, Gianni Francesetti, en el centre de ter\u00e0pia i psicologia CTP, a Madrid.<\/li><li>Formaci\u00f3 en Bioenerg\u00e8tica, eines per al treball corporal.<\/li><li>Experi\u00e8ncia professional amb gent amb discapacitat intel\u00b7lectual i f\u00edsica.<\/li><li>Formadora i tutora de grups de Psicoter\u00e0pia Gest\u00e0ltica al Centre Gestalt Kairos.<\/li><li>He treballat en patologia mental al psiqui\u00e0tric de Salt i amb persones amb trastorns de conducta, trastorns alimentaris i TEA en diferents centres. He acompanyat menors i adolescents institucionalitzats.<\/li><li>He creat un curs d\u2019especialitzaci\u00f3 en Teoria de Camp i Psicopatologia dirigit a Psic\u00f2legs i terapeutes.<\/li><\/ul>\t\t\t\t\t\t\t\t<\/div>\n\t\t\t\t<\/div>\n\t\t\t\t<div class=\"elementor-element elementor-element-d5789b6 elementor-widget elementor-widget-text-editor\" data-id=\"d5789b6\" data-element_type=\"widget\" data-e-type=\"widget\" data-widget_type=\"text-editor.default\">\n\t\t\t\t<div class=\"elementor-widget-container\">\n\t\t\t\t\t\t\t\t\t<p>\u201cLa terapia consiste en convertir el dolor en belleza\u201d. Gianni Francesetti<\/p>\t\t\t\t\t\t\t\t<\/div>\n\t\t\t\t<\/div>\n\t\t\t\t<div class=\"elementor-element elementor-element-5a60495 elementor-mobile-align-center elementor-widget elementor-widget-button\" data-id=\"5a60495\" data-element_type=\"widget\" data-e-type=\"widget\" data-widget_type=\"button.default\">\n\t\t\t\t<div class=\"elementor-widget-container\">\n\t\t\t\t\t\t\t\t\t<div class=\"elementor-button-wrapper\">\n\t\t\t\t\t<a class=\"elementor-button elementor-button-link elementor-size-sm elementor-animation-grow\" href=\"https:\/\/www.gestaltkairos.com\/equip\/\">\n\t\t\t\t\t\t<span class=\"elementor-button-content-wrapper\">\n\t\t\t\t\t\t\t\t\t<span class=\"elementor-button-text\">Membres de l'equip<\/span>\n\t\t\t\t\t<\/span>\n\t\t\t\t\t<\/a>\n\t\t\t\t<\/div>\n\t\t\t\t\t\t\t\t<\/div>\n\t\t\t\t<\/div>\n\t\t\t\t<div class=\"elementor-element elementor-element-cdc8d90 elementor-widget elementor-widget-spacer\" data-id=\"cdc8d90\" data-element_type=\"widget\" data-e-type=\"widget\" data-widget_type=\"spacer.default\">\n\t\t\t\t<div class=\"elementor-widget-container\">\n\t\t\t\t\t\t\t<div class=\"elementor-spacer\">\n\t\t\t<div class=\"elementor-spacer-inner\"><\/div>\n\t\t<\/div>\n\t\t\t\t\t\t<\/div>\n\t\t\t\t<\/div>\n\t\t\t\t\t<\/div>\n\t\t<\/div>\n\t\t\t\t\t<\/div>\n\t\t<\/section>\n\t\t\t\t<\/div>\n\t\t","protected":false},"excerpt":{"rendered":"<p>El nostre equip Fundadora i directora de Gestalt\u00a0Kairos i de Psicoter\u00e0pia i Formaci\u00f3 Girona Helena Bellod Blanes Psic\u00f2loga General Sanit\u00e0ria (n\u00fam. col\u00b7legiada 18893) Psicoterapeuta Gestalt Membre Didacta, Supervisor i Titular de la AETG Tesina: Teor\u00eda de Campo y Terapia Gestalt Postgrau en Diagn\u00f2stic i Estrat\u00e8gies terap\u00e8utiques d&#8217;Intervenci\u00f3 en la Pr\u00e0ctica\u00a0Gest\u00e1ltica, amb Carmen V\u00e1zquez. Curs Self [&hellip;]<\/p>\n","protected":false},"author":1,"featured_media":0,"parent":0,"menu_order":0,"comment_status":"closed","ping_status":"closed","template":"","meta":{"footnotes":""},"class_list":["post-8268","page","type-page","status-publish","hentry"],"_links":{"self":[{"href":"https:\/\/www.gestaltkairos.com\/es\/wp-json\/wp\/v2\/pages\/8268","targetHints":{"allow":["GET"]}}],"collection":[{"href":"https:\/\/www.gestaltkairos.com\/es\/wp-json\/wp\/v2\/pages"}],"about":[{"href":"https:\/\/www.gestaltkairos.com\/es\/wp-json\/wp\/v2\/types\/page"}],"author":[{"embeddable":true,"href":"https:\/\/www.gestaltkairos.com\/es\/wp-json\/wp\/v2\/users\/1"}],"replies":[{"embeddable":true,"href":"https:\/\/www.gestaltkairos.com\/es\/wp-json\/wp\/v2\/comments?post=8268"}],"version-history":[{"count":72,"href":"https:\/\/www.gestaltkairos.com\/es\/wp-json\/wp\/v2\/pages\/8268\/revisions"}],"predecessor-version":[{"id":31377,"href":"https:\/\/www.gestaltkairos.com\/es\/wp-json\/wp\/v2\/pages\/8268\/revisions\/31377"}],"wp:attachment":[{"href":"https:\/\/www.gestaltkairos.com\/es\/wp-json\/wp\/v2\/media?parent=8268"}],"curies":[{"name":"wp","href":"https:\/\/api.w.org\/{rel}","templated":true}]}}