{"id":8327,"date":"2021-06-29T11:49:50","date_gmt":"2021-06-29T09:49:50","guid":{"rendered":"https:\/\/factoria81.dev\/gestaltcatalunya\/?page_id=8327"},"modified":"2026-04-16T13:07:58","modified_gmt":"2026-04-16T11:07:58","slug":"marta-michelena","status":"publish","type":"page","link":"https:\/\/www.gestaltkairos.com\/es\/marta-michelena\/","title":{"rendered":"Marta Michelena"},"content":{"rendered":"\t\t<div data-elementor-type=\"wp-page\" data-elementor-id=\"8327\" class=\"elementor elementor-8327\" data-elementor-post-type=\"page\">\n\t\t\t\t\t\t<section class=\"elementor-section elementor-top-section elementor-element elementor-element-dd09a64 elementor-section-boxed elementor-section-height-default elementor-section-height-default\" data-id=\"dd09a64\" data-element_type=\"section\" data-e-type=\"section\" data-settings=\"{&quot;background_background&quot;:&quot;slideshow&quot;,&quot;background_slideshow_gallery&quot;:[{&quot;id&quot;:12523,&quot;url&quot;:&quot;https:\\\/\\\/www.gestaltkairos.com\\\/wp-content\\\/uploads\\\/2023\\\/06\\\/1.jpg&quot;},{&quot;id&quot;:12535,&quot;url&quot;:&quot;https:\\\/\\\/www.gestaltkairos.com\\\/wp-content\\\/uploads\\\/2023\\\/06\\\/5.jpg&quot;}],&quot;background_slideshow_slide_duration&quot;:3000,&quot;background_slideshow_ken_burns&quot;:&quot;yes&quot;,&quot;background_slideshow_loop&quot;:&quot;yes&quot;,&quot;background_slideshow_slide_transition&quot;:&quot;fade&quot;,&quot;background_slideshow_transition_duration&quot;:500,&quot;background_slideshow_ken_burns_zoom_direction&quot;:&quot;in&quot;}\">\n\t\t\t\t\t\t\t<div class=\"elementor-background-overlay\"><\/div>\n\t\t\t\t\t\t\t<div class=\"elementor-container elementor-column-gap-default\">\n\t\t\t\t\t<div class=\"elementor-column elementor-col-50 elementor-top-column elementor-element elementor-element-83ed759 ot-flex-column-vertical\" data-id=\"83ed759\" data-element_type=\"column\" data-e-type=\"column\">\n\t\t\t<div class=\"elementor-widget-wrap elementor-element-populated\">\n\t\t\t\t\t\t<div class=\"elementor-element elementor-element-6f7879e elementor-widget elementor-widget-spacer\" data-id=\"6f7879e\" data-element_type=\"widget\" data-e-type=\"widget\" data-widget_type=\"spacer.default\">\n\t\t\t\t<div class=\"elementor-widget-container\">\n\t\t\t\t\t\t\t<div class=\"elementor-spacer\">\n\t\t\t<div class=\"elementor-spacer-inner\"><\/div>\n\t\t<\/div>\n\t\t\t\t\t\t<\/div>\n\t\t\t\t<\/div>\n\t\t\t\t<div class=\"elementor-element elementor-element-c1a409b elementor-widget-tablet__width-initial elementor-widget elementor-widget-iheading\" data-id=\"c1a409b\" data-element_type=\"widget\" data-e-type=\"widget\" data-widget_type=\"iheading.default\">\n\t\t\t\t<div class=\"elementor-widget-container\">\n\t\t\t\t\t\t\t<div class=\"ot-heading left-align\">\n\t\t\t\n\t\t\t\t\n\n\t         \n\n\t        \t        \t<h1 class=\"main-heading\">El nostre equip<\/h1>\n\t        \t    <\/div>\n\t    \t\t\t\t<\/div>\n\t\t\t\t<\/div>\n\t\t\t\t\t<\/div>\n\t\t<\/div>\n\t\t\t\t<div class=\"elementor-column elementor-col-50 elementor-top-column elementor-element elementor-element-5b9fb93 ot-column-items-bottom ot-flex-column-vertical\" data-id=\"5b9fb93\" data-element_type=\"column\" data-e-type=\"column\">\n\t\t\t<div class=\"elementor-widget-wrap\">\n\t\t\t\t\t\t\t<\/div>\n\t\t<\/div>\n\t\t\t\t\t<\/div>\n\t\t<\/section>\n\t\t\t\t<section class=\"elementor-section elementor-top-section elementor-element elementor-element-672e103 elementor-section-boxed elementor-section-height-default elementor-section-height-default\" data-id=\"672e103\" data-element_type=\"section\" data-e-type=\"section\">\n\t\t\t\t\t\t<div class=\"elementor-container elementor-column-gap-default\">\n\t\t\t\t\t<div class=\"elementor-column elementor-col-33 elementor-top-column elementor-element elementor-element-eff95bc ot-flex-column-vertical\" data-id=\"eff95bc\" data-element_type=\"column\" data-e-type=\"column\">\n\t\t\t<div class=\"elementor-widget-wrap elementor-element-populated\">\n\t\t\t\t\t\t<div class=\"elementor-element elementor-element-a2b4725 elementor-widget elementor-widget-image\" data-id=\"a2b4725\" data-element_type=\"widget\" data-e-type=\"widget\" data-widget_type=\"image.default\">\n\t\t\t\t<div class=\"elementor-widget-container\">\n\t\t\t\t\t\t\t\t\t\t\t\t\t\t\t<img fetchpriority=\"high\" decoding=\"async\" width=\"515\" height=\"773\" src=\"https:\/\/www.gestaltkairos.com\/wp-content\/uploads\/2021\/06\/Marta-Michelena.jpg\" class=\"attachment-large size-large wp-image-8185\" alt=\"Marta Michelena\" srcset=\"https:\/\/www.gestaltkairos.com\/wp-content\/uploads\/2021\/06\/Marta-Michelena.jpg 515w, https:\/\/www.gestaltkairos.com\/wp-content\/uploads\/2021\/06\/Marta-Michelena-200x300.jpg 200w\" sizes=\"(max-width: 515px) 100vw, 515px\" \/>\t\t\t\t\t\t\t\t\t\t\t\t\t\t\t<\/div>\n\t\t\t\t<\/div>\n\t\t\t\t\t<\/div>\n\t\t<\/div>\n\t\t\t\t<div class=\"elementor-column elementor-col-66 elementor-top-column elementor-element elementor-element-62c8a25 ot-flex-column-vertical\" data-id=\"62c8a25\" data-element_type=\"column\" data-e-type=\"column\">\n\t\t\t<div class=\"elementor-widget-wrap elementor-element-populated\">\n\t\t\t\t\t\t<div class=\"elementor-element elementor-element-0b22bf9 elementor-widget elementor-widget-iheading\" data-id=\"0b22bf9\" data-element_type=\"widget\" data-e-type=\"widget\" data-widget_type=\"iheading.default\">\n\t\t\t\t<div class=\"elementor-widget-container\">\n\t\t\t\t\t\t\t<div class=\"ot-heading left-align\">\n\t\t\t\n\t\t\t\t\n\n\t        \t            <h6 class=\"sub-heading\"><span>Terapeuta Gestalt<\/span><\/h6>\n\t         \n\n\t        \t        \t<h2 class=\"main-heading\">Marta Michelena<\/h2>\n\t        \t    <\/div>\n\t    \t\t\t\t<\/div>\n\t\t\t\t<\/div>\n\t\t\t\t<div class=\"elementor-element elementor-element-bab993a elementor-widget elementor-widget-text-editor\" data-id=\"bab993a\" data-element_type=\"widget\" data-e-type=\"widget\" data-widget_type=\"text-editor.default\">\n\t\t\t\t<div class=\"elementor-widget-container\">\n\t\t\t\t\t\t\t\t\t<ul><li>Terapeuta Gestalt.<\/li><li>Membre Didacta, Supervisor i Titular de la AETG<\/li><li>Postgrau en Psicopatologia Gest\u00e0ltica de la Costa Est amb Carmen Vazquez<\/li><li>1er nivell de Reprocessament del Trauma m\u00e8tode ALECES<\/li><li>Formada en el Sistema de Centres d&#8217;Energia (ter\u00e0pia corporal)<\/li><li>Formada en Educaci\u00f3 Viva pel centre CAIEV<\/li><li>Grau de Psicologia (en curs) per la UOC<\/li><li>Llicenciada en Periodisme per la UAB<\/li><li>M\u00e0ster en Globalitzaci\u00f3, Desenvolupament\u00a0 i Cooperaci\u00f3 per la UB<\/li><\/ul>\t\t\t\t\t\t\t\t<\/div>\n\t\t\t\t<\/div>\n\t\t\t\t<div class=\"elementor-element elementor-element-9f29ebe elementor-widget-mobile__width-inherit elementor-widget elementor-widget-text-editor\" data-id=\"9f29ebe\" data-element_type=\"widget\" data-e-type=\"widget\" data-widget_type=\"text-editor.default\">\n\t\t\t\t<div class=\"elementor-widget-container\">\n\t\t\t\t\t\t\t\t\t<p>\u201cLa terapia es la aceptaci\u00f3n amorosa de uno mismo, el otro y la vida\u201d<\/p>\t\t\t\t\t\t\t\t<\/div>\n\t\t\t\t<\/div>\n\t\t\t\t<div class=\"elementor-element elementor-element-d63ef7e elementor-mobile-align-center elementor-widget elementor-widget-button\" data-id=\"d63ef7e\" data-element_type=\"widget\" data-e-type=\"widget\" data-widget_type=\"button.default\">\n\t\t\t\t<div class=\"elementor-widget-container\">\n\t\t\t\t\t\t\t\t\t<div class=\"elementor-button-wrapper\">\n\t\t\t\t\t<a class=\"elementor-button elementor-button-link elementor-size-sm elementor-animation-grow\" href=\"https:\/\/www.gestaltkairos.com\/equip\/\">\n\t\t\t\t\t\t<span class=\"elementor-button-content-wrapper\">\n\t\t\t\t\t\t\t\t\t<span class=\"elementor-button-text\">Membres de l'equip<\/span>\n\t\t\t\t\t<\/span>\n\t\t\t\t\t<\/a>\n\t\t\t\t<\/div>\n\t\t\t\t\t\t\t\t<\/div>\n\t\t\t\t<\/div>\n\t\t\t\t\t<\/div>\n\t\t<\/div>\n\t\t\t\t\t<\/div>\n\t\t<\/section>\n\t\t\t\t<section class=\"elementor-section elementor-top-section elementor-element elementor-element-234b487 elementor-section-boxed elementor-section-height-default elementor-section-height-default\" data-id=\"234b487\" data-element_type=\"section\" data-e-type=\"section\">\n\t\t\t\t\t\t<div class=\"elementor-container elementor-column-gap-default\">\n\t\t\t\t\t<div class=\"elementor-column elementor-col-100 elementor-top-column elementor-element elementor-element-cf52540 ot-flex-column-vertical\" data-id=\"cf52540\" data-element_type=\"column\" data-e-type=\"column\">\n\t\t\t<div class=\"elementor-widget-wrap elementor-element-populated\">\n\t\t\t\t\t\t<div class=\"elementor-element elementor-element-9981e2e elementor-widget elementor-widget-spacer\" data-id=\"9981e2e\" data-element_type=\"widget\" data-e-type=\"widget\" data-widget_type=\"spacer.default\">\n\t\t\t\t<div class=\"elementor-widget-container\">\n\t\t\t\t\t\t\t<div class=\"elementor-spacer\">\n\t\t\t<div class=\"elementor-spacer-inner\"><\/div>\n\t\t<\/div>\n\t\t\t\t\t\t<\/div>\n\t\t\t\t<\/div>\n\t\t\t\t\t<\/div>\n\t\t<\/div>\n\t\t\t\t\t<\/div>\n\t\t<\/section>\n\t\t\t\t<\/div>\n\t\t","protected":false},"excerpt":{"rendered":"<p>El nostre equip Terapeuta Gestalt Marta Michelena Terapeuta Gestalt. Membre Didacta, Supervisor i Titular de la AETG Postgrau en Psicopatologia Gest\u00e0ltica de la Costa Est amb Carmen Vazquez 1er nivell de Reprocessament del Trauma m\u00e8tode ALECES Formada en el Sistema de Centres d&#8217;Energia (ter\u00e0pia corporal) Formada en Educaci\u00f3 Viva pel centre CAIEV Grau de Psicologia [&hellip;]<\/p>\n","protected":false},"author":1,"featured_media":0,"parent":0,"menu_order":0,"comment_status":"closed","ping_status":"closed","template":"","meta":{"footnotes":""},"class_list":["post-8327","page","type-page","status-publish","hentry"],"_links":{"self":[{"href":"https:\/\/www.gestaltkairos.com\/es\/wp-json\/wp\/v2\/pages\/8327","targetHints":{"allow":["GET"]}}],"collection":[{"href":"https:\/\/www.gestaltkairos.com\/es\/wp-json\/wp\/v2\/pages"}],"about":[{"href":"https:\/\/www.gestaltkairos.com\/es\/wp-json\/wp\/v2\/types\/page"}],"author":[{"embeddable":true,"href":"https:\/\/www.gestaltkairos.com\/es\/wp-json\/wp\/v2\/users\/1"}],"replies":[{"embeddable":true,"href":"https:\/\/www.gestaltkairos.com\/es\/wp-json\/wp\/v2\/comments?post=8327"}],"version-history":[{"count":46,"href":"https:\/\/www.gestaltkairos.com\/es\/wp-json\/wp\/v2\/pages\/8327\/revisions"}],"predecessor-version":[{"id":31359,"href":"https:\/\/www.gestaltkairos.com\/es\/wp-json\/wp\/v2\/pages\/8327\/revisions\/31359"}],"wp:attachment":[{"href":"https:\/\/www.gestaltkairos.com\/es\/wp-json\/wp\/v2\/media?parent=8327"}],"curies":[{"name":"wp","href":"https:\/\/api.w.org\/{rel}","templated":true}]}}