{"id":8405,"date":"2021-06-29T17:15:20","date_gmt":"2021-06-29T15:15:20","guid":{"rendered":"https:\/\/factoria81.dev\/gestaltcatalunya\/?page_id=8405"},"modified":"2024-09-12T13:30:31","modified_gmt":"2024-09-12T11:30:31","slug":"daya-mata","status":"publish","type":"page","link":"https:\/\/www.gestaltkairos.com\/es\/daya-mata\/","title":{"rendered":"Daya Mata"},"content":{"rendered":"\t\t<div data-elementor-type=\"wp-page\" data-elementor-id=\"8405\" class=\"elementor elementor-8405\" data-elementor-post-type=\"page\">\n\t\t\t\t\t\t<section class=\"elementor-section elementor-top-section elementor-element elementor-element-def5cbf elementor-section-boxed elementor-section-height-default elementor-section-height-default\" data-id=\"def5cbf\" data-element_type=\"section\" data-e-type=\"section\" data-settings=\"{&quot;background_background&quot;:&quot;slideshow&quot;,&quot;background_slideshow_gallery&quot;:[{&quot;id&quot;:12523,&quot;url&quot;:&quot;https:\\\/\\\/www.gestaltkairos.com\\\/wp-content\\\/uploads\\\/2023\\\/06\\\/1.jpg&quot;},{&quot;id&quot;:12535,&quot;url&quot;:&quot;https:\\\/\\\/www.gestaltkairos.com\\\/wp-content\\\/uploads\\\/2023\\\/06\\\/5.jpg&quot;}],&quot;background_slideshow_slide_duration&quot;:3000,&quot;background_slideshow_ken_burns&quot;:&quot;yes&quot;,&quot;background_slideshow_loop&quot;:&quot;yes&quot;,&quot;background_slideshow_slide_transition&quot;:&quot;fade&quot;,&quot;background_slideshow_transition_duration&quot;:500,&quot;background_slideshow_ken_burns_zoom_direction&quot;:&quot;in&quot;}\">\n\t\t\t\t\t\t\t<div class=\"elementor-background-overlay\"><\/div>\n\t\t\t\t\t\t\t<div class=\"elementor-container elementor-column-gap-default\">\n\t\t\t\t\t<div class=\"elementor-column elementor-col-50 elementor-top-column elementor-element elementor-element-490c008 ot-flex-column-vertical\" data-id=\"490c008\" data-element_type=\"column\" data-e-type=\"column\">\n\t\t\t<div class=\"elementor-widget-wrap elementor-element-populated\">\n\t\t\t\t\t\t<div class=\"elementor-element elementor-element-7b7f584 elementor-widget elementor-widget-spacer\" data-id=\"7b7f584\" data-element_type=\"widget\" data-e-type=\"widget\" data-widget_type=\"spacer.default\">\n\t\t\t\t<div class=\"elementor-widget-container\">\n\t\t\t\t\t\t\t<div class=\"elementor-spacer\">\n\t\t\t<div class=\"elementor-spacer-inner\"><\/div>\n\t\t<\/div>\n\t\t\t\t\t\t<\/div>\n\t\t\t\t<\/div>\n\t\t\t\t<div class=\"elementor-element elementor-element-76fca80 elementor-widget-tablet__width-initial elementor-widget elementor-widget-iheading\" data-id=\"76fca80\" data-element_type=\"widget\" data-e-type=\"widget\" data-widget_type=\"iheading.default\">\n\t\t\t\t<div class=\"elementor-widget-container\">\n\t\t\t\t\t\t\t<div class=\"ot-heading left-align\">\n\t\t\t\n\t\t\t\t\n\n\t         \n\n\t        \t        \t<h1 class=\"main-heading\">El nostre equip<\/h1>\n\t        \t    <\/div>\n\t    \t\t\t\t<\/div>\n\t\t\t\t<\/div>\n\t\t\t\t\t<\/div>\n\t\t<\/div>\n\t\t\t\t<div class=\"elementor-column elementor-col-50 elementor-top-column elementor-element elementor-element-b5872a0 ot-column-items-bottom ot-flex-column-vertical\" data-id=\"b5872a0\" data-element_type=\"column\" data-e-type=\"column\">\n\t\t\t<div class=\"elementor-widget-wrap\">\n\t\t\t\t\t\t\t<\/div>\n\t\t<\/div>\n\t\t\t\t\t<\/div>\n\t\t<\/section>\n\t\t\t\t<section class=\"elementor-section elementor-top-section elementor-element elementor-element-148f4d1 elementor-section-boxed elementor-section-height-default elementor-section-height-default\" data-id=\"148f4d1\" data-element_type=\"section\" data-e-type=\"section\">\n\t\t\t\t\t\t<div class=\"elementor-container elementor-column-gap-default\">\n\t\t\t\t\t<div class=\"elementor-column elementor-col-33 elementor-top-column elementor-element elementor-element-dfd32b8 ot-flex-column-vertical\" data-id=\"dfd32b8\" data-element_type=\"column\" data-e-type=\"column\">\n\t\t\t<div class=\"elementor-widget-wrap elementor-element-populated\">\n\t\t\t\t\t\t<div class=\"elementor-element elementor-element-93f0b2b elementor-widget elementor-widget-image\" data-id=\"93f0b2b\" data-element_type=\"widget\" data-e-type=\"widget\" data-widget_type=\"image.default\">\n\t\t\t\t<div class=\"elementor-widget-container\">\n\t\t\t\t\t\t\t\t\t\t\t\t\t\t\t<img fetchpriority=\"high\" decoding=\"async\" width=\"818\" height=\"1024\" src=\"https:\/\/www.gestaltkairos.com\/wp-content\/uploads\/2021\/06\/Daya-Mata-2-818x1024.jpg\" class=\"attachment-large size-large wp-image-8201\" alt=\"Daya Mata\" srcset=\"https:\/\/www.gestaltkairos.com\/wp-content\/uploads\/2021\/06\/Daya-Mata-2-818x1024.jpg 818w, https:\/\/www.gestaltkairos.com\/wp-content\/uploads\/2021\/06\/Daya-Mata-2-240x300.jpg 240w, https:\/\/www.gestaltkairos.com\/wp-content\/uploads\/2021\/06\/Daya-Mata-2-768x961.jpg 768w, https:\/\/www.gestaltkairos.com\/wp-content\/uploads\/2021\/06\/Daya-Mata-2-1227x1536.jpg 1227w, https:\/\/www.gestaltkairos.com\/wp-content\/uploads\/2021\/06\/Daya-Mata-2.jpg 1542w\" sizes=\"(max-width: 818px) 100vw, 818px\" \/>\t\t\t\t\t\t\t\t\t\t\t\t\t\t\t<\/div>\n\t\t\t\t<\/div>\n\t\t\t\t\t<\/div>\n\t\t<\/div>\n\t\t\t\t<div class=\"elementor-column elementor-col-66 elementor-top-column elementor-element elementor-element-f9b53f6 ot-flex-column-vertical\" data-id=\"f9b53f6\" data-element_type=\"column\" data-e-type=\"column\">\n\t\t\t<div class=\"elementor-widget-wrap elementor-element-populated\">\n\t\t\t\t\t\t<div class=\"elementor-element elementor-element-ccf15f4 elementor-widget elementor-widget-iheading\" data-id=\"ccf15f4\" data-element_type=\"widget\" data-e-type=\"widget\" data-widget_type=\"iheading.default\">\n\t\t\t\t<div class=\"elementor-widget-container\">\n\t\t\t\t\t\t\t<div class=\"ot-heading left-align\">\n\t\t\t\n\t\t\t\t\n\n\t        \t            <h6 class=\"sub-heading\"><span>Mestra i terapeuta de Reiki Usui<\/span><\/h6>\n\t         \n\n\t        \t        \t<h2 class=\"main-heading\">Daya Mata<\/h2>\n\t        \t    <\/div>\n\t    \t\t\t\t<\/div>\n\t\t\t\t<\/div>\n\t\t\t\t<div class=\"elementor-element elementor-element-8281db6 elementor-widget elementor-widget-text-editor\" data-id=\"8281db6\" data-element_type=\"widget\" data-e-type=\"widget\" data-widget_type=\"text-editor.default\">\n\t\t\t\t<div class=\"elementor-widget-container\">\n\t\t\t\t\t\t\t\t\t<ul><li>Mestra de Reiki Usui (3 nivells i Mestratge). Formada per la Mestra Ester Coll, Sant Feliu de Buixalleu.<\/li><li>Mestra de Yoga i meditaci\u00f3. Formada a l&#8217;Escola Viranananda Yoga Ashram, amb el Swami Viran.\u00a0Yoga International Institute<\/li><li>Curs de Flors de Bach. Formada per Montserrat Garc\u00eda (terapeuta de Flors de Bach i Aromater\u00e0pia).<\/li><li>Curs Eneagrama. Borja Vilaseca Institute.<\/li><li>Coaching Habilitats B\u00e0siques \/ PNL (Programaci\u00f3 Neuroling\u00fc\u00edstica) \/ Com parlar en p\u00fablic<\/li><li>Inteligencia Emocional \/ Las nuevas competencias emocionales y sociales aplicadas a la educaci\u00f3n y la empresa. Formaci\u00f3 impartida pel, Laboratorio de Aprendizaje Social y Emocional. Fundaci\u00f3n Eduardo Punset.<\/li><li>Coaching \/ Lideratge personal i d&#8217;equips \/ Orientaci\u00f3 al canvi: gesti\u00f3 de l&#8217;\u00e8xit i el frac\u00e0s. Formaci\u00f3 impartida pel coach Joan L\u00f3pez Cobo. Fundaci\u00f3 Paco Puerto.<\/li><li>An\u00e0lisi Transaccional \/ Creixement personal i professional. Formaci\u00f3 impartida pel coach David Alberca. FOEG, La Patronal Gironina.<\/li><li>Comunicaci\u00f3 No Verbal. Formaci\u00f3 impartida pel coach Joan L\u00f3pez Cobo. PIMEC, Petita i Mitjana Empresa de Catalunya.<\/li><li>Com vendre&#8217;s un mateix \/ Comunicaci\u00f3 No Verbal. Formaci\u00f3 impartida pel coach Joan L\u00f3pez Cobo. FOEG, La Patronal Gironina.<\/li><\/ul>\t\t\t\t\t\t\t\t<\/div>\n\t\t\t\t<\/div>\n\t\t\t\t<div class=\"elementor-element elementor-element-0e5c508 elementor-widget elementor-widget-text-editor\" data-id=\"0e5c508\" data-element_type=\"widget\" data-e-type=\"widget\" data-widget_type=\"text-editor.default\">\n\t\t\t\t<div class=\"elementor-widget-container\">\n\t\t\t\t\t\t\t\t\t<p>&#8220;So Ham&#8230; un dels canals que utilitza l&#8217;energia universal, per servir a la humanitat des del Sat Chit Ananda.&#8221; Daya Mata<\/p>\t\t\t\t\t\t\t\t<\/div>\n\t\t\t\t<\/div>\n\t\t\t\t<div class=\"elementor-element elementor-element-9de1265 elementor-mobile-align-center elementor-widget elementor-widget-button\" data-id=\"9de1265\" data-element_type=\"widget\" data-e-type=\"widget\" data-widget_type=\"button.default\">\n\t\t\t\t<div class=\"elementor-widget-container\">\n\t\t\t\t\t\t\t\t\t<div class=\"elementor-button-wrapper\">\n\t\t\t\t\t<a class=\"elementor-button elementor-button-link elementor-size-sm elementor-animation-grow\" href=\"https:\/\/www.gestaltkairos.com\/equip\/\">\n\t\t\t\t\t\t<span class=\"elementor-button-content-wrapper\">\n\t\t\t\t\t\t\t\t\t<span class=\"elementor-button-text\">Membres de l'equip<\/span>\n\t\t\t\t\t<\/span>\n\t\t\t\t\t<\/a>\n\t\t\t\t<\/div>\n\t\t\t\t\t\t\t\t<\/div>\n\t\t\t\t<\/div>\n\t\t\t\t<div class=\"elementor-element elementor-element-5c6d4b6 elementor-widget elementor-widget-spacer\" data-id=\"5c6d4b6\" data-element_type=\"widget\" data-e-type=\"widget\" data-widget_type=\"spacer.default\">\n\t\t\t\t<div class=\"elementor-widget-container\">\n\t\t\t\t\t\t\t<div class=\"elementor-spacer\">\n\t\t\t<div class=\"elementor-spacer-inner\"><\/div>\n\t\t<\/div>\n\t\t\t\t\t\t<\/div>\n\t\t\t\t<\/div>\n\t\t\t\t\t<\/div>\n\t\t<\/div>\n\t\t\t\t\t<\/div>\n\t\t<\/section>\n\t\t\t\t<\/div>\n\t\t","protected":false},"excerpt":{"rendered":"<p>El nostre equip Mestra i terapeuta de Reiki Usui Daya Mata Mestra de Reiki Usui (3 nivells i Mestratge). Formada per la Mestra Ester Coll, Sant Feliu de Buixalleu. Mestra de Yoga i meditaci\u00f3. Formada a l&#8217;Escola Viranananda Yoga Ashram, amb el Swami Viran.\u00a0Yoga International Institute Curs de Flors de Bach. Formada per Montserrat Garc\u00eda [&hellip;]<\/p>\n","protected":false},"author":1,"featured_media":0,"parent":0,"menu_order":0,"comment_status":"closed","ping_status":"closed","template":"","meta":{"footnotes":""},"class_list":["post-8405","page","type-page","status-publish","hentry"],"_links":{"self":[{"href":"https:\/\/www.gestaltkairos.com\/es\/wp-json\/wp\/v2\/pages\/8405","targetHints":{"allow":["GET"]}}],"collection":[{"href":"https:\/\/www.gestaltkairos.com\/es\/wp-json\/wp\/v2\/pages"}],"about":[{"href":"https:\/\/www.gestaltkairos.com\/es\/wp-json\/wp\/v2\/types\/page"}],"author":[{"embeddable":true,"href":"https:\/\/www.gestaltkairos.com\/es\/wp-json\/wp\/v2\/users\/1"}],"replies":[{"embeddable":true,"href":"https:\/\/www.gestaltkairos.com\/es\/wp-json\/wp\/v2\/comments?post=8405"}],"version-history":[{"count":35,"href":"https:\/\/www.gestaltkairos.com\/es\/wp-json\/wp\/v2\/pages\/8405\/revisions"}],"predecessor-version":[{"id":28841,"href":"https:\/\/www.gestaltkairos.com\/es\/wp-json\/wp\/v2\/pages\/8405\/revisions\/28841"}],"wp:attachment":[{"href":"https:\/\/www.gestaltkairos.com\/es\/wp-json\/wp\/v2\/media?parent=8405"}],"curies":[{"name":"wp","href":"https:\/\/api.w.org\/{rel}","templated":true}]}}