{"id":9808,"date":"2021-09-09T11:54:35","date_gmt":"2021-09-09T09:54:35","guid":{"rendered":"https:\/\/factoria81.dev\/gestaltcatalunya\/?page_id=9808"},"modified":"2026-04-08T12:47:45","modified_gmt":"2026-04-08T10:47:45","slug":"filmografia","status":"publish","type":"page","link":"https:\/\/www.gestaltkairos.com\/es\/filmografia\/","title":{"rendered":"Filmografia"},"content":{"rendered":"\t\t<div data-elementor-type=\"wp-page\" data-elementor-id=\"9808\" class=\"elementor elementor-9808\" data-elementor-post-type=\"page\">\n\t\t\t\t\t\t<section class=\"elementor-section elementor-top-section elementor-element elementor-element-68b7d37 elementor-section-boxed elementor-section-height-default elementor-section-height-default\" data-id=\"68b7d37\" data-element_type=\"section\" data-e-type=\"section\" data-settings=\"{&quot;background_background&quot;:&quot;slideshow&quot;,&quot;background_slideshow_gallery&quot;:[{&quot;id&quot;:29675,&quot;url&quot;:&quot;https:\\\/\\\/www.gestaltkairos.com\\\/wp-content\\\/uploads\\\/2024\\\/12\\\/1-1.jpg&quot;},{&quot;id&quot;:29676,&quot;url&quot;:&quot;https:\\\/\\\/www.gestaltkairos.com\\\/wp-content\\\/uploads\\\/2024\\\/12\\\/2-1.jpg&quot;}],&quot;background_slideshow_slide_duration&quot;:3000,&quot;background_slideshow_ken_burns&quot;:&quot;yes&quot;,&quot;background_slideshow_loop&quot;:&quot;yes&quot;,&quot;background_slideshow_slide_transition&quot;:&quot;fade&quot;,&quot;background_slideshow_transition_duration&quot;:500,&quot;background_slideshow_ken_burns_zoom_direction&quot;:&quot;in&quot;}\">\n\t\t\t\t\t\t\t<div class=\"elementor-background-overlay\"><\/div>\n\t\t\t\t\t\t\t<div class=\"elementor-container elementor-column-gap-default\">\n\t\t\t\t\t<div class=\"elementor-column elementor-col-50 elementor-top-column elementor-element elementor-element-46df1ea ot-flex-column-vertical\" data-id=\"46df1ea\" data-element_type=\"column\" data-e-type=\"column\">\n\t\t\t<div class=\"elementor-widget-wrap elementor-element-populated\">\n\t\t\t\t\t\t<div class=\"elementor-element elementor-element-93100d1 elementor-widget elementor-widget-spacer\" data-id=\"93100d1\" data-element_type=\"widget\" data-e-type=\"widget\" data-widget_type=\"spacer.default\">\n\t\t\t\t<div class=\"elementor-widget-container\">\n\t\t\t\t\t\t\t<div class=\"elementor-spacer\">\n\t\t\t<div class=\"elementor-spacer-inner\"><\/div>\n\t\t<\/div>\n\t\t\t\t\t\t<\/div>\n\t\t\t\t<\/div>\n\t\t\t\t<div class=\"elementor-element elementor-element-7078be2 elementor-widget-tablet__width-initial elementor-widget elementor-widget-iheading\" data-id=\"7078be2\" data-element_type=\"widget\" data-e-type=\"widget\" data-widget_type=\"iheading.default\">\n\t\t\t\t<div class=\"elementor-widget-container\">\n\t\t\t\t\t\t\t<div class=\"ot-heading left-align text-light\">\n\t\t\t\n\t\t\t\t\n\n\t        \t            <h5 class=\"sub-heading\"><span>Pel\u00b7l\u00edcules sobre psicologia, trastorns emocionals...<\/span><\/h5>\n\t         \n\n\t        \t        \t<h1 class=\"main-heading\">Filmografia Gestalt<\/h1>\n\t        \t    <\/div>\n\t    \t\t\t\t<\/div>\n\t\t\t\t<\/div>\n\t\t\t\t\t<\/div>\n\t\t<\/div>\n\t\t\t\t<div class=\"elementor-column elementor-col-50 elementor-top-column elementor-element elementor-element-9359d5b ot-column-items-bottom ot-flex-column-vertical\" data-id=\"9359d5b\" data-element_type=\"column\" data-e-type=\"column\">\n\t\t\t<div class=\"elementor-widget-wrap\">\n\t\t\t\t\t\t\t<\/div>\n\t\t<\/div>\n\t\t\t\t\t<\/div>\n\t\t<\/section>\n\t\t\t\t<section class=\"elementor-section elementor-top-section elementor-element elementor-element-98dbb93 elementor-section-boxed elementor-section-height-default elementor-section-height-default\" data-id=\"98dbb93\" data-element_type=\"section\" data-e-type=\"section\">\n\t\t\t\t\t\t<div class=\"elementor-container elementor-column-gap-default\">\n\t\t\t\t\t<div class=\"elementor-column elementor-col-100 elementor-top-column elementor-element elementor-element-a1c8492 ot-flex-column-vertical\" data-id=\"a1c8492\" data-element_type=\"column\" data-e-type=\"column\">\n\t\t\t<div class=\"elementor-widget-wrap elementor-element-populated\">\n\t\t\t\t\t\t<div class=\"elementor-element elementor-element-217c584 elementor-widget elementor-widget-iheading\" data-id=\"217c584\" data-element_type=\"widget\" data-e-type=\"widget\" data-widget_type=\"iheading.default\">\n\t\t\t\t<div class=\"elementor-widget-container\">\n\t\t\t\t\t\t\t<div class=\"ot-heading left-align\">\n\t\t\t\n\t\t\t\t\n\n\t        \t            <h5 class=\"sub-heading\"><span>Pel\u00b7l\u00edcules sobre temes psicol\u00f2gics i emocionals<\/span><\/h5>\n\t         \n\n\t        \t        \t<h2 class=\"main-heading\">Filmografia recomanada<\/h2>\n\t        \t    <\/div>\n\t    \t\t\t\t<\/div>\n\t\t\t\t<\/div>\n\t\t\t\t<div class=\"elementor-element elementor-element-48d417a elementor-widget elementor-widget-text-editor\" data-id=\"48d417a\" data-element_type=\"widget\" data-e-type=\"widget\" data-widget_type=\"text-editor.default\">\n\t\t\t\t<div class=\"elementor-widget-container\">\n\t\t\t\t\t\t\t\t\t<p><strong>A cualquier otro lugar.<\/strong><br \/>Director: Wayne Wang<\/p><p>Trastorn de personalitat.<\/p><p><strong>Almas gemelas.<\/strong><br \/>Director: Drake Doremus<\/p><p>Psicosis.<\/p><p><strong>American psycho.<\/strong><br \/>Director: Mary Harron<\/p><p>Trastorn antisocial.<\/p><p><strong>Atr\u00e1pame si puedes.<\/strong><br \/>Director: Steven Spielberg<\/p><p>Megalomania.<\/p><p><strong>Cisne negro<\/strong>.<br \/>Director: Darren Aronofsky.<\/p><p>Esquizofr\u00e8nia. \u00c9s una pel\u00b7l\u00edcula de suspens psicol\u00f2gic que narra la vida d\u2019una ballarina i la seva lluita pel paper principal de l\u2019obra de ballet \u201cEl Llac dels Cignes\u201d. Forma part de la filmografia perqu\u00e8 a la pel\u00b7l\u00edcula podem veure com la protagonista es desviu per arribar a la perfecci\u00f3 i t\u00e9 varies experi\u00e8ncies psic\u00f2tiques que la porten al l\u00edmit.<\/p><p><strong>Diecisiete.<\/strong><br \/>Director: Daniel S\u00e1nchez Ar\u00e9valo.<\/p><p>Aquesta pel\u00b7l\u00edcula mostra la relaci\u00f3 que tenen dos germans i l\u2019\u00e0via. Mostra com hi ha un profund vincle d\u2019amor que els uneix. Una pel\u00b7l\u00edcula senzilla i emotiva.<\/p><p><strong>El circo de las mariposas.<\/strong><br \/>Director: Joshua Weigel<\/p><p>Potencial de la transformaci\u00f3.<\/p><p><strong>El clan del oso cavernario.<\/strong><br \/>Director: Michael Chapman<\/p><p>La trama va de la import\u00e0ncia de formar part d\u2019un clan, i qu\u00e8 passa quan no \u00e9s aix\u00ed. La protagonista paga les conseq\u00fc\u00e8ncies de formar part del mateix clan.<\/p><p><strong>El discurso del rey.<\/strong><br \/>Director: Tom Hooper<\/p><p>Forma part de la filmografia perqu\u00e8 \u00e9s \u00fatil per observar l\u2019enfoc terap\u00e8utic gest\u00e0ltic.<\/p><p><strong>El guerrero pac\u00edfico.<\/strong><br \/>Director: Victor Salva<\/p><p>Superar obstacles i trobar-se a un mateix.<\/p><p>Dan Millman \u00e9s un jove esportista d&#8217;\u00e8xit i campi\u00f3 ol\u00edmpic que ho t\u00e9 tot: fama, fortuna i noies. Per\u00f2 la seva vida donar\u00e0 un tomb quan, un dia, t\u00e9 una lesi\u00f3 i coneix en una gasolinera a un estrany home que li ensenyar\u00e0 nous m\u00f3ns de for\u00e7a, l&#8217;entesa i el poder de l&#8217;aqu\u00ed i ara.<\/p><p><strong>El ladr\u00f3n de orqu\u00eddeas.<\/strong><br \/>Director: Spike Jonze<\/p><p>Trastorn de l&#8217;estat d\u2019\u00e0nim.<\/p><p><strong>El lado bueno de las cosas.<\/strong><br \/>Director: David O. Russell<\/p><p>Bipolaritat.<\/p><p><strong>El rubio.<\/strong><br \/>Director: Marco Berger.<\/p><p>Dos companys de treball s&#8217;enamoren en un context advers i tracten d&#8217;amagar la seva homosexualitat. La trama es deslliga quan un fuster lloga una habitaci\u00f3 per a treballar, per\u00f2 r\u00e0pidament es converteixen en alguna cosa m\u00e9s que companys de casa. No obstant aix\u00f2, tots dos tenen altres relacions. Bona pel\u00b7l\u00edcula per poder observar com els introjectes socials repercuteixen en els personatges.<\/p><p><strong>El show de Truman.<\/strong><br \/>Director: Peter Weir<\/p><p>Experiment pervers i com de manipuladora pot ser la societat.<\/p><p><strong>Hacia rutas salvajes (Into the Wild).<\/strong><br \/>Director: Sean Penn<\/p><p>El viatge cap a un mateix \u00e9s sanador. A principis dels anys noranta, un jove abandona el seu nom, la fam\u00edlia, totes les possessions i els plans de futur dins un m\u00f3n civilitzat per endinsar-se en una vida salvatge, en contacte amb la natura, i descobrir l\u2019aut\u00e8ntic sentit de la vida.<\/p><p><strong>Hedwig and the angry inch.<\/strong><br \/>Directora: John Cameron Mitchell<\/p><p>Musical sobre una banda de rock and roll. Film dirigit per una dona transg\u00e8nere procedent de l&#8217;Est alemany. Hedwig comen\u00e7a explicant la hist\u00f2ria de la seva vida, la qual comen\u00e7a quan ella era Hansel Schmidt, un &#8220;nen afeminat&#8221; que vivia al Berl\u00edn Est. Criat per una mare emocionalment distant despr\u00e9s que el seu pare, un soldat Americ\u00e0, els abandon\u00e9s, Hansel es consola en el seu amor per la m\u00fasica rock.<\/p><p><strong>Inocencia interrumpida.<\/strong><br \/>Director: James Mangold<\/p><p>Trastorn l\u00edmit de la personalitat.<\/p><p><strong>Joker.<\/strong><br \/>Director: Todd Philips<\/p><p>\u00c9s una pel\u00b7l\u00edcula de suspens i drama psicol\u00f2gic basada en el Joker, un personatge de DC C\u00f2mics (una editorial de c\u00f2mics d\u2019EEUU). El protagonista \u00e9s un aspirant a comediant que viu en els suburbis de Gotham City i t\u00e9 un trastorn que el fa riure desmesuradament en situacions inapropiades. Despr\u00e9s de que una colla de delinq\u00fcents ataca a Arthur, el seu company de feina li dona una arma per a protegir-se i a partir d\u2019aqu\u00ed es succeeixen una s\u00e8rie de fets que canviaran radicalment la vida d\u2019Arthur. La pel\u00b7l\u00edcula ens convida a reflexionar sobre com afecta a l\u2019organisme l\u2019ambient en el que es desenvolupa, aix\u00ed com sobre el triangle dram\u00e0tic de Karpman: v\u00edctima, botx\u00ed, salvador.<\/p><p><strong>La noia danesa.<\/strong><br \/>Director: Tom Hooper<\/p><p>Ens trasllada a la Dinamarca dels anys 30 per explicar-nos la hist\u00f2ria del primer transsexual. Einar Wegener va deixar sortir per un moment a Lili Elbe i ja no hi va haver marxa enrere. Ella va ser la primera persona a la que es va aplicar la reassignaci\u00f3 de sexe i, encara que no sort\u00eds com s&#8217;esperava, el seu coratge va servir d&#8217;exemple per a tots aquells que van venir despr\u00e9s.<\/p><p><strong>La pianista.<\/strong><br \/>Director: Michael Haneke<\/p><p>Dues dones hereten una ferida i no saben relacionar-se. A la gestalt aprenem a viure amb els nostres dimonis, els escoltem i no els rebutgem.<\/p><p><strong>La vida de Ad\u00e8le.<\/strong><br \/>Director: Abdellatif Kechiche<\/p><p>La vida d&#8217;Ad\u00e8le \u00e9s una de les pel\u00b7l\u00edcules rom\u00e0ntiques millor valorades i m\u00e9s premiades dels \u00faltims anys. Per qu\u00e8? Probablement per la seva brutal honestedat i per explicar una hist\u00f2ria d&#8217;amor en la qual t&#8217;oblides del g\u00e8nere dels seus protagonistes als cinc minuts. Una hist\u00f2ria d&#8217;amor, sense etiquetes.<\/p><p><strong>Las horas.<\/strong><br \/>Director: Stephen Daldry<\/p><p>Trastorn emocional.<\/p><p><strong>Las dos caras de la verdad.<\/strong><br \/>Director: Gregory Hoblit<\/p><p>Trastorn dissociatiu.<\/p><p><strong>Los idiotas.<\/strong><br \/>Director: Lars Von Trier<\/p><p>Film purista del moviment cinematogr\u00e0fic Dogma 95.<\/p><p><strong>Martin (Hache).<\/strong><br \/>Director: Adolfo Aristarain<\/p><p>\u00c9s una pel\u00b7l\u00edcula que sap molt b\u00e9 en quin terreny es mou, i per aix\u00f2 el seu gui\u00f3 no busca res m\u00e9s que tractar la relaci\u00f3 d&#8217;un pare amb el seu fill i l&#8217;ona expansiva que aquesta relaci\u00f3 deixa. El gui\u00f3 \u00e9s reflexiu i punyent. El tracte que li dona a les drogues, a la relaci\u00f3 pare-fill, all frac\u00e0s i a l&#8217;\u00e8xit, a les esperances de futur i a l&#8217;amor i la fam\u00edlia s\u00f3n de primer nivell. Aquesta pel\u00b7l\u00edcula ens dona bon compte de com en la vida hi ha una fam\u00edlia que et ve donada, i una altra que tries tu. Per\u00f2 tamb\u00e9 com darrere de persones que a priori semblen fracassades tamb\u00e9 es troba una perla que espera sortir a la llum.<\/p><p><strong>Margaret.<\/strong><br \/>Director: Kenneth Lonergan<\/p><p>Estr\u00e9s posttraum\u00e0tic.<\/p><p><strong>Maurice.<\/strong><br \/>Director: James Ivory<\/p><p>Pel\u00b7l\u00edcula de drama rom\u00e0ntic brit\u00e0nica basada en la novel\u00b7la hom\u00f2nima escrita per E. M. Forster. La hist\u00f2ria se situa a l&#8217;Anglaterra victoriana de finals de segle XIX i comen\u00e7ament del S. XX. Maurici Hall, a l&#8217;edat de 14 anys, rep una xerrada del seu mestre sobre el sexe i les dones. Aquesta escena estableix el to de la resta de la pel\u00b7l\u00edcula, doncs Maurice se sent a\u00efllat, i excl\u00f2s de la idea adulta del matrimoni amb una dona com a meta a la vida.<\/p><p><strong>Mejor imposible.<\/strong><br \/>Director: James L. Brooks<\/p><p>T.O.C. (Trastorn Obsessiu Compulsiu)<\/p><p><strong>Memento.<\/strong><br \/>Director: Christopher Nolan<\/p><p>Amn\u00e8sia.<\/p><p><strong>Mr. Jones.<\/strong><br \/>Director: Mike Figgis<\/p><p>Bipolaritat.<\/p><p><strong>\u00a1Olv\u00eddate de m\u00ed!<\/strong><br \/>Director: Michel Gondry<\/p><p>En Joel rep un terrible cop quan descobreix que la seva parella Clementine ha fet que esborrin de la seva mem\u00f2ria tots els records de la seva tempestuosa relaci\u00f3. Desesperat, es posa en contacte amb el creador del proc\u00e9s, el Dr. Howard Mierzwiak, perqu\u00e8 esborri a Clementine de la seva mem\u00f2ria. Per\u00f2 quan els records de Joel comencen a desapar\u00e8ixer, de sobte redescobreix el seu amor per Clementine. Des del m\u00e9s profund del seu cervell intentar\u00e0 aturar el proc\u00e9s.<\/p><p><strong>Shortbus.<\/strong><br \/>Director: John Cameron Mitchell<\/p><p>La pel\u00b7l\u00edcula cont\u00e9 escenes de sexe expl\u00edcit. Tanmateix, no es tracta de pornografia, sin\u00f3 d\u2019una mirada sobre les emocions humanes i la relaci\u00f3 amb el sexe. \u00c9s, a m\u00e9s a m\u00e9s, un retrat de la sexualitat a occident en l\u2019\u00faltima d\u00e8cada: un mosaic d\u2019experi\u00e8ncies intersexuals on el plaer es viscut com un buit imprescindible<\/p><p><strong>Soy leyenda.<\/strong><br \/>Director: Francis Lawrence<\/p><p>Import\u00e0ncia de l\u2019altre. L\u2019ajust creatiu.<\/p><p><strong>Spek.<\/strong><br \/>Directora: Jessica Sharzer<\/p><p>Estr\u00e9s postraum\u00e0tic.<\/p><p><strong>Sybil.<\/strong><br \/>Director: Joseph Sargent<\/p><p>Personalitat m\u00faltiple.<\/p><p><strong>Un \u00e1ngel en mi mesa.<\/strong><br \/>Director: Jane Campion<\/p><p>Depressi\u00f3.<\/p><p><strong>Un buda.<\/strong><br \/>Director: Diego Rafecas<\/p><p>La pel\u00b7l\u00edcula argentina explica la hist\u00f2ria de dos germans a Buenos Aires. Ens narra la trobada i el viatge de dos germans i especialment del m\u00e9s jove, en la seva lluita interior i la seva recerca espiritual. Mentre que el germ\u00e0 gran \u00e9s professor de filosofia a la Universitat de Buenos Aires, qui amb la seva ment racional q\u00fcestiona totes les revelacions budistes del seu germ\u00e0 menor que no deixa de buscar el seu lloc en la vida.<\/p><p><strong>Un d\u00eda de f\u00faria.<\/strong><br \/>Director: Joel Schumacher<\/p><p>Brot psic\u00f2tic.<\/p><p><strong>Un dios salvaje.<\/strong><br \/>Director: Roman Polanski<\/p><p>Poder observar els diferents eneatips de cada personatge.<\/p><p><strong>Verbo.<\/strong><br \/>Director: Eduardo Chapero-Jackson<\/p><p>Enfrontar-te a les teves pors i la teva responsabilitat.<\/p><p><strong>Vertigo.<\/strong><br \/>Director: Alfred Hitchcock<\/p><p>Ansietat, depressi\u00f3.<\/p><p><strong>Vestida para matar.<\/strong><br \/>Director:Brian De Palma<\/p><p>Trastorn sexual.<\/p><p><strong>\u201cXXY\u201d.<\/strong><br \/>Directora: Luc\u00eda Puenzo<\/p><p>Tracta la hist\u00f2ria d&#8217;una persona intersexual de 15 anys que juntament amb els seus pares fuig a una petita vila enfront de la mar per evitar ser rebutjada per la societat i aprendre a acceptar la seva condici\u00f3. La pel\u00b7l\u00edcula est\u00e0 basada en un conte de Sergio Bizzio, &#8220;Cinisme&#8221;.<\/p>\t\t\t\t\t\t\t\t<\/div>\n\t\t\t\t<\/div>\n\t\t\t\t\t<\/div>\n\t\t<\/div>\n\t\t\t\t\t<\/div>\n\t\t<\/section>\n\t\t\t\t<\/div>\n\t\t","protected":false},"excerpt":{"rendered":"<p>Pel\u00b7l\u00edcules sobre psicologia, trastorns emocionals&#8230; Filmografia Gestalt Pel\u00b7l\u00edcules sobre temes psicol\u00f2gics i emocionals Filmografia recomanada A cualquier otro lugar.Director: Wayne Wang Trastorn de personalitat. Almas gemelas.Director: Drake Doremus Psicosis. American psycho.Director: Mary Harron Trastorn antisocial. Atr\u00e1pame si puedes.Director: Steven Spielberg Megalomania. Cisne negro.Director: Darren Aronofsky. Esquizofr\u00e8nia. \u00c9s una pel\u00b7l\u00edcula de suspens psicol\u00f2gic que narra la [&hellip;]<\/p>\n","protected":false},"author":1,"featured_media":0,"parent":0,"menu_order":0,"comment_status":"closed","ping_status":"closed","template":"","meta":{"footnotes":""},"class_list":["post-9808","page","type-page","status-publish","hentry"],"_links":{"self":[{"href":"https:\/\/www.gestaltkairos.com\/es\/wp-json\/wp\/v2\/pages\/9808","targetHints":{"allow":["GET"]}}],"collection":[{"href":"https:\/\/www.gestaltkairos.com\/es\/wp-json\/wp\/v2\/pages"}],"about":[{"href":"https:\/\/www.gestaltkairos.com\/es\/wp-json\/wp\/v2\/types\/page"}],"author":[{"embeddable":true,"href":"https:\/\/www.gestaltkairos.com\/es\/wp-json\/wp\/v2\/users\/1"}],"replies":[{"embeddable":true,"href":"https:\/\/www.gestaltkairos.com\/es\/wp-json\/wp\/v2\/comments?post=9808"}],"version-history":[{"count":44,"href":"https:\/\/www.gestaltkairos.com\/es\/wp-json\/wp\/v2\/pages\/9808\/revisions"}],"predecessor-version":[{"id":31098,"href":"https:\/\/www.gestaltkairos.com\/es\/wp-json\/wp\/v2\/pages\/9808\/revisions\/31098"}],"wp:attachment":[{"href":"https:\/\/www.gestaltkairos.com\/es\/wp-json\/wp\/v2\/media?parent=9808"}],"curies":[{"name":"wp","href":"https:\/\/api.w.org\/{rel}","templated":true}]}}